{"id":612,"date":"2023-09-26T21:55:42","date_gmt":"2023-09-26T16:55:42","guid":{"rendered":"https:\/\/avonponmeaprueba.com\/col\/?page_id=612"},"modified":"2025-03-06T11:30:01","modified_gmt":"2025-03-06T16:30:01","slug":"ponmeaprueba","status":"publish","type":"page","link":"https:\/\/avonponmeaprueba.com\/col\/ponmeaprueba\/","title":{"rendered":"#PONMEAPRUEBA"},"content":{"rendered":"\t\t<div data-elementor-type=\"wp-page\" data-elementor-id=\"612\" class=\"elementor elementor-612\" data-elementor-post-type=\"page\">\n\t\t\t\t\t\t<section class=\"elementor-section elementor-top-section elementor-element elementor-element-425066e elementor-section-full_width elementor-section-height-default elementor-section-height-default\" data-id=\"425066e\" data-element_type=\"section\">\n\t\t\t\t\t\t<div class=\"elementor-container elementor-column-gap-default\">\n\t\t\t\t\t<div class=\"elementor-column elementor-col-100 elementor-top-column elementor-element elementor-element-ac76aac\" data-id=\"ac76aac\" data-element_type=\"column\">\n\t\t\t<div class=\"elementor-widget-wrap elementor-element-populated\">\n\t\t\t\t\t\t<div class=\"elementor-element elementor-element-0ed1bfc elementor-pagination-position-inside elementor-arrows-position-inside elementor-widget elementor-widget-image-carousel\" data-id=\"0ed1bfc\" data-element_type=\"widget\" data-settings=\"{&quot;slides_to_show&quot;:&quot;1&quot;,&quot;navigation&quot;:&quot;both&quot;,&quot;autoplay&quot;:&quot;yes&quot;,&quot;pause_on_hover&quot;:&quot;yes&quot;,&quot;pause_on_interaction&quot;:&quot;yes&quot;,&quot;autoplay_speed&quot;:5000,&quot;infinite&quot;:&quot;yes&quot;,&quot;effect&quot;:&quot;slide&quot;,&quot;speed&quot;:500}\" data-widget_type=\"image-carousel.default\">\n\t\t\t\t<div class=\"elementor-widget-container\">\n\t\t\t\t\t\t\t<div class=\"elementor-image-carousel-wrapper swiper\" role=\"region\" aria-roledescription=\"carousel\" aria-label=\"Carrusel de im\u00e1genes\" dir=\"ltr\">\n\t\t\t<div class=\"elementor-image-carousel swiper-wrapper swiper-image-stretch\" aria-live=\"off\">\n\t\t\t\t\t\t\t\t<div class=\"swiper-slide\" role=\"group\" aria-roledescription=\"slide\" aria-label=\"1 de 1\"><figure class=\"swiper-slide-inner\"><img decoding=\"async\" class=\"swiper-slide-image\" src=\"https:\/\/avonponmeaprueba.com\/col\/wp-content\/uploads\/2025\/03\/Banner-ponme-a-prueba-y-enamorate.jpg\" alt=\"Banner-ponme-a-prueba-y-enamo\u0301rate\" \/><\/figure><\/div>\t\t\t<\/div>\n\t\t\t\t\t<\/div>\n\t\t\t\t\t\t<\/div>\n\t\t\t\t<\/div>\n\t\t\t\t\t<\/div>\n\t\t<\/div>\n\t\t\t\t\t<\/div>\n\t\t<\/section>\n\t\t<div class=\"elementor-element elementor-element-0864cf6 e-flex e-con-boxed e-con e-parent\" data-id=\"0864cf6\" data-element_type=\"container\">\n\t\t\t\t\t<div class=\"e-con-inner\">\n\t\t\t\t<div class=\"elementor-element elementor-element-f625aca elementor-widget elementor-widget-text-editor\" data-id=\"f625aca\" data-element_type=\"widget\" data-widget_type=\"text-editor.default\">\n\t\t\t\t<div class=\"elementor-widget-container\">\n\t\t\t\t\t\t\t\t\t<strong style=\"color: #d8094c;\">Te damos la bienvenida al lugar d\u00f3nde tu valoraci\u00f3n es lo m\u00e1s importante.<\/strong>\n\n\u00a1Cuando descubres algo realmente bueno te dan ganas de compartirlo!\n\nLa invitaci\u00f3n es a que pongas a prueba los productos Avon m\u00e1s amados del momento\ny nos cuentes tu experiencia.\n\n<strong>Si ya pusiste a prueba los productos que encuentras aqu\u00ed, calif\u00edcalo con estrellas<\/strong>\n<strong>y d\u00e9janos saber por qu\u00e9 le diste esta valoraci\u00f3n.<\/strong>\t\t\t\t\t\t\t\t<\/div>\n\t\t\t\t<\/div>\n\t\t\t\t\t<\/div>\n\t\t\t\t<\/div>\n\t\t<div class=\"elementor-element elementor-element-92c65a1 e-con-full e-flex e-con e-parent\" data-id=\"92c65a1\" data-element_type=\"container\">\n\t\t\t\t<div class=\"elementor-element elementor-element-cbf668f bdt-pagination-hide-yes bdt-carousel-style-carousel elementor-widget elementor-widget-prime-slider-tango\" data-id=\"cbf668f\" data-element_type=\"widget\" data-widget_type=\"prime-slider-tango.default\">\n\t\t\t\t<div class=\"elementor-widget-container\">\n\t\t\t\t\t\t\t<div class=\"bdt-prime-slider\">\n\t\t<div id=\"bdt-prime-slider-cbf668f\" class=\"bdt-prime-slider-tango elementor-swiper\" bdt-height-match=\"target: &gt; div &gt; div &gt; div &gt; .bdt-slider-item\" data-settings=\"{&quot;autoplay&quot;:{&quot;delay&quot;:5000},&quot;loop&quot;:true,&quot;speed&quot;:900,&quot;slidesPerView&quot;:1,&quot;slidesPerGroup&quot;:1,&quot;centeredSlides&quot;:true,&quot;effect&quot;:&quot;carousel&quot;,&quot;breakpoints&quot;:{&quot;768&quot;:{&quot;slidesPerView&quot;:2,&quot;spaceBetween&quot;:0,&quot;slidesPerGroup&quot;:1},&quot;1024&quot;:{&quot;slidesPerView&quot;:3,&quot;spaceBetween&quot;:40,&quot;slidesPerGroup&quot;:1}},&quot;navigation&quot;:{&quot;nextEl&quot;:&quot;#bdt-prime-slider-cbf668f .bdt-navigation-next&quot;,&quot;prevEl&quot;:&quot;#bdt-prime-slider-cbf668f .bdt-navigation-prev&quot;},&quot;pagination&quot;:{&quot;el&quot;:&quot;#bdt-prime-slider-cbf668f .swiper-pagination&quot;,&quot;clickable&quot;:&quot;true&quot;},&quot;coverflowEffect&quot;:{&quot;rotate&quot;:0,&quot;stretch&quot;:180,&quot;depth&quot;:100,&quot;modifier&quot;:1,&quot;slideShadows&quot;:true}}\">\n\t\t\t<div class=\"swiper-tango swiper\" role=\"region\" aria-roledescription=\"carousel\" aria-label=\"Tango Slider\" dir=\"ltr\">\n\t\t\t\t<div class=\"swiper-wrapper\">\n\t\t\n            <div class=\"swiper-slide bdt-item\">\n\t\t\t\t<div class=\"bdt-image-wrap\">\n\t\t\t\t\t<img fetchpriority=\"high\" decoding=\"async\" width=\"377\" height=\"472\" src=\"https:\/\/avonponmeaprueba.com\/col\/wp-content\/uploads\/2023\/09\/ponme2.png\" class=\"bdt-img\" alt=\"01\" srcset=\"https:\/\/avonponmeaprueba.com\/col\/wp-content\/uploads\/2023\/09\/ponme2.png 377w, https:\/\/avonponmeaprueba.com\/col\/wp-content\/uploads\/2023\/09\/ponme2-240x300.png 240w\" sizes=\"(max-width: 377px) 100vw, 377px\" \/>\t\t\t\t<\/div>\n\t\t\t\t<div class=\"bdt-content-wrap\">\n\n\t\t\t\t\n\t\t\t\t\t\t\t\t\t<\/div>\n\t\t\t\t\t\t\t<\/div>\n\n        \n            <div class=\"swiper-slide bdt-item\">\n\t\t\t\t<div class=\"bdt-image-wrap\">\n\t\t\t\t\t<img decoding=\"async\" width=\"377\" height=\"472\" src=\"https:\/\/avonponmeaprueba.com\/col\/wp-content\/uploads\/2025\/03\/Far-Away-Resena.png\" class=\"bdt-img\" alt=\"02\" srcset=\"https:\/\/avonponmeaprueba.com\/col\/wp-content\/uploads\/2025\/03\/Far-Away-Resena.png 377w, https:\/\/avonponmeaprueba.com\/col\/wp-content\/uploads\/2025\/03\/Far-Away-Resena-240x300.png 240w\" sizes=\"(max-width: 377px) 100vw, 377px\" \/>\t\t\t\t<\/div>\n\t\t\t\t<div class=\"bdt-content-wrap\">\n\n\t\t\t\t\n\t\t\t\t\t\t\t\t\t<\/div>\n\t\t\t\t\t\t\t<\/div>\n\n        \n            <div class=\"swiper-slide bdt-item\">\n\t\t\t\t<div class=\"bdt-image-wrap\">\n\t\t\t\t\t<img decoding=\"async\" width=\"377\" height=\"472\" src=\"https:\/\/avonponmeaprueba.com\/col\/wp-content\/uploads\/2023\/09\/ponme3.png\" class=\"bdt-img\" alt=\"03\" srcset=\"https:\/\/avonponmeaprueba.com\/col\/wp-content\/uploads\/2023\/09\/ponme3.png 377w, https:\/\/avonponmeaprueba.com\/col\/wp-content\/uploads\/2023\/09\/ponme3-240x300.png 240w\" sizes=\"(max-width: 377px) 100vw, 377px\" \/>\t\t\t\t<\/div>\n\t\t\t\t<div class=\"bdt-content-wrap\">\n\n\t\t\t\t\n\t\t\t\t\t\t\t\t\t<\/div>\n\t\t\t\t\t\t\t<\/div>\n\n        \n            <div class=\"swiper-slide bdt-item\">\n\t\t\t\t<div class=\"bdt-image-wrap\">\n\t\t\t\t\t<img loading=\"lazy\" decoding=\"async\" width=\"2048\" height=\"2560\" src=\"https:\/\/avonponmeaprueba.com\/col\/wp-content\/uploads\/2023\/11\/Serum-scaled.jpg\" class=\"bdt-img\" alt=\"04\" srcset=\"https:\/\/avonponmeaprueba.com\/col\/wp-content\/uploads\/2023\/11\/Serum-scaled.jpg 2048w, https:\/\/avonponmeaprueba.com\/col\/wp-content\/uploads\/2023\/11\/Serum-scaled-800x1000.jpg 800w, https:\/\/avonponmeaprueba.com\/col\/wp-content\/uploads\/2023\/11\/Serum-240x300.jpg 240w, https:\/\/avonponmeaprueba.com\/col\/wp-content\/uploads\/2023\/11\/Serum-819x1024.jpg 819w, https:\/\/avonponmeaprueba.com\/col\/wp-content\/uploads\/2023\/11\/Serum-768x960.jpg 768w, https:\/\/avonponmeaprueba.com\/col\/wp-content\/uploads\/2023\/11\/Serum-1229x1536.jpg 1229w, https:\/\/avonponmeaprueba.com\/col\/wp-content\/uploads\/2023\/11\/Serum-1638x2048.jpg 1638w\" sizes=\"(max-width: 2048px) 100vw, 2048px\" \/>\t\t\t\t<\/div>\n\t\t\t\t<div class=\"bdt-content-wrap\">\n\n\t\t\t\t\n\t\t\t\t\t\t\t\t\t<\/div>\n\t\t\t\t\t\t\t<\/div>\n\n        \n            <div class=\"swiper-slide bdt-item\">\n\t\t\t\t<div class=\"bdt-image-wrap\">\n\t\t\t\t\t<img loading=\"lazy\" decoding=\"async\" width=\"2048\" height=\"2560\" src=\"https:\/\/avonponmeaprueba.com\/col\/wp-content\/uploads\/2023\/11\/Hydra-scaled.jpg\" class=\"bdt-img\" alt=\"05\" srcset=\"https:\/\/avonponmeaprueba.com\/col\/wp-content\/uploads\/2023\/11\/Hydra-scaled.jpg 2048w, https:\/\/avonponmeaprueba.com\/col\/wp-content\/uploads\/2023\/11\/Hydra-scaled-800x1000.jpg 800w, https:\/\/avonponmeaprueba.com\/col\/wp-content\/uploads\/2023\/11\/Hydra-240x300.jpg 240w, https:\/\/avonponmeaprueba.com\/col\/wp-content\/uploads\/2023\/11\/Hydra-819x1024.jpg 819w, https:\/\/avonponmeaprueba.com\/col\/wp-content\/uploads\/2023\/11\/Hydra-768x960.jpg 768w, https:\/\/avonponmeaprueba.com\/col\/wp-content\/uploads\/2023\/11\/Hydra-1229x1536.jpg 1229w, https:\/\/avonponmeaprueba.com\/col\/wp-content\/uploads\/2023\/11\/Hydra-1638x2048.jpg 1638w\" sizes=\"(max-width: 2048px) 100vw, 2048px\" \/>\t\t\t\t<\/div>\n\t\t\t\t<div class=\"bdt-content-wrap\">\n\n\t\t\t\t\n\t\t\t\t\t\t\t\t\t<\/div>\n\t\t\t\t\t\t\t<\/div>\n\n        \n            <div class=\"swiper-slide bdt-item\">\n\t\t\t\t<div class=\"bdt-image-wrap\">\n\t\t\t\t\t<img loading=\"lazy\" decoding=\"async\" width=\"2048\" height=\"2560\" src=\"https:\/\/avonponmeaprueba.com\/col\/wp-content\/uploads\/2023\/11\/TTA--scaled.jpg\" class=\"bdt-img\" alt=\"06\" srcset=\"https:\/\/avonponmeaprueba.com\/col\/wp-content\/uploads\/2023\/11\/TTA--scaled.jpg 2048w, https:\/\/avonponmeaprueba.com\/col\/wp-content\/uploads\/2023\/11\/TTA--scaled-800x1000.jpg 800w, https:\/\/avonponmeaprueba.com\/col\/wp-content\/uploads\/2023\/11\/TTA--240x300.jpg 240w, https:\/\/avonponmeaprueba.com\/col\/wp-content\/uploads\/2023\/11\/TTA--819x1024.jpg 819w, https:\/\/avonponmeaprueba.com\/col\/wp-content\/uploads\/2023\/11\/TTA--768x960.jpg 768w, https:\/\/avonponmeaprueba.com\/col\/wp-content\/uploads\/2023\/11\/TTA--1229x1536.jpg 1229w, https:\/\/avonponmeaprueba.com\/col\/wp-content\/uploads\/2023\/11\/TTA--1638x2048.jpg 1638w\" sizes=\"(max-width: 2048px) 100vw, 2048px\" \/>\t\t\t\t<\/div>\n\t\t\t\t<div class=\"bdt-content-wrap\">\n\n\t\t\t\t\n\t\t\t\t\t\t\t\t\t<\/div>\n\t\t\t\t\t\t\t<\/div>\n\n        \t\t\t\t<\/div>\n\t\t\t<\/div>\n\t\t\t\n\t\t\t\t\t\t\t\t\t\n\t\t\t<div class=\"swiper-pagination reveal-muted\"><\/div>\n\t\t\t<!-- <div class=\"swiper-scrollbar\"><\/div> -->\n\t\t\t\n\t\t\t\t\t\t\t\t\n\t\t\t\t\t\t<div class=\"bdt-arrows-center bdt-navigation-arrows bdt-position-z-index reveal-muted\">\n\t\t\t\t<div class=\"bdt-navigation-prev bdt-slidenav\"><i class=\"ps-wi-arrow-left-5\"><\/i><\/div>\n\t\t\t\t<div class=\"bdt-navigation-next bdt-slidenav\"><i class=\"ps-wi-arrow-right-5\"><\/i><\/div>\n\t\t\t<\/div>\n\t\t\t\n\t\t\t\t<\/div>\n\t\t<\/div>\n\n\t\t\t\t\t\t<\/div>\n\t\t\t\t<\/div>\n\t\t\t\t<\/div>\n\t\t<div class=\"elementor-element elementor-element-3fcd1d4 e-flex e-con-boxed e-con e-parent\" data-id=\"3fcd1d4\" data-element_type=\"container\">\n\t\t\t\t\t<div class=\"e-con-inner\">\n\t\t\t\t<div class=\"elementor-element elementor-element-26c2c53 elementor-widget elementor-widget-text-editor\" data-id=\"26c2c53\" data-element_type=\"widget\" data-widget_type=\"text-editor.default\">\n\t\t\t\t<div class=\"elementor-widget-container\">\n\t\t\t\t\t\t\t\t\t<p>Millones de Consumidores, Consultoras y Consultores de Belleza en todo<br \/>el mundo se enamoran y nos recomiendan.<\/p><p><strong>Productos de calidad internacional.<\/strong><\/p><p><strong style=\"color: #d8094c;\">#PONMEAPRUEBA<\/strong><\/p>\t\t\t\t\t\t\t\t<\/div>\n\t\t\t\t<\/div>\n\t\t\t\t<div class=\"elementor-element elementor-element-d99c194 elementor-widget elementor-widget-image\" data-id=\"d99c194\" data-element_type=\"widget\" data-widget_type=\"image.default\">\n\t\t\t\t<div class=\"elementor-widget-container\">\n\t\t\t\t\t\t\t\t\t\t\t\t\t\t\t<img loading=\"lazy\" decoding=\"async\" width=\"151\" height=\"76\" src=\"https:\/\/avonponmeaprueba.com\/col\/wp-content\/uploads\/2023\/09\/calidad.png\" class=\"attachment-large size-large wp-image-615\" alt=\"\" \/>\t\t\t\t\t\t\t\t\t\t\t\t\t\t\t<\/div>\n\t\t\t\t<\/div>\n\t\t\t\t\t<\/div>\n\t\t\t\t<\/div>\n\t\t\t\t<\/div>\n\t\t","protected":false},"excerpt":{"rendered":"<p>Te damos la bienvenida al lugar d\u00f3nde tu valoraci\u00f3n es lo m\u00e1s importante. \u00a1Cuando descubres algo realmente bueno te dan ganas de compartirlo! La invitaci\u00f3n es a que pongas a prueba los productos Avon m\u00e1s amados del momento y nos cuentes tu experiencia. Si ya pusiste a prueba los productos que encuentras aqu\u00ed, calif\u00edcalo con [&hellip;]<\/p>\n","protected":false},"author":1,"featured_media":0,"parent":0,"menu_order":0,"comment_status":"closed","ping_status":"closed","template":"","meta":{"_acf_changed":false,"site-sidebar-layout":"no-sidebar","site-content-layout":"page-builder","ast-site-content-layout":"full-width-container","site-content-style":"default","site-sidebar-style":"default","ast-global-header-display":"","ast-banner-title-visibility":"","ast-main-header-display":"","ast-hfb-above-header-display":"","ast-hfb-below-header-display":"","ast-hfb-mobile-header-display":"","site-post-title":"disabled","ast-breadcrumbs-content":"","ast-featured-img":"disabled","footer-sml-layout":"","theme-transparent-header-meta":"","adv-header-id-meta":"","stick-header-meta":"","header-above-stick-meta":"","header-main-stick-meta":"","header-below-stick-meta":"","astra-migrate-meta-layouts":"set","ast-page-background-enabled":"default","ast-page-background-meta":{"desktop":{"background-color":"var(--ast-global-color-4)","background-image":"","background-repeat":"repeat","background-position":"center center","background-size":"auto","background-attachment":"scroll","background-type":"","background-media":"","overlay-type":"","overlay-color":"","overlay-opacity":"","overlay-gradient":""},"tablet":{"background-color":"","background-image":"","background-repeat":"repeat","background-position":"center center","background-size":"auto","background-attachment":"scroll","background-type":"","background-media":"","overlay-type":"","overlay-color":"","overlay-opacity":"","overlay-gradient":""},"mobile":{"background-color":"","background-image":"","background-repeat":"repeat","background-position":"center center","background-size":"auto","background-attachment":"scroll","background-type":"","background-media":"","overlay-type":"","overlay-color":"","overlay-opacity":"","overlay-gradient":""}},"ast-content-background-meta":{"desktop":{"background-color":"var(--ast-global-color-5)","background-image":"","background-repeat":"repeat","background-position":"center center","background-size":"auto","background-attachment":"scroll","background-type":"","background-media":"","overlay-type":"","overlay-color":"","overlay-opacity":"","overlay-gradient":""},"tablet":{"background-color":"var(--ast-global-color-5)","background-image":"","background-repeat":"repeat","background-position":"center center","background-size":"auto","background-attachment":"scroll","background-type":"","background-media":"","overlay-type":"","overlay-color":"","overlay-opacity":"","overlay-gradient":""},"mobile":{"background-color":"var(--ast-global-color-5)","background-image":"","background-repeat":"repeat","background-position":"center center","background-size":"auto","background-attachment":"scroll","background-type":"","background-media":"","overlay-type":"","overlay-color":"","overlay-opacity":"","overlay-gradient":""}},"footnotes":""},"class_list":["post-612","page","type-page","status-publish","hentry"],"acf":[],"yoast_head":"<!-- This site is optimized with the Yoast SEO plugin v26.1.1 - https:\/\/yoast.com\/wordpress\/plugins\/seo\/ -->\n<title>#PONMEAPRUEBA - Avon - Ponme a Prueba<\/title>\n<meta name=\"robots\" content=\"index, follow, max-snippet:-1, max-image-preview:large, max-video-preview:-1\" \/>\n<link rel=\"canonical\" href=\"https:\/\/avonponmeaprueba.com\/col\/ponmeaprueba\/\" \/>\n<meta property=\"og:locale\" content=\"es_ES\" \/>\n<meta property=\"og:type\" content=\"article\" \/>\n<meta property=\"og:title\" content=\"#PONMEAPRUEBA - Avon - Ponme a Prueba\" \/>\n<meta property=\"og:description\" content=\"Te damos la bienvenida al lugar d\u00f3nde tu valoraci\u00f3n es lo m\u00e1s importante. \u00a1Cuando descubres algo realmente bueno te dan ganas de compartirlo! La invitaci\u00f3n es a que pongas a prueba los productos Avon m\u00e1s amados del momento y nos cuentes tu experiencia. Si ya pusiste a prueba los productos que encuentras aqu\u00ed, calif\u00edcalo con [&hellip;]\" \/>\n<meta property=\"og:url\" content=\"https:\/\/avonponmeaprueba.com\/col\/ponmeaprueba\/\" \/>\n<meta property=\"og:site_name\" content=\"Avon - Ponme a Prueba\" \/>\n<meta property=\"article:publisher\" content=\"https:\/\/www.facebook.com\/AvonCO\" \/>\n<meta property=\"article:modified_time\" content=\"2025-03-06T16:30:01+00:00\" \/>\n<meta property=\"og:image\" content=\"https:\/\/avonponmeaprueba.com\/col\/wp-content\/uploads\/2025\/03\/Banner-ponme-a-prueba-y-enamorate.jpg\" \/>\n<meta name=\"twitter:card\" content=\"summary_large_image\" \/>\n<meta name=\"twitter:site\" content=\"@avon_colombia\" \/>\n<meta name=\"twitter:label1\" content=\"Tiempo de lectura\" \/>\n\t<meta name=\"twitter:data1\" content=\"4 minutos\" \/>\n<script type=\"application\/ld+json\" class=\"yoast-schema-graph\">{\"@context\":\"https:\/\/schema.org\",\"@graph\":[{\"@type\":\"WebPage\",\"@id\":\"https:\/\/avonponmeaprueba.com\/col\/ponmeaprueba\/\",\"url\":\"https:\/\/avonponmeaprueba.com\/col\/ponmeaprueba\/\",\"name\":\"#PONMEAPRUEBA - Avon - Ponme a Prueba\",\"isPartOf\":{\"@id\":\"https:\/\/avonponmeaprueba.com\/col\/#website\"},\"primaryImageOfPage\":{\"@id\":\"https:\/\/avonponmeaprueba.com\/col\/ponmeaprueba\/#primaryimage\"},\"image\":{\"@id\":\"https:\/\/avonponmeaprueba.com\/col\/ponmeaprueba\/#primaryimage\"},\"thumbnailUrl\":\"https:\/\/avonponmeaprueba.com\/col\/wp-content\/uploads\/2025\/03\/Banner-ponme-a-prueba-y-enamorate.jpg\",\"datePublished\":\"2023-09-26T16:55:42+00:00\",\"dateModified\":\"2025-03-06T16:30:01+00:00\",\"breadcrumb\":{\"@id\":\"https:\/\/avonponmeaprueba.com\/col\/ponmeaprueba\/#breadcrumb\"},\"inLanguage\":\"es\",\"potentialAction\":[{\"@type\":\"ReadAction\",\"target\":[\"https:\/\/avonponmeaprueba.com\/col\/ponmeaprueba\/\"]}]},{\"@type\":\"ImageObject\",\"inLanguage\":\"es\",\"@id\":\"https:\/\/avonponmeaprueba.com\/col\/ponmeaprueba\/#primaryimage\",\"url\":\"https:\/\/avonponmeaprueba.com\/col\/wp-content\/uploads\/2025\/03\/Banner-ponme-a-prueba-y-enamorate.jpg\",\"contentUrl\":\"https:\/\/avonponmeaprueba.com\/col\/wp-content\/uploads\/2025\/03\/Banner-ponme-a-prueba-y-enamorate.jpg\",\"width\":1920,\"height\":550},{\"@type\":\"BreadcrumbList\",\"@id\":\"https:\/\/avonponmeaprueba.com\/col\/ponmeaprueba\/#breadcrumb\",\"itemListElement\":[{\"@type\":\"ListItem\",\"position\":1,\"name\":\"Portada\",\"item\":\"https:\/\/avonponmeaprueba.com\/col\/\"},{\"@type\":\"ListItem\",\"position\":2,\"name\":\"#PONMEAPRUEBA\"}]},{\"@type\":\"WebSite\",\"@id\":\"https:\/\/avonponmeaprueba.com\/col\/#website\",\"url\":\"https:\/\/avonponmeaprueba.com\/col\/\",\"name\":\"Avon - Ponme a Prueba\",\"description\":\"\",\"publisher\":{\"@id\":\"https:\/\/avonponmeaprueba.com\/col\/#organization\"},\"potentialAction\":[{\"@type\":\"SearchAction\",\"target\":{\"@type\":\"EntryPoint\",\"urlTemplate\":\"https:\/\/avonponmeaprueba.com\/col\/?s={search_term_string}\"},\"query-input\":{\"@type\":\"PropertyValueSpecification\",\"valueRequired\":true,\"valueName\":\"search_term_string\"}}],\"inLanguage\":\"es\"},{\"@type\":\"Organization\",\"@id\":\"https:\/\/avonponmeaprueba.com\/col\/#organization\",\"name\":\"Avon - Ponme a Prueba\",\"url\":\"https:\/\/avonponmeaprueba.com\/col\/\",\"logo\":{\"@type\":\"ImageObject\",\"inLanguage\":\"es\",\"@id\":\"https:\/\/avonponmeaprueba.com\/col\/#\/schema\/logo\/image\/\",\"url\":\"https:\/\/avonponmeaprueba.com\/col\/wp-content\/uploads\/2023\/05\/logo.png\",\"contentUrl\":\"https:\/\/avonponmeaprueba.com\/col\/wp-content\/uploads\/2023\/05\/logo.png\",\"width\":276,\"height\":278,\"caption\":\"Avon - Ponme a Prueba\"},\"image\":{\"@id\":\"https:\/\/avonponmeaprueba.com\/col\/#\/schema\/logo\/image\/\"},\"sameAs\":[\"https:\/\/www.facebook.com\/AvonCO\",\"https:\/\/x.com\/avon_colombia\",\"https:\/\/www.instagram.com\/avon_col\"]}]}<\/script>\n<!-- \/ Yoast SEO plugin. -->","yoast_head_json":{"title":"#PONMEAPRUEBA - Avon - Ponme a Prueba","robots":{"index":"index","follow":"follow","max-snippet":"max-snippet:-1","max-image-preview":"max-image-preview:large","max-video-preview":"max-video-preview:-1"},"canonical":"https:\/\/avonponmeaprueba.com\/col\/ponmeaprueba\/","og_locale":"es_ES","og_type":"article","og_title":"#PONMEAPRUEBA - Avon - Ponme a Prueba","og_description":"Te damos la bienvenida al lugar d\u00f3nde tu valoraci\u00f3n es lo m\u00e1s importante. \u00a1Cuando descubres algo realmente bueno te dan ganas de compartirlo! La invitaci\u00f3n es a que pongas a prueba los productos Avon m\u00e1s amados del momento y nos cuentes tu experiencia. Si ya pusiste a prueba los productos que encuentras aqu\u00ed, calif\u00edcalo con [&hellip;]","og_url":"https:\/\/avonponmeaprueba.com\/col\/ponmeaprueba\/","og_site_name":"Avon - Ponme a Prueba","article_publisher":"https:\/\/www.facebook.com\/AvonCO","article_modified_time":"2025-03-06T16:30:01+00:00","og_image":[{"url":"https:\/\/avonponmeaprueba.com\/col\/wp-content\/uploads\/2025\/03\/Banner-ponme-a-prueba-y-enamorate.jpg","type":"","width":"","height":""}],"twitter_card":"summary_large_image","twitter_site":"@avon_colombia","twitter_misc":{"Tiempo de lectura":"4 minutos"},"schema":{"@context":"https:\/\/schema.org","@graph":[{"@type":"WebPage","@id":"https:\/\/avonponmeaprueba.com\/col\/ponmeaprueba\/","url":"https:\/\/avonponmeaprueba.com\/col\/ponmeaprueba\/","name":"#PONMEAPRUEBA - Avon - Ponme a Prueba","isPartOf":{"@id":"https:\/\/avonponmeaprueba.com\/col\/#website"},"primaryImageOfPage":{"@id":"https:\/\/avonponmeaprueba.com\/col\/ponmeaprueba\/#primaryimage"},"image":{"@id":"https:\/\/avonponmeaprueba.com\/col\/ponmeaprueba\/#primaryimage"},"thumbnailUrl":"https:\/\/avonponmeaprueba.com\/col\/wp-content\/uploads\/2025\/03\/Banner-ponme-a-prueba-y-enamorate.jpg","datePublished":"2023-09-26T16:55:42+00:00","dateModified":"2025-03-06T16:30:01+00:00","breadcrumb":{"@id":"https:\/\/avonponmeaprueba.com\/col\/ponmeaprueba\/#breadcrumb"},"inLanguage":"es","potentialAction":[{"@type":"ReadAction","target":["https:\/\/avonponmeaprueba.com\/col\/ponmeaprueba\/"]}]},{"@type":"ImageObject","inLanguage":"es","@id":"https:\/\/avonponmeaprueba.com\/col\/ponmeaprueba\/#primaryimage","url":"https:\/\/avonponmeaprueba.com\/col\/wp-content\/uploads\/2025\/03\/Banner-ponme-a-prueba-y-enamorate.jpg","contentUrl":"https:\/\/avonponmeaprueba.com\/col\/wp-content\/uploads\/2025\/03\/Banner-ponme-a-prueba-y-enamorate.jpg","width":1920,"height":550},{"@type":"BreadcrumbList","@id":"https:\/\/avonponmeaprueba.com\/col\/ponmeaprueba\/#breadcrumb","itemListElement":[{"@type":"ListItem","position":1,"name":"Portada","item":"https:\/\/avonponmeaprueba.com\/col\/"},{"@type":"ListItem","position":2,"name":"#PONMEAPRUEBA"}]},{"@type":"WebSite","@id":"https:\/\/avonponmeaprueba.com\/col\/#website","url":"https:\/\/avonponmeaprueba.com\/col\/","name":"Avon - Ponme a Prueba","description":"","publisher":{"@id":"https:\/\/avonponmeaprueba.com\/col\/#organization"},"potentialAction":[{"@type":"SearchAction","target":{"@type":"EntryPoint","urlTemplate":"https:\/\/avonponmeaprueba.com\/col\/?s={search_term_string}"},"query-input":{"@type":"PropertyValueSpecification","valueRequired":true,"valueName":"search_term_string"}}],"inLanguage":"es"},{"@type":"Organization","@id":"https:\/\/avonponmeaprueba.com\/col\/#organization","name":"Avon - Ponme a Prueba","url":"https:\/\/avonponmeaprueba.com\/col\/","logo":{"@type":"ImageObject","inLanguage":"es","@id":"https:\/\/avonponmeaprueba.com\/col\/#\/schema\/logo\/image\/","url":"https:\/\/avonponmeaprueba.com\/col\/wp-content\/uploads\/2023\/05\/logo.png","contentUrl":"https:\/\/avonponmeaprueba.com\/col\/wp-content\/uploads\/2023\/05\/logo.png","width":276,"height":278,"caption":"Avon - Ponme a Prueba"},"image":{"@id":"https:\/\/avonponmeaprueba.com\/col\/#\/schema\/logo\/image\/"},"sameAs":["https:\/\/www.facebook.com\/AvonCO","https:\/\/x.com\/avon_colombia","https:\/\/www.instagram.com\/avon_col"]}]}},"_links":{"self":[{"href":"https:\/\/avonponmeaprueba.com\/col\/wp-json\/wp\/v2\/pages\/612","targetHints":{"allow":["GET"]}}],"collection":[{"href":"https:\/\/avonponmeaprueba.com\/col\/wp-json\/wp\/v2\/pages"}],"about":[{"href":"https:\/\/avonponmeaprueba.com\/col\/wp-json\/wp\/v2\/types\/page"}],"author":[{"embeddable":true,"href":"https:\/\/avonponmeaprueba.com\/col\/wp-json\/wp\/v2\/users\/1"}],"replies":[{"embeddable":true,"href":"https:\/\/avonponmeaprueba.com\/col\/wp-json\/wp\/v2\/comments?post=612"}],"version-history":[{"count":46,"href":"https:\/\/avonponmeaprueba.com\/col\/wp-json\/wp\/v2\/pages\/612\/revisions"}],"predecessor-version":[{"id":1462,"href":"https:\/\/avonponmeaprueba.com\/col\/wp-json\/wp\/v2\/pages\/612\/revisions\/1462"}],"wp:attachment":[{"href":"https:\/\/avonponmeaprueba.com\/col\/wp-json\/wp\/v2\/media?parent=612"}],"curies":[{"name":"wp","href":"https:\/\/api.w.org\/{rel}","templated":true}]}}