{"id":1369,"date":"2024-09-06T14:04:51","date_gmt":"2024-09-06T19:04:51","guid":{"rendered":"https:\/\/avonponmeaprueba.com\/col\/?post_type=product&#038;p=1369"},"modified":"2024-09-06T14:06:34","modified_gmt":"2024-09-06T19:06:34","slug":"love-u","status":"publish","type":"product","link":"https:\/\/avonponmeaprueba.com\/col\/producto\/love-u\/","title":{"rendered":"Love\/U"},"content":{"rendered":"<p>UN PERFUME QUE ENAMORA CON SU DULZURA<br \/>\nUn aroma con frambuesa y esencia de n\u00e9ctar que deja una impresi\u00f3n dulce, envuelto en la sensualidad de la rosa esencial y el c\u00e1lido abrazo de la madera de cachemira.<\/p>\n<p>INTENSIDAD: INTENSO<\/p>\n","protected":false},"excerpt":{"rendered":"<p>UN PERFUME QUE ENAMORA CON SU DULZURA Un aroma con frambuesa y esencia de n\u00e9ctar que deja una impresi\u00f3n dulce, envuelto en la sensualidad de la rosa esencial y el c\u00e1lido abrazo de la madera de cachemira. INTENSIDAD: INTENSO<\/p>\n","protected":false},"featured_media":1367,"comment_status":"open","ping_status":"closed","template":"","meta":{"_acf_changed":false,"site-sidebar-layout":"default","site-content-layout":"default","ast-site-content-layout":"default","site-content-style":"default","site-sidebar-style":"default","ast-global-header-display":"","ast-banner-title-visibility":"","ast-main-header-display":"","ast-hfb-above-header-display":"","ast-hfb-below-header-display":"","ast-hfb-mobile-header-display":"","site-post-title":"","ast-breadcrumbs-content":"","ast-featured-img":"","footer-sml-layout":"","theme-transparent-header-meta":"default","adv-header-id-meta":"","stick-header-meta":"","header-above-stick-meta":"","header-main-stick-meta":"","header-below-stick-meta":"","astra-migrate-meta-layouts":"set","ast-page-background-enabled":"default","ast-page-background-meta":{"desktop":{"background-color":"var(--ast-global-color-4)","background-image":"","background-repeat":"repeat","background-position":"center center","background-size":"auto","background-attachment":"scroll","background-type":"","background-media":"","overlay-type":"","overlay-color":"","overlay-opacity":"","overlay-gradient":""},"tablet":{"background-color":"","background-image":"","background-repeat":"repeat","background-position":"center center","background-size":"auto","background-attachment":"scroll","background-type":"","background-media":"","overlay-type":"","overlay-color":"","overlay-opacity":"","overlay-gradient":""},"mobile":{"background-color":"","background-image":"","background-repeat":"repeat","background-position":"center center","background-size":"auto","background-attachment":"scroll","background-type":"","background-media":"","overlay-type":"","overlay-color":"","overlay-opacity":"","overlay-gradient":""}},"ast-content-background-meta":{"desktop":{"background-color":"var(--ast-global-color-5)","background-image":"","background-repeat":"repeat","background-position":"center center","background-size":"auto","background-attachment":"scroll","background-type":"","background-media":"","overlay-type":"","overlay-color":"","overlay-opacity":"","overlay-gradient":""},"tablet":{"background-color":"var(--ast-global-color-5)","background-image":"","background-repeat":"repeat","background-position":"center center","background-size":"auto","background-attachment":"scroll","background-type":"","background-media":"","overlay-type":"","overlay-color":"","overlay-opacity":"","overlay-gradient":""},"mobile":{"background-color":"var(--ast-global-color-5)","background-image":"","background-repeat":"repeat","background-position":"center center","background-size":"auto","background-attachment":"scroll","background-type":"","background-media":"","overlay-type":"","overlay-color":"","overlay-opacity":"","overlay-gradient":""}}},"product_brand":[],"product_cat":[19],"product_tag":[],"class_list":{"0":"post-1369","1":"product","2":"type-product","3":"status-publish","4":"has-post-thumbnail","6":"product_cat-perfumeria","7":"desktop-align-left","8":"tablet-align-left","9":"mobile-align-left","11":"first","12":"instock","13":"shipping-taxable","14":"product-type-simple"},"acf":[],"yoast_head":"<!-- This site is optimized with the Yoast SEO plugin v26.1.1 - https:\/\/yoast.com\/wordpress\/plugins\/seo\/ -->\n<title>Love\/U - Avon - Ponme a Prueba<\/title>\n<meta name=\"description\" content=\"Un aroma con frambuesa y esencia de n\u00e9ctar que deja una impresi\u00f3n dulce, envuelto en la sensualidad de la rosa esencial y el c\u00e1lido abrazo de la madera de cachemira.\" \/>\n<meta name=\"robots\" content=\"index, follow, max-snippet:-1, max-image-preview:large, max-video-preview:-1\" \/>\n<link rel=\"canonical\" href=\"https:\/\/avonponmeaprueba.com\/col\/producto\/love-u\/\" \/>\n<meta property=\"og:locale\" content=\"es_ES\" \/>\n<meta property=\"og:type\" content=\"article\" \/>\n<meta property=\"og:title\" content=\"Love\/U - Avon - Ponme a Prueba\" \/>\n<meta property=\"og:description\" content=\"Un aroma con frambuesa y esencia de n\u00e9ctar que deja una impresi\u00f3n dulce, envuelto en la sensualidad de la rosa esencial y el c\u00e1lido abrazo de la madera de cachemira.\" \/>\n<meta property=\"og:url\" content=\"https:\/\/avonponmeaprueba.com\/col\/producto\/love-u\/\" \/>\n<meta property=\"og:site_name\" content=\"Avon - Ponme a Prueba\" \/>\n<meta property=\"article:publisher\" content=\"https:\/\/www.facebook.com\/AvonCO\" \/>\n<meta property=\"article:modified_time\" content=\"2024-09-06T19:06:34+00:00\" \/>\n<meta property=\"og:image\" content=\"https:\/\/avonponmeaprueba.com\/col\/wp-content\/uploads\/2024\/09\/Love-U.webp\" \/>\n\t<meta property=\"og:image:width\" content=\"800\" \/>\n\t<meta property=\"og:image:height\" content=\"800\" \/>\n\t<meta property=\"og:image:type\" content=\"image\/webp\" \/>\n<meta name=\"twitter:card\" content=\"summary_large_image\" \/>\n<meta name=\"twitter:site\" content=\"@avon_colombia\" \/>\n<meta name=\"twitter:label1\" content=\"Tiempo de lectura\" \/>\n\t<meta name=\"twitter:data1\" content=\"1 minuto\" \/>\n<script type=\"application\/ld+json\" class=\"yoast-schema-graph\">{\"@context\":\"https:\/\/schema.org\",\"@graph\":[{\"@type\":\"WebPage\",\"@id\":\"https:\/\/avonponmeaprueba.com\/col\/producto\/love-u\/\",\"url\":\"https:\/\/avonponmeaprueba.com\/col\/producto\/love-u\/\",\"name\":\"Love\/U - Avon - Ponme a Prueba\",\"isPartOf\":{\"@id\":\"https:\/\/avonponmeaprueba.com\/col\/#website\"},\"primaryImageOfPage\":{\"@id\":\"https:\/\/avonponmeaprueba.com\/col\/producto\/love-u\/#primaryimage\"},\"image\":{\"@id\":\"https:\/\/avonponmeaprueba.com\/col\/producto\/love-u\/#primaryimage\"},\"thumbnailUrl\":\"https:\/\/avonponmeaprueba.com\/col\/wp-content\/uploads\/2024\/09\/Love-U.webp\",\"datePublished\":\"2024-09-06T19:04:51+00:00\",\"dateModified\":\"2024-09-06T19:06:34+00:00\",\"description\":\"Un aroma con frambuesa y esencia de n\u00e9ctar que deja una impresi\u00f3n dulce, envuelto en la sensualidad de la rosa esencial y el c\u00e1lido abrazo de la madera de cachemira.\",\"breadcrumb\":{\"@id\":\"https:\/\/avonponmeaprueba.com\/col\/producto\/love-u\/#breadcrumb\"},\"inLanguage\":\"es\",\"potentialAction\":[{\"@type\":\"ReadAction\",\"target\":[\"https:\/\/avonponmeaprueba.com\/col\/producto\/love-u\/\"]}]},{\"@type\":\"ImageObject\",\"inLanguage\":\"es\",\"@id\":\"https:\/\/avonponmeaprueba.com\/col\/producto\/love-u\/#primaryimage\",\"url\":\"https:\/\/avonponmeaprueba.com\/col\/wp-content\/uploads\/2024\/09\/Love-U.webp\",\"contentUrl\":\"https:\/\/avonponmeaprueba.com\/col\/wp-content\/uploads\/2024\/09\/Love-U.webp\",\"width\":800,\"height\":800},{\"@type\":\"BreadcrumbList\",\"@id\":\"https:\/\/avonponmeaprueba.com\/col\/producto\/love-u\/#breadcrumb\",\"itemListElement\":[{\"@type\":\"ListItem\",\"position\":1,\"name\":\"Portada\",\"item\":\"https:\/\/avonponmeaprueba.com\/col\/\"},{\"@type\":\"ListItem\",\"position\":2,\"name\":\"Tienda\",\"item\":\"https:\/\/avonponmeaprueba.com\/col\/tienda\/\"},{\"@type\":\"ListItem\",\"position\":3,\"name\":\"Love\/U\"}]},{\"@type\":\"WebSite\",\"@id\":\"https:\/\/avonponmeaprueba.com\/col\/#website\",\"url\":\"https:\/\/avonponmeaprueba.com\/col\/\",\"name\":\"Avon - Ponme a Prueba\",\"description\":\"\",\"publisher\":{\"@id\":\"https:\/\/avonponmeaprueba.com\/col\/#organization\"},\"potentialAction\":[{\"@type\":\"SearchAction\",\"target\":{\"@type\":\"EntryPoint\",\"urlTemplate\":\"https:\/\/avonponmeaprueba.com\/col\/?s={search_term_string}\"},\"query-input\":{\"@type\":\"PropertyValueSpecification\",\"valueRequired\":true,\"valueName\":\"search_term_string\"}}],\"inLanguage\":\"es\"},{\"@type\":\"Organization\",\"@id\":\"https:\/\/avonponmeaprueba.com\/col\/#organization\",\"name\":\"Avon - Ponme a Prueba\",\"url\":\"https:\/\/avonponmeaprueba.com\/col\/\",\"logo\":{\"@type\":\"ImageObject\",\"inLanguage\":\"es\",\"@id\":\"https:\/\/avonponmeaprueba.com\/col\/#\/schema\/logo\/image\/\",\"url\":\"https:\/\/avonponmeaprueba.com\/col\/wp-content\/uploads\/2023\/05\/logo.png\",\"contentUrl\":\"https:\/\/avonponmeaprueba.com\/col\/wp-content\/uploads\/2023\/05\/logo.png\",\"width\":276,\"height\":278,\"caption\":\"Avon - Ponme a Prueba\"},\"image\":{\"@id\":\"https:\/\/avonponmeaprueba.com\/col\/#\/schema\/logo\/image\/\"},\"sameAs\":[\"https:\/\/www.facebook.com\/AvonCO\",\"https:\/\/x.com\/avon_colombia\",\"https:\/\/www.instagram.com\/avon_col\"]}]}<\/script>\n<!-- \/ Yoast SEO plugin. -->","yoast_head_json":{"title":"Love\/U - Avon - Ponme a Prueba","description":"Un aroma con frambuesa y esencia de n\u00e9ctar que deja una impresi\u00f3n dulce, envuelto en la sensualidad de la rosa esencial y el c\u00e1lido abrazo de la madera de cachemira.","robots":{"index":"index","follow":"follow","max-snippet":"max-snippet:-1","max-image-preview":"max-image-preview:large","max-video-preview":"max-video-preview:-1"},"canonical":"https:\/\/avonponmeaprueba.com\/col\/producto\/love-u\/","og_locale":"es_ES","og_type":"article","og_title":"Love\/U - Avon - Ponme a Prueba","og_description":"Un aroma con frambuesa y esencia de n\u00e9ctar que deja una impresi\u00f3n dulce, envuelto en la sensualidad de la rosa esencial y el c\u00e1lido abrazo de la madera de cachemira.","og_url":"https:\/\/avonponmeaprueba.com\/col\/producto\/love-u\/","og_site_name":"Avon - Ponme a Prueba","article_publisher":"https:\/\/www.facebook.com\/AvonCO","article_modified_time":"2024-09-06T19:06:34+00:00","og_image":[{"width":800,"height":800,"url":"https:\/\/avonponmeaprueba.com\/col\/wp-content\/uploads\/2024\/09\/Love-U.webp","type":"image\/webp"}],"twitter_card":"summary_large_image","twitter_site":"@avon_colombia","twitter_misc":{"Tiempo de lectura":"1 minuto"},"schema":{"@context":"https:\/\/schema.org","@graph":[{"@type":"WebPage","@id":"https:\/\/avonponmeaprueba.com\/col\/producto\/love-u\/","url":"https:\/\/avonponmeaprueba.com\/col\/producto\/love-u\/","name":"Love\/U - Avon - Ponme a Prueba","isPartOf":{"@id":"https:\/\/avonponmeaprueba.com\/col\/#website"},"primaryImageOfPage":{"@id":"https:\/\/avonponmeaprueba.com\/col\/producto\/love-u\/#primaryimage"},"image":{"@id":"https:\/\/avonponmeaprueba.com\/col\/producto\/love-u\/#primaryimage"},"thumbnailUrl":"https:\/\/avonponmeaprueba.com\/col\/wp-content\/uploads\/2024\/09\/Love-U.webp","datePublished":"2024-09-06T19:04:51+00:00","dateModified":"2024-09-06T19:06:34+00:00","description":"Un aroma con frambuesa y esencia de n\u00e9ctar que deja una impresi\u00f3n dulce, envuelto en la sensualidad de la rosa esencial y el c\u00e1lido abrazo de la madera de cachemira.","breadcrumb":{"@id":"https:\/\/avonponmeaprueba.com\/col\/producto\/love-u\/#breadcrumb"},"inLanguage":"es","potentialAction":[{"@type":"ReadAction","target":["https:\/\/avonponmeaprueba.com\/col\/producto\/love-u\/"]}]},{"@type":"ImageObject","inLanguage":"es","@id":"https:\/\/avonponmeaprueba.com\/col\/producto\/love-u\/#primaryimage","url":"https:\/\/avonponmeaprueba.com\/col\/wp-content\/uploads\/2024\/09\/Love-U.webp","contentUrl":"https:\/\/avonponmeaprueba.com\/col\/wp-content\/uploads\/2024\/09\/Love-U.webp","width":800,"height":800},{"@type":"BreadcrumbList","@id":"https:\/\/avonponmeaprueba.com\/col\/producto\/love-u\/#breadcrumb","itemListElement":[{"@type":"ListItem","position":1,"name":"Portada","item":"https:\/\/avonponmeaprueba.com\/col\/"},{"@type":"ListItem","position":2,"name":"Tienda","item":"https:\/\/avonponmeaprueba.com\/col\/tienda\/"},{"@type":"ListItem","position":3,"name":"Love\/U"}]},{"@type":"WebSite","@id":"https:\/\/avonponmeaprueba.com\/col\/#website","url":"https:\/\/avonponmeaprueba.com\/col\/","name":"Avon - Ponme a Prueba","description":"","publisher":{"@id":"https:\/\/avonponmeaprueba.com\/col\/#organization"},"potentialAction":[{"@type":"SearchAction","target":{"@type":"EntryPoint","urlTemplate":"https:\/\/avonponmeaprueba.com\/col\/?s={search_term_string}"},"query-input":{"@type":"PropertyValueSpecification","valueRequired":true,"valueName":"search_term_string"}}],"inLanguage":"es"},{"@type":"Organization","@id":"https:\/\/avonponmeaprueba.com\/col\/#organization","name":"Avon - Ponme a Prueba","url":"https:\/\/avonponmeaprueba.com\/col\/","logo":{"@type":"ImageObject","inLanguage":"es","@id":"https:\/\/avonponmeaprueba.com\/col\/#\/schema\/logo\/image\/","url":"https:\/\/avonponmeaprueba.com\/col\/wp-content\/uploads\/2023\/05\/logo.png","contentUrl":"https:\/\/avonponmeaprueba.com\/col\/wp-content\/uploads\/2023\/05\/logo.png","width":276,"height":278,"caption":"Avon - Ponme a Prueba"},"image":{"@id":"https:\/\/avonponmeaprueba.com\/col\/#\/schema\/logo\/image\/"},"sameAs":["https:\/\/www.facebook.com\/AvonCO","https:\/\/x.com\/avon_colombia","https:\/\/www.instagram.com\/avon_col"]}]}},"_links":{"self":[{"href":"https:\/\/avonponmeaprueba.com\/col\/wp-json\/wp\/v2\/product\/1369","targetHints":{"allow":["GET"]}}],"collection":[{"href":"https:\/\/avonponmeaprueba.com\/col\/wp-json\/wp\/v2\/product"}],"about":[{"href":"https:\/\/avonponmeaprueba.com\/col\/wp-json\/wp\/v2\/types\/product"}],"replies":[{"embeddable":true,"href":"https:\/\/avonponmeaprueba.com\/col\/wp-json\/wp\/v2\/comments?post=1369"}],"wp:featuredmedia":[{"embeddable":true,"href":"https:\/\/avonponmeaprueba.com\/col\/wp-json\/wp\/v2\/media\/1367"}],"wp:attachment":[{"href":"https:\/\/avonponmeaprueba.com\/col\/wp-json\/wp\/v2\/media?parent=1369"}],"wp:term":[{"taxonomy":"product_brand","embeddable":true,"href":"https:\/\/avonponmeaprueba.com\/col\/wp-json\/wp\/v2\/product_brand?post=1369"},{"taxonomy":"product_cat","embeddable":true,"href":"https:\/\/avonponmeaprueba.com\/col\/wp-json\/wp\/v2\/product_cat?post=1369"},{"taxonomy":"product_tag","embeddable":true,"href":"https:\/\/avonponmeaprueba.com\/col\/wp-json\/wp\/v2\/product_tag?post=1369"}],"curies":[{"name":"wp","href":"https:\/\/api.w.org\/{rel}","templated":true}]}}