{"id":1594,"date":"2025-05-29T18:11:58","date_gmt":"2025-05-29T23:11:58","guid":{"rendered":"https:\/\/avonponmeaprueba.com\/col\/?post_type=product&#038;p=1594"},"modified":"2025-06-12T18:20:04","modified_gmt":"2025-06-12T23:20:04","slug":"labial-ultra-lip-paint","status":"publish","type":"product","link":"https:\/\/avonponmeaprueba.com\/col\/producto\/labial-ultra-lip-paint\/","title":{"rendered":"Labial Ultra Lip Paint"},"content":{"rendered":"<p>F\u00f3rmula con ingredientes hidratantes: Aceite de aguacate. Aceite de coco, vitamina E, manteca de karit\u00e9, semi mate con color de alta pigmentaci\u00f3n.<br \/>\nAcabado semimate con variedad de tonos ultrapigmentados.<\/p>\n<p>Brinda humectaci\u00f3n durante todo el d\u00eda.<\/p>\n<p>*Basado en una prueba de percepci\u00f3n con consumidores.<\/p>\n","protected":false},"excerpt":{"rendered":"<p>F\u00f3rmula con ingredientes hidratantes: Aceite de aguacate. Aceite de coco, vitamina E, manteca de karit\u00e9, semi mate con color de alta pigmentaci\u00f3n. Acabado semimate con variedad de tonos ultrapigmentados. Brinda humectaci\u00f3n durante todo el d\u00eda. *Basado en una prueba de percepci\u00f3n con consumidores.<\/p>\n","protected":false},"featured_media":1596,"comment_status":"open","ping_status":"closed","template":"","meta":{"_acf_changed":false,"site-sidebar-layout":"default","site-content-layout":"","ast-site-content-layout":"default","site-content-style":"default","site-sidebar-style":"default","ast-global-header-display":"","ast-banner-title-visibility":"","ast-main-header-display":"","ast-hfb-above-header-display":"","ast-hfb-below-header-display":"","ast-hfb-mobile-header-display":"","site-post-title":"","ast-breadcrumbs-content":"","ast-featured-img":"","footer-sml-layout":"","theme-transparent-header-meta":"default","adv-header-id-meta":"","stick-header-meta":"","header-above-stick-meta":"","header-main-stick-meta":"","header-below-stick-meta":"","astra-migrate-meta-layouts":"set","ast-page-background-enabled":"default","ast-page-background-meta":{"desktop":{"background-color":"var(--ast-global-color-4)","background-image":"","background-repeat":"repeat","background-position":"center center","background-size":"auto","background-attachment":"scroll","background-type":"","background-media":"","overlay-type":"","overlay-color":"","overlay-opacity":"","overlay-gradient":""},"tablet":{"background-color":"","background-image":"","background-repeat":"repeat","background-position":"center center","background-size":"auto","background-attachment":"scroll","background-type":"","background-media":"","overlay-type":"","overlay-color":"","overlay-opacity":"","overlay-gradient":""},"mobile":{"background-color":"","background-image":"","background-repeat":"repeat","background-position":"center center","background-size":"auto","background-attachment":"scroll","background-type":"","background-media":"","overlay-type":"","overlay-color":"","overlay-opacity":"","overlay-gradient":""}},"ast-content-background-meta":{"desktop":{"background-color":"var(--ast-global-color-5)","background-image":"","background-repeat":"repeat","background-position":"center center","background-size":"auto","background-attachment":"scroll","background-type":"","background-media":"","overlay-type":"","overlay-color":"","overlay-opacity":"","overlay-gradient":""},"tablet":{"background-color":"var(--ast-global-color-5)","background-image":"","background-repeat":"repeat","background-position":"center center","background-size":"auto","background-attachment":"scroll","background-type":"","background-media":"","overlay-type":"","overlay-color":"","overlay-opacity":"","overlay-gradient":""},"mobile":{"background-color":"var(--ast-global-color-5)","background-image":"","background-repeat":"repeat","background-position":"center center","background-size":"auto","background-attachment":"scroll","background-type":"","background-media":"","overlay-type":"","overlay-color":"","overlay-opacity":"","overlay-gradient":""}}},"product_brand":[],"product_cat":[16],"product_tag":[],"class_list":{"0":"post-1594","1":"product","2":"type-product","3":"status-publish","4":"has-post-thumbnail","6":"product_cat-maquillaje","7":"desktop-align-left","8":"tablet-align-left","9":"mobile-align-left","11":"first","12":"instock","13":"shipping-taxable","14":"product-type-simple"},"acf":[],"yoast_head":"<!-- This site is optimized with the Yoast SEO plugin v26.1.1 - https:\/\/yoast.com\/wordpress\/plugins\/seo\/ -->\n<title>Labial Ultra Lip Paint - Avon - Ponme a Prueba<\/title>\n<meta name=\"robots\" content=\"index, follow, max-snippet:-1, max-image-preview:large, max-video-preview:-1\" \/>\n<link rel=\"canonical\" href=\"https:\/\/avonponmeaprueba.com\/col\/producto\/labial-ultra-lip-paint\/\" \/>\n<meta property=\"og:locale\" content=\"es_ES\" \/>\n<meta property=\"og:type\" content=\"article\" \/>\n<meta property=\"og:title\" content=\"Labial Ultra Lip Paint - Avon - Ponme a Prueba\" \/>\n<meta property=\"og:description\" content=\"F\u00f3rmula con ingredientes hidratantes: Aceite de aguacate. Aceite de coco, vitamina E, manteca de karit\u00e9, semi mate con color de alta pigmentaci\u00f3n. Acabado semimate con variedad de tonos ultrapigmentados. Brinda humectaci\u00f3n durante todo el d\u00eda. *Basado en una prueba de percepci\u00f3n con consumidores.\" \/>\n<meta property=\"og:url\" content=\"https:\/\/avonponmeaprueba.com\/col\/producto\/labial-ultra-lip-paint\/\" \/>\n<meta property=\"og:site_name\" content=\"Avon - Ponme a Prueba\" \/>\n<meta property=\"article:publisher\" content=\"https:\/\/www.facebook.com\/AvonCO\" \/>\n<meta property=\"article:modified_time\" content=\"2025-06-12T23:20:04+00:00\" \/>\n<meta property=\"og:image\" content=\"https:\/\/avonponmeaprueba.com\/col\/wp-content\/uploads\/2025\/05\/Ultra-Lip-Paint-1.jpg\" \/>\n\t<meta property=\"og:image:width\" content=\"1200\" \/>\n\t<meta property=\"og:image:height\" content=\"1200\" \/>\n\t<meta property=\"og:image:type\" content=\"image\/jpeg\" \/>\n<meta name=\"twitter:card\" content=\"summary_large_image\" \/>\n<meta name=\"twitter:site\" content=\"@avon_colombia\" \/>\n<meta name=\"twitter:label1\" content=\"Tiempo de lectura\" \/>\n\t<meta name=\"twitter:data1\" content=\"1 minuto\" \/>\n<script type=\"application\/ld+json\" class=\"yoast-schema-graph\">{\"@context\":\"https:\/\/schema.org\",\"@graph\":[{\"@type\":\"WebPage\",\"@id\":\"https:\/\/avonponmeaprueba.com\/col\/producto\/labial-ultra-lip-paint\/\",\"url\":\"https:\/\/avonponmeaprueba.com\/col\/producto\/labial-ultra-lip-paint\/\",\"name\":\"Labial Ultra Lip Paint - Avon - Ponme a Prueba\",\"isPartOf\":{\"@id\":\"https:\/\/avonponmeaprueba.com\/col\/#website\"},\"primaryImageOfPage\":{\"@id\":\"https:\/\/avonponmeaprueba.com\/col\/producto\/labial-ultra-lip-paint\/#primaryimage\"},\"image\":{\"@id\":\"https:\/\/avonponmeaprueba.com\/col\/producto\/labial-ultra-lip-paint\/#primaryimage\"},\"thumbnailUrl\":\"https:\/\/avonponmeaprueba.com\/col\/wp-content\/uploads\/2025\/05\/Ultra-Lip-Paint-1.jpg\",\"datePublished\":\"2025-05-29T23:11:58+00:00\",\"dateModified\":\"2025-06-12T23:20:04+00:00\",\"breadcrumb\":{\"@id\":\"https:\/\/avonponmeaprueba.com\/col\/producto\/labial-ultra-lip-paint\/#breadcrumb\"},\"inLanguage\":\"es\",\"potentialAction\":[{\"@type\":\"ReadAction\",\"target\":[\"https:\/\/avonponmeaprueba.com\/col\/producto\/labial-ultra-lip-paint\/\"]}]},{\"@type\":\"ImageObject\",\"inLanguage\":\"es\",\"@id\":\"https:\/\/avonponmeaprueba.com\/col\/producto\/labial-ultra-lip-paint\/#primaryimage\",\"url\":\"https:\/\/avonponmeaprueba.com\/col\/wp-content\/uploads\/2025\/05\/Ultra-Lip-Paint-1.jpg\",\"contentUrl\":\"https:\/\/avonponmeaprueba.com\/col\/wp-content\/uploads\/2025\/05\/Ultra-Lip-Paint-1.jpg\",\"width\":1200,\"height\":1200},{\"@type\":\"BreadcrumbList\",\"@id\":\"https:\/\/avonponmeaprueba.com\/col\/producto\/labial-ultra-lip-paint\/#breadcrumb\",\"itemListElement\":[{\"@type\":\"ListItem\",\"position\":1,\"name\":\"Portada\",\"item\":\"https:\/\/avonponmeaprueba.com\/col\/\"},{\"@type\":\"ListItem\",\"position\":2,\"name\":\"Tienda\",\"item\":\"https:\/\/avonponmeaprueba.com\/col\/tienda\/\"},{\"@type\":\"ListItem\",\"position\":3,\"name\":\"Labial Ultra Lip Paint\"}]},{\"@type\":\"WebSite\",\"@id\":\"https:\/\/avonponmeaprueba.com\/col\/#website\",\"url\":\"https:\/\/avonponmeaprueba.com\/col\/\",\"name\":\"Avon - Ponme a Prueba\",\"description\":\"\",\"publisher\":{\"@id\":\"https:\/\/avonponmeaprueba.com\/col\/#organization\"},\"potentialAction\":[{\"@type\":\"SearchAction\",\"target\":{\"@type\":\"EntryPoint\",\"urlTemplate\":\"https:\/\/avonponmeaprueba.com\/col\/?s={search_term_string}\"},\"query-input\":{\"@type\":\"PropertyValueSpecification\",\"valueRequired\":true,\"valueName\":\"search_term_string\"}}],\"inLanguage\":\"es\"},{\"@type\":\"Organization\",\"@id\":\"https:\/\/avonponmeaprueba.com\/col\/#organization\",\"name\":\"Avon - Ponme a Prueba\",\"url\":\"https:\/\/avonponmeaprueba.com\/col\/\",\"logo\":{\"@type\":\"ImageObject\",\"inLanguage\":\"es\",\"@id\":\"https:\/\/avonponmeaprueba.com\/col\/#\/schema\/logo\/image\/\",\"url\":\"https:\/\/avonponmeaprueba.com\/col\/wp-content\/uploads\/2023\/05\/logo.png\",\"contentUrl\":\"https:\/\/avonponmeaprueba.com\/col\/wp-content\/uploads\/2023\/05\/logo.png\",\"width\":276,\"height\":278,\"caption\":\"Avon - Ponme a Prueba\"},\"image\":{\"@id\":\"https:\/\/avonponmeaprueba.com\/col\/#\/schema\/logo\/image\/\"},\"sameAs\":[\"https:\/\/www.facebook.com\/AvonCO\",\"https:\/\/x.com\/avon_colombia\",\"https:\/\/www.instagram.com\/avon_col\"]}]}<\/script>\n<!-- \/ Yoast SEO plugin. -->","yoast_head_json":{"title":"Labial Ultra Lip Paint - Avon - Ponme a Prueba","robots":{"index":"index","follow":"follow","max-snippet":"max-snippet:-1","max-image-preview":"max-image-preview:large","max-video-preview":"max-video-preview:-1"},"canonical":"https:\/\/avonponmeaprueba.com\/col\/producto\/labial-ultra-lip-paint\/","og_locale":"es_ES","og_type":"article","og_title":"Labial Ultra Lip Paint - Avon - Ponme a Prueba","og_description":"F\u00f3rmula con ingredientes hidratantes: Aceite de aguacate. Aceite de coco, vitamina E, manteca de karit\u00e9, semi mate con color de alta pigmentaci\u00f3n. Acabado semimate con variedad de tonos ultrapigmentados. Brinda humectaci\u00f3n durante todo el d\u00eda. *Basado en una prueba de percepci\u00f3n con consumidores.","og_url":"https:\/\/avonponmeaprueba.com\/col\/producto\/labial-ultra-lip-paint\/","og_site_name":"Avon - Ponme a Prueba","article_publisher":"https:\/\/www.facebook.com\/AvonCO","article_modified_time":"2025-06-12T23:20:04+00:00","og_image":[{"width":1200,"height":1200,"url":"https:\/\/avonponmeaprueba.com\/col\/wp-content\/uploads\/2025\/05\/Ultra-Lip-Paint-1.jpg","type":"image\/jpeg"}],"twitter_card":"summary_large_image","twitter_site":"@avon_colombia","twitter_misc":{"Tiempo de lectura":"1 minuto"},"schema":{"@context":"https:\/\/schema.org","@graph":[{"@type":"WebPage","@id":"https:\/\/avonponmeaprueba.com\/col\/producto\/labial-ultra-lip-paint\/","url":"https:\/\/avonponmeaprueba.com\/col\/producto\/labial-ultra-lip-paint\/","name":"Labial Ultra Lip Paint - Avon - Ponme a Prueba","isPartOf":{"@id":"https:\/\/avonponmeaprueba.com\/col\/#website"},"primaryImageOfPage":{"@id":"https:\/\/avonponmeaprueba.com\/col\/producto\/labial-ultra-lip-paint\/#primaryimage"},"image":{"@id":"https:\/\/avonponmeaprueba.com\/col\/producto\/labial-ultra-lip-paint\/#primaryimage"},"thumbnailUrl":"https:\/\/avonponmeaprueba.com\/col\/wp-content\/uploads\/2025\/05\/Ultra-Lip-Paint-1.jpg","datePublished":"2025-05-29T23:11:58+00:00","dateModified":"2025-06-12T23:20:04+00:00","breadcrumb":{"@id":"https:\/\/avonponmeaprueba.com\/col\/producto\/labial-ultra-lip-paint\/#breadcrumb"},"inLanguage":"es","potentialAction":[{"@type":"ReadAction","target":["https:\/\/avonponmeaprueba.com\/col\/producto\/labial-ultra-lip-paint\/"]}]},{"@type":"ImageObject","inLanguage":"es","@id":"https:\/\/avonponmeaprueba.com\/col\/producto\/labial-ultra-lip-paint\/#primaryimage","url":"https:\/\/avonponmeaprueba.com\/col\/wp-content\/uploads\/2025\/05\/Ultra-Lip-Paint-1.jpg","contentUrl":"https:\/\/avonponmeaprueba.com\/col\/wp-content\/uploads\/2025\/05\/Ultra-Lip-Paint-1.jpg","width":1200,"height":1200},{"@type":"BreadcrumbList","@id":"https:\/\/avonponmeaprueba.com\/col\/producto\/labial-ultra-lip-paint\/#breadcrumb","itemListElement":[{"@type":"ListItem","position":1,"name":"Portada","item":"https:\/\/avonponmeaprueba.com\/col\/"},{"@type":"ListItem","position":2,"name":"Tienda","item":"https:\/\/avonponmeaprueba.com\/col\/tienda\/"},{"@type":"ListItem","position":3,"name":"Labial Ultra Lip Paint"}]},{"@type":"WebSite","@id":"https:\/\/avonponmeaprueba.com\/col\/#website","url":"https:\/\/avonponmeaprueba.com\/col\/","name":"Avon - Ponme a Prueba","description":"","publisher":{"@id":"https:\/\/avonponmeaprueba.com\/col\/#organization"},"potentialAction":[{"@type":"SearchAction","target":{"@type":"EntryPoint","urlTemplate":"https:\/\/avonponmeaprueba.com\/col\/?s={search_term_string}"},"query-input":{"@type":"PropertyValueSpecification","valueRequired":true,"valueName":"search_term_string"}}],"inLanguage":"es"},{"@type":"Organization","@id":"https:\/\/avonponmeaprueba.com\/col\/#organization","name":"Avon - Ponme a Prueba","url":"https:\/\/avonponmeaprueba.com\/col\/","logo":{"@type":"ImageObject","inLanguage":"es","@id":"https:\/\/avonponmeaprueba.com\/col\/#\/schema\/logo\/image\/","url":"https:\/\/avonponmeaprueba.com\/col\/wp-content\/uploads\/2023\/05\/logo.png","contentUrl":"https:\/\/avonponmeaprueba.com\/col\/wp-content\/uploads\/2023\/05\/logo.png","width":276,"height":278,"caption":"Avon - Ponme a Prueba"},"image":{"@id":"https:\/\/avonponmeaprueba.com\/col\/#\/schema\/logo\/image\/"},"sameAs":["https:\/\/www.facebook.com\/AvonCO","https:\/\/x.com\/avon_colombia","https:\/\/www.instagram.com\/avon_col"]}]}},"_links":{"self":[{"href":"https:\/\/avonponmeaprueba.com\/col\/wp-json\/wp\/v2\/product\/1594","targetHints":{"allow":["GET"]}}],"collection":[{"href":"https:\/\/avonponmeaprueba.com\/col\/wp-json\/wp\/v2\/product"}],"about":[{"href":"https:\/\/avonponmeaprueba.com\/col\/wp-json\/wp\/v2\/types\/product"}],"replies":[{"embeddable":true,"href":"https:\/\/avonponmeaprueba.com\/col\/wp-json\/wp\/v2\/comments?post=1594"}],"wp:featuredmedia":[{"embeddable":true,"href":"https:\/\/avonponmeaprueba.com\/col\/wp-json\/wp\/v2\/media\/1596"}],"wp:attachment":[{"href":"https:\/\/avonponmeaprueba.com\/col\/wp-json\/wp\/v2\/media?parent=1594"}],"wp:term":[{"taxonomy":"product_brand","embeddable":true,"href":"https:\/\/avonponmeaprueba.com\/col\/wp-json\/wp\/v2\/product_brand?post=1594"},{"taxonomy":"product_cat","embeddable":true,"href":"https:\/\/avonponmeaprueba.com\/col\/wp-json\/wp\/v2\/product_cat?post=1594"},{"taxonomy":"product_tag","embeddable":true,"href":"https:\/\/avonponmeaprueba.com\/col\/wp-json\/wp\/v2\/product_tag?post=1594"}],"curies":[{"name":"wp","href":"https:\/\/api.w.org\/{rel}","templated":true}]}}