{"id":84,"date":"2023-05-29T07:00:47","date_gmt":"2023-05-29T02:00:47","guid":{"rendered":"https:\/\/avonponmeaprueba.com\/col\/?post_type=product&#038;p=84"},"modified":"2024-07-24T08:18:44","modified_gmt":"2024-07-24T03:18:44","slug":"anew-serum-facial-antioxidante-vitamina-c","status":"publish","type":"product","link":"https:\/\/avonponmeaprueba.com\/col\/producto\/anew-serum-facial-antioxidante-vitamina-c\/","title":{"rendered":"Anew S\u00e9rum Facial Antioxidante Vitamina C"},"content":{"rendered":"<p><span style=\"font-weight: 400;\">Comprueba el poder de la vitamina C sobre tu piel: 30 naranjas en 1 s\u00e9rum.<\/span><\/p>\n<p><span style=\"font-weight: 400;\">\u00a1Ponme a prueba y luce tu piel firme, rejuvenecida y luminosa!<\/span><\/p>\n<p><span style=\"font-weight: 400;\">Contenido: 30 ml<\/span><\/p>\n<p><strong>Beneficios:<\/strong><\/p>\n<p><span style=\"font-weight: 400;\">-Este s\u00e9rum proporciona vitamina C concentrada, un poderoso antioxidante, directamente sobre su piel para un impulso de luminosidad al instante.<\/span><\/p>\n<p><span style=\"font-weight: 400;\">-Tiene triple acci\u00f3n. Es antioxidante, brinda luminosidad y act\u00faa sobre las arrugas.<\/span><\/p>\n<p><span style=\"font-weight: 400;\">-Tiene 10% de concentraci\u00f3n de Vitamina C, un antioxidante que ayuda a combatir los efectos nocivos que producen los radicales libres y disminuir visiblemente la apariencia de arrugas, para un aspecto m\u00e1s fresco, luminoso y revitalizado*.<\/span><\/p>\n<p><span style=\"font-weight: 400;\">Recomendaci\u00f3n:<\/span><\/p>\n<p><span style=\"font-weight: 400;\">-Puedes usarlo de d\u00eda y de noche antes de tu crema facial Anew. Adecuado para usar en el cuello y el pecho. Cl\u00ednicamente Probado. Alergicamente Probado. Probado por dermat\u00f3logos.<\/span><\/p>\n<p><span style=\"font-weight: 400;\">Adecuado para todo los tipos y tonos de piel.<\/span><\/p>\n<p><span style=\"font-weight: 400; font-size:12px\">* Basado en estudios de eficacia cl\u00ednica y de percepci\u00f3n con consumidores.<\/span><\/p>\n<p><span style=\"font-weight: 400; font-size:12px\">*Basado en estudios de eficacia cl\u00ednica y de percepci\u00f3n de consumidores, con el uso continuo.<\/span><\/p>\n","protected":false},"excerpt":{"rendered":"<p>Comprueba el poder de la vitamina C sobre tu piel: 30 naranjas en 1 s\u00e9rum. \u00a1Ponme a prueba y luce tu piel firme, rejuvenecida y luminosa! Contenido: 30 ml Beneficios: -Este s\u00e9rum proporciona vitamina C concentrada, un poderoso antioxidante, directamente sobre su piel para un impulso de luminosidad al instante. -Tiene triple acci\u00f3n. Es antioxidante, [&hellip;]<\/p>\n","protected":false},"featured_media":565,"comment_status":"open","ping_status":"closed","template":"","meta":{"_acf_changed":false,"site-sidebar-layout":"default","site-content-layout":"default","ast-site-content-layout":"default","site-content-style":"default","site-sidebar-style":"default","ast-global-header-display":"","ast-banner-title-visibility":"","ast-main-header-display":"","ast-hfb-above-header-display":"","ast-hfb-below-header-display":"","ast-hfb-mobile-header-display":"","site-post-title":"","ast-breadcrumbs-content":"","ast-featured-img":"","footer-sml-layout":"","theme-transparent-header-meta":"default","adv-header-id-meta":"","stick-header-meta":"","header-above-stick-meta":"","header-main-stick-meta":"","header-below-stick-meta":"","astra-migrate-meta-layouts":"set","ast-page-background-enabled":"default","ast-page-background-meta":{"desktop":{"background-color":"var(--ast-global-color-4)","background-image":"","background-repeat":"repeat","background-position":"center center","background-size":"auto","background-attachment":"scroll","background-type":"","background-media":"","overlay-type":"","overlay-color":"","overlay-opacity":"","overlay-gradient":""},"tablet":{"background-color":"","background-image":"","background-repeat":"repeat","background-position":"center center","background-size":"auto","background-attachment":"scroll","background-type":"","background-media":"","overlay-type":"","overlay-color":"","overlay-opacity":"","overlay-gradient":""},"mobile":{"background-color":"","background-image":"","background-repeat":"repeat","background-position":"center center","background-size":"auto","background-attachment":"scroll","background-type":"","background-media":"","overlay-type":"","overlay-color":"","overlay-opacity":"","overlay-gradient":""}},"ast-content-background-meta":{"desktop":{"background-color":"var(--ast-global-color-5)","background-image":"","background-repeat":"repeat","background-position":"center center","background-size":"auto","background-attachment":"scroll","background-type":"","background-media":"","overlay-type":"","overlay-color":"","overlay-opacity":"","overlay-gradient":""},"tablet":{"background-color":"var(--ast-global-color-5)","background-image":"","background-repeat":"repeat","background-position":"center center","background-size":"auto","background-attachment":"scroll","background-type":"","background-media":"","overlay-type":"","overlay-color":"","overlay-opacity":"","overlay-gradient":""},"mobile":{"background-color":"var(--ast-global-color-5)","background-image":"","background-repeat":"repeat","background-position":"center center","background-size":"auto","background-attachment":"scroll","background-type":"","background-media":"","overlay-type":"","overlay-color":"","overlay-opacity":"","overlay-gradient":""}}},"product_brand":[],"product_cat":[20],"product_tag":[],"class_list":{"0":"post-84","1":"product","2":"type-product","3":"status-publish","4":"has-post-thumbnail","6":"product_cat-rostro","7":"desktop-align-left","8":"tablet-align-left","9":"mobile-align-left","11":"first","12":"instock","13":"shipping-taxable","14":"product-type-simple"},"acf":[],"yoast_head":"<!-- This site is optimized with the Yoast SEO plugin v26.1.1 - https:\/\/yoast.com\/wordpress\/plugins\/seo\/ -->\n<title>Anew S\u00e9rum Facial Antioxidante Vitamina C - Avon - Ponme a Prueba<\/title>\n<meta name=\"robots\" content=\"index, follow, max-snippet:-1, max-image-preview:large, max-video-preview:-1\" \/>\n<link rel=\"canonical\" href=\"https:\/\/avonponmeaprueba.com\/col\/producto\/anew-serum-facial-antioxidante-vitamina-c\/\" \/>\n<meta property=\"og:locale\" content=\"es_ES\" \/>\n<meta property=\"og:type\" content=\"article\" \/>\n<meta property=\"og:title\" content=\"Anew S\u00e9rum Facial Antioxidante Vitamina C - Avon - Ponme a Prueba\" \/>\n<meta property=\"og:description\" content=\"Comprueba el poder de la vitamina C sobre tu piel: 30 naranjas en 1 s\u00e9rum. \u00a1Ponme a prueba y luce tu piel firme, rejuvenecida y luminosa! Contenido: 30 ml Beneficios: -Este s\u00e9rum proporciona vitamina C concentrada, un poderoso antioxidante, directamente sobre su piel para un impulso de luminosidad al instante. -Tiene triple acci\u00f3n. Es antioxidante, [&hellip;]\" \/>\n<meta property=\"og:url\" content=\"https:\/\/avonponmeaprueba.com\/col\/producto\/anew-serum-facial-antioxidante-vitamina-c\/\" \/>\n<meta property=\"og:site_name\" content=\"Avon - Ponme a Prueba\" \/>\n<meta property=\"article:publisher\" content=\"https:\/\/www.facebook.com\/AvonCO\" \/>\n<meta property=\"article:modified_time\" content=\"2024-07-24T03:18:44+00:00\" \/>\n<meta property=\"og:image\" content=\"https:\/\/avonponmeaprueba.com\/col\/wp-content\/uploads\/2023\/05\/Sin-titulo-1_Mesa-de-trabajo-1-copia-17-scaled.jpg\" \/>\n\t<meta property=\"og:image:width\" content=\"2560\" \/>\n\t<meta property=\"og:image:height\" content=\"2560\" \/>\n\t<meta property=\"og:image:type\" content=\"image\/jpeg\" \/>\n<meta name=\"twitter:card\" content=\"summary_large_image\" \/>\n<meta name=\"twitter:site\" content=\"@avon_colombia\" \/>\n<meta name=\"twitter:label1\" content=\"Tiempo de lectura\" \/>\n\t<meta name=\"twitter:data1\" content=\"1 minuto\" \/>\n<script type=\"application\/ld+json\" class=\"yoast-schema-graph\">{\"@context\":\"https:\/\/schema.org\",\"@graph\":[{\"@type\":\"WebPage\",\"@id\":\"https:\/\/avonponmeaprueba.com\/col\/producto\/anew-serum-facial-antioxidante-vitamina-c\/\",\"url\":\"https:\/\/avonponmeaprueba.com\/col\/producto\/anew-serum-facial-antioxidante-vitamina-c\/\",\"name\":\"Anew S\u00e9rum Facial Antioxidante Vitamina C - Avon - Ponme a Prueba\",\"isPartOf\":{\"@id\":\"https:\/\/avonponmeaprueba.com\/col\/#website\"},\"primaryImageOfPage\":{\"@id\":\"https:\/\/avonponmeaprueba.com\/col\/producto\/anew-serum-facial-antioxidante-vitamina-c\/#primaryimage\"},\"image\":{\"@id\":\"https:\/\/avonponmeaprueba.com\/col\/producto\/anew-serum-facial-antioxidante-vitamina-c\/#primaryimage\"},\"thumbnailUrl\":\"https:\/\/avonponmeaprueba.com\/col\/wp-content\/uploads\/2023\/05\/Sin-titulo-1_Mesa-de-trabajo-1-copia-17-scaled.jpg\",\"datePublished\":\"2023-05-29T02:00:47+00:00\",\"dateModified\":\"2024-07-24T03:18:44+00:00\",\"breadcrumb\":{\"@id\":\"https:\/\/avonponmeaprueba.com\/col\/producto\/anew-serum-facial-antioxidante-vitamina-c\/#breadcrumb\"},\"inLanguage\":\"es\",\"potentialAction\":[{\"@type\":\"ReadAction\",\"target\":[\"https:\/\/avonponmeaprueba.com\/col\/producto\/anew-serum-facial-antioxidante-vitamina-c\/\"]}]},{\"@type\":\"ImageObject\",\"inLanguage\":\"es\",\"@id\":\"https:\/\/avonponmeaprueba.com\/col\/producto\/anew-serum-facial-antioxidante-vitamina-c\/#primaryimage\",\"url\":\"https:\/\/avonponmeaprueba.com\/col\/wp-content\/uploads\/2023\/05\/Sin-titulo-1_Mesa-de-trabajo-1-copia-17-scaled.jpg\",\"contentUrl\":\"https:\/\/avonponmeaprueba.com\/col\/wp-content\/uploads\/2023\/05\/Sin-titulo-1_Mesa-de-trabajo-1-copia-17-scaled.jpg\",\"width\":2560,\"height\":2560},{\"@type\":\"BreadcrumbList\",\"@id\":\"https:\/\/avonponmeaprueba.com\/col\/producto\/anew-serum-facial-antioxidante-vitamina-c\/#breadcrumb\",\"itemListElement\":[{\"@type\":\"ListItem\",\"position\":1,\"name\":\"Portada\",\"item\":\"https:\/\/avonponmeaprueba.com\/col\/\"},{\"@type\":\"ListItem\",\"position\":2,\"name\":\"Tienda\",\"item\":\"https:\/\/avonponmeaprueba.com\/col\/tienda\/\"},{\"@type\":\"ListItem\",\"position\":3,\"name\":\"Anew S\u00e9rum Facial Antioxidante Vitamina C\"}]},{\"@type\":\"WebSite\",\"@id\":\"https:\/\/avonponmeaprueba.com\/col\/#website\",\"url\":\"https:\/\/avonponmeaprueba.com\/col\/\",\"name\":\"Avon - Ponme a Prueba\",\"description\":\"\",\"publisher\":{\"@id\":\"https:\/\/avonponmeaprueba.com\/col\/#organization\"},\"potentialAction\":[{\"@type\":\"SearchAction\",\"target\":{\"@type\":\"EntryPoint\",\"urlTemplate\":\"https:\/\/avonponmeaprueba.com\/col\/?s={search_term_string}\"},\"query-input\":{\"@type\":\"PropertyValueSpecification\",\"valueRequired\":true,\"valueName\":\"search_term_string\"}}],\"inLanguage\":\"es\"},{\"@type\":\"Organization\",\"@id\":\"https:\/\/avonponmeaprueba.com\/col\/#organization\",\"name\":\"Avon - Ponme a Prueba\",\"url\":\"https:\/\/avonponmeaprueba.com\/col\/\",\"logo\":{\"@type\":\"ImageObject\",\"inLanguage\":\"es\",\"@id\":\"https:\/\/avonponmeaprueba.com\/col\/#\/schema\/logo\/image\/\",\"url\":\"https:\/\/avonponmeaprueba.com\/col\/wp-content\/uploads\/2023\/05\/logo.png\",\"contentUrl\":\"https:\/\/avonponmeaprueba.com\/col\/wp-content\/uploads\/2023\/05\/logo.png\",\"width\":276,\"height\":278,\"caption\":\"Avon - Ponme a Prueba\"},\"image\":{\"@id\":\"https:\/\/avonponmeaprueba.com\/col\/#\/schema\/logo\/image\/\"},\"sameAs\":[\"https:\/\/www.facebook.com\/AvonCO\",\"https:\/\/x.com\/avon_colombia\",\"https:\/\/www.instagram.com\/avon_col\"]}]}<\/script>\n<!-- \/ Yoast SEO plugin. -->","yoast_head_json":{"title":"Anew S\u00e9rum Facial Antioxidante Vitamina C - Avon - Ponme a Prueba","robots":{"index":"index","follow":"follow","max-snippet":"max-snippet:-1","max-image-preview":"max-image-preview:large","max-video-preview":"max-video-preview:-1"},"canonical":"https:\/\/avonponmeaprueba.com\/col\/producto\/anew-serum-facial-antioxidante-vitamina-c\/","og_locale":"es_ES","og_type":"article","og_title":"Anew S\u00e9rum Facial Antioxidante Vitamina C - Avon - Ponme a Prueba","og_description":"Comprueba el poder de la vitamina C sobre tu piel: 30 naranjas en 1 s\u00e9rum. \u00a1Ponme a prueba y luce tu piel firme, rejuvenecida y luminosa! Contenido: 30 ml Beneficios: -Este s\u00e9rum proporciona vitamina C concentrada, un poderoso antioxidante, directamente sobre su piel para un impulso de luminosidad al instante. -Tiene triple acci\u00f3n. Es antioxidante, [&hellip;]","og_url":"https:\/\/avonponmeaprueba.com\/col\/producto\/anew-serum-facial-antioxidante-vitamina-c\/","og_site_name":"Avon - Ponme a Prueba","article_publisher":"https:\/\/www.facebook.com\/AvonCO","article_modified_time":"2024-07-24T03:18:44+00:00","og_image":[{"width":2560,"height":2560,"url":"https:\/\/avonponmeaprueba.com\/col\/wp-content\/uploads\/2023\/05\/Sin-titulo-1_Mesa-de-trabajo-1-copia-17-scaled.jpg","type":"image\/jpeg"}],"twitter_card":"summary_large_image","twitter_site":"@avon_colombia","twitter_misc":{"Tiempo de lectura":"1 minuto"},"schema":{"@context":"https:\/\/schema.org","@graph":[{"@type":"WebPage","@id":"https:\/\/avonponmeaprueba.com\/col\/producto\/anew-serum-facial-antioxidante-vitamina-c\/","url":"https:\/\/avonponmeaprueba.com\/col\/producto\/anew-serum-facial-antioxidante-vitamina-c\/","name":"Anew S\u00e9rum Facial Antioxidante Vitamina C - Avon - Ponme a Prueba","isPartOf":{"@id":"https:\/\/avonponmeaprueba.com\/col\/#website"},"primaryImageOfPage":{"@id":"https:\/\/avonponmeaprueba.com\/col\/producto\/anew-serum-facial-antioxidante-vitamina-c\/#primaryimage"},"image":{"@id":"https:\/\/avonponmeaprueba.com\/col\/producto\/anew-serum-facial-antioxidante-vitamina-c\/#primaryimage"},"thumbnailUrl":"https:\/\/avonponmeaprueba.com\/col\/wp-content\/uploads\/2023\/05\/Sin-titulo-1_Mesa-de-trabajo-1-copia-17-scaled.jpg","datePublished":"2023-05-29T02:00:47+00:00","dateModified":"2024-07-24T03:18:44+00:00","breadcrumb":{"@id":"https:\/\/avonponmeaprueba.com\/col\/producto\/anew-serum-facial-antioxidante-vitamina-c\/#breadcrumb"},"inLanguage":"es","potentialAction":[{"@type":"ReadAction","target":["https:\/\/avonponmeaprueba.com\/col\/producto\/anew-serum-facial-antioxidante-vitamina-c\/"]}]},{"@type":"ImageObject","inLanguage":"es","@id":"https:\/\/avonponmeaprueba.com\/col\/producto\/anew-serum-facial-antioxidante-vitamina-c\/#primaryimage","url":"https:\/\/avonponmeaprueba.com\/col\/wp-content\/uploads\/2023\/05\/Sin-titulo-1_Mesa-de-trabajo-1-copia-17-scaled.jpg","contentUrl":"https:\/\/avonponmeaprueba.com\/col\/wp-content\/uploads\/2023\/05\/Sin-titulo-1_Mesa-de-trabajo-1-copia-17-scaled.jpg","width":2560,"height":2560},{"@type":"BreadcrumbList","@id":"https:\/\/avonponmeaprueba.com\/col\/producto\/anew-serum-facial-antioxidante-vitamina-c\/#breadcrumb","itemListElement":[{"@type":"ListItem","position":1,"name":"Portada","item":"https:\/\/avonponmeaprueba.com\/col\/"},{"@type":"ListItem","position":2,"name":"Tienda","item":"https:\/\/avonponmeaprueba.com\/col\/tienda\/"},{"@type":"ListItem","position":3,"name":"Anew S\u00e9rum Facial Antioxidante Vitamina C"}]},{"@type":"WebSite","@id":"https:\/\/avonponmeaprueba.com\/col\/#website","url":"https:\/\/avonponmeaprueba.com\/col\/","name":"Avon - Ponme a Prueba","description":"","publisher":{"@id":"https:\/\/avonponmeaprueba.com\/col\/#organization"},"potentialAction":[{"@type":"SearchAction","target":{"@type":"EntryPoint","urlTemplate":"https:\/\/avonponmeaprueba.com\/col\/?s={search_term_string}"},"query-input":{"@type":"PropertyValueSpecification","valueRequired":true,"valueName":"search_term_string"}}],"inLanguage":"es"},{"@type":"Organization","@id":"https:\/\/avonponmeaprueba.com\/col\/#organization","name":"Avon - Ponme a Prueba","url":"https:\/\/avonponmeaprueba.com\/col\/","logo":{"@type":"ImageObject","inLanguage":"es","@id":"https:\/\/avonponmeaprueba.com\/col\/#\/schema\/logo\/image\/","url":"https:\/\/avonponmeaprueba.com\/col\/wp-content\/uploads\/2023\/05\/logo.png","contentUrl":"https:\/\/avonponmeaprueba.com\/col\/wp-content\/uploads\/2023\/05\/logo.png","width":276,"height":278,"caption":"Avon - Ponme a Prueba"},"image":{"@id":"https:\/\/avonponmeaprueba.com\/col\/#\/schema\/logo\/image\/"},"sameAs":["https:\/\/www.facebook.com\/AvonCO","https:\/\/x.com\/avon_colombia","https:\/\/www.instagram.com\/avon_col"]}]}},"_links":{"self":[{"href":"https:\/\/avonponmeaprueba.com\/col\/wp-json\/wp\/v2\/product\/84","targetHints":{"allow":["GET"]}}],"collection":[{"href":"https:\/\/avonponmeaprueba.com\/col\/wp-json\/wp\/v2\/product"}],"about":[{"href":"https:\/\/avonponmeaprueba.com\/col\/wp-json\/wp\/v2\/types\/product"}],"replies":[{"embeddable":true,"href":"https:\/\/avonponmeaprueba.com\/col\/wp-json\/wp\/v2\/comments?post=84"}],"wp:featuredmedia":[{"embeddable":true,"href":"https:\/\/avonponmeaprueba.com\/col\/wp-json\/wp\/v2\/media\/565"}],"wp:attachment":[{"href":"https:\/\/avonponmeaprueba.com\/col\/wp-json\/wp\/v2\/media?parent=84"}],"wp:term":[{"taxonomy":"product_brand","embeddable":true,"href":"https:\/\/avonponmeaprueba.com\/col\/wp-json\/wp\/v2\/product_brand?post=84"},{"taxonomy":"product_cat","embeddable":true,"href":"https:\/\/avonponmeaprueba.com\/col\/wp-json\/wp\/v2\/product_cat?post=84"},{"taxonomy":"product_tag","embeddable":true,"href":"https:\/\/avonponmeaprueba.com\/col\/wp-json\/wp\/v2\/product_tag?post=84"}],"curies":[{"name":"wp","href":"https:\/\/api.w.org\/{rel}","templated":true}]}}