{"id":88,"date":"2023-05-29T09:00:38","date_gmt":"2023-05-29T04:00:38","guid":{"rendered":"https:\/\/avonponmeaprueba.com\/col\/?post_type=product&#038;p=88"},"modified":"2024-09-05T14:18:13","modified_gmt":"2024-09-05T19:18:13","slug":"anew-ultimate-con-protinol","status":"publish","type":"product","link":"https:\/\/avonponmeaprueba.com\/col\/producto\/anew-ultimate-con-protinol\/","title":{"rendered":"Anew Ultimate con Protinol"},"content":{"rendered":"<p><span style=\"font-weight: 400;\">\u00a1Conoce la revoluci\u00f3n del col\u00e1geno!<\/span><\/p>\n<p><span style=\"font-weight: 400;\">Piel m\u00e1s fuerte y visiblemente m\u00e1s saludable con mayor vitalidad, volumen y firmeza.<\/span><\/p>\n<p><span style=\"font-weight: 400;\">\u00bfQu\u00e9 es el protinol?<\/span><\/p>\n<p><span style=\"font-weight: 400;\">-Es la tecnolog\u00eda creada y patentada por Avon Products Inc. que ayuda a estimular la producci\u00f3n de col\u00e1geno de la piel.\u00a0<\/span><\/p>\n<p><span style=\"font-weight: 400;\">-Cada crema de cuidado facial combina el Protinol con su tecnolog\u00eda espec\u00edfica logrando una f\u00f3rmula superior.<\/span><\/p>\n<p><span style=\"font-weight: 400;\">\u00bfQu\u00e9 es el col\u00e1geno?<\/span><\/p>\n<p><span style=\"font-weight: 400;\">El col\u00e1geno constituye el 80 % de la piel y, en consecuencia, es la prote\u00edna estructural m\u00e1s importante de la misma. El col\u00e1geno es la prote\u00edna m\u00e1s abundante en el cuerpo humano.\u00a0 Se halla en los huesos, los m\u00fasculos, la piel y los tendones. Su funci\u00f3n principal consiste en mantener unidas las partes del cuerpo. As\u00ed, esta sustancia, crea una especie de andamio que proporciona fuerza, estructura y soporte.\u00a0<\/span><\/p>\n<p><span style=\"font-weight: 400;\">\u00bfPor qu\u00e9 te va encantar la\u00a0 crema Anew Ultimate de d\u00eda y noche?<\/span><\/p>\n<ul>\n<li style=\"font-weight: 400;\" aria-level=\"1\"><span style=\"font-weight: 400;\">Te brinda renovaci\u00f3n y firmeza en s\u00f3lo 2 d\u00edas*.<\/span><\/li>\n<li style=\"font-weight: 400;\" aria-level=\"1\"><span style=\"font-weight: 400;\">Cuenta con Protinol \u2122 + Floretin que ayudan a estimular la producci\u00f3n de col\u00e1geno para una piel firme, suave y radiante.<\/span><\/li>\n<\/ul>\n<p><span style=\"font-weight: 400;\">Crema de d\u00eda con FPS 25 \/ Crema de noche para mujeres mayores de 45 a\u00f1os<\/span><\/p>\n<p><span style=\"font-weight: 400;\">Contenido 50g.<\/span><\/p>\n<p><span style=\"font-weight: 400; font-size:12px\">*Resultados basados en un estudio de percepci\u00f3n de consumidores.<\/span><br \/>\n&nbsp;<\/p>\n","protected":false},"excerpt":{"rendered":"<p>\u00a1Conoce la revoluci\u00f3n del col\u00e1geno! Piel m\u00e1s fuerte y visiblemente m\u00e1s saludable con mayor vitalidad, volumen y firmeza. \u00bfQu\u00e9 es el protinol? -Es la tecnolog\u00eda creada y patentada por Avon Products Inc. que ayuda a estimular la producci\u00f3n de col\u00e1geno de la piel.\u00a0 -Cada crema de cuidado facial combina el Protinol con su tecnolog\u00eda espec\u00edfica [&hellip;]<\/p>\n","protected":false},"featured_media":556,"comment_status":"open","ping_status":"closed","template":"","meta":{"_acf_changed":false,"site-sidebar-layout":"default","site-content-layout":"default","ast-site-content-layout":"default","site-content-style":"default","site-sidebar-style":"default","ast-global-header-display":"","ast-banner-title-visibility":"","ast-main-header-display":"","ast-hfb-above-header-display":"","ast-hfb-below-header-display":"","ast-hfb-mobile-header-display":"","site-post-title":"","ast-breadcrumbs-content":"","ast-featured-img":"","footer-sml-layout":"","theme-transparent-header-meta":"default","adv-header-id-meta":"","stick-header-meta":"","header-above-stick-meta":"","header-main-stick-meta":"","header-below-stick-meta":"","astra-migrate-meta-layouts":"set","ast-page-background-enabled":"default","ast-page-background-meta":{"desktop":{"background-color":"var(--ast-global-color-4)","background-image":"","background-repeat":"repeat","background-position":"center center","background-size":"auto","background-attachment":"scroll","background-type":"","background-media":"","overlay-type":"","overlay-color":"","overlay-opacity":"","overlay-gradient":""},"tablet":{"background-color":"","background-image":"","background-repeat":"repeat","background-position":"center center","background-size":"auto","background-attachment":"scroll","background-type":"","background-media":"","overlay-type":"","overlay-color":"","overlay-opacity":"","overlay-gradient":""},"mobile":{"background-color":"","background-image":"","background-repeat":"repeat","background-position":"center center","background-size":"auto","background-attachment":"scroll","background-type":"","background-media":"","overlay-type":"","overlay-color":"","overlay-opacity":"","overlay-gradient":""}},"ast-content-background-meta":{"desktop":{"background-color":"var(--ast-global-color-5)","background-image":"","background-repeat":"repeat","background-position":"center center","background-size":"auto","background-attachment":"scroll","background-type":"","background-media":"","overlay-type":"","overlay-color":"","overlay-opacity":"","overlay-gradient":""},"tablet":{"background-color":"var(--ast-global-color-5)","background-image":"","background-repeat":"repeat","background-position":"center center","background-size":"auto","background-attachment":"scroll","background-type":"","background-media":"","overlay-type":"","overlay-color":"","overlay-opacity":"","overlay-gradient":""},"mobile":{"background-color":"var(--ast-global-color-5)","background-image":"","background-repeat":"repeat","background-position":"center center","background-size":"auto","background-attachment":"scroll","background-type":"","background-media":"","overlay-type":"","overlay-color":"","overlay-opacity":"","overlay-gradient":""}}},"product_brand":[],"product_cat":[20],"product_tag":[],"class_list":{"0":"post-88","1":"product","2":"type-product","3":"status-publish","4":"has-post-thumbnail","6":"product_cat-rostro","7":"desktop-align-left","8":"tablet-align-left","9":"mobile-align-left","11":"first","12":"instock","13":"shipping-taxable","14":"product-type-simple"},"acf":[],"yoast_head":"<!-- This site is optimized with the Yoast SEO plugin v26.1.1 - https:\/\/yoast.com\/wordpress\/plugins\/seo\/ -->\n<title>Anew Ultimate con Protinol - Avon - Ponme a Prueba<\/title>\n<meta name=\"robots\" content=\"index, follow, max-snippet:-1, max-image-preview:large, max-video-preview:-1\" \/>\n<link rel=\"canonical\" href=\"https:\/\/avonponmeaprueba.com\/col\/producto\/anew-ultimate-con-protinol\/\" \/>\n<meta property=\"og:locale\" content=\"es_ES\" \/>\n<meta property=\"og:type\" content=\"article\" \/>\n<meta property=\"og:title\" content=\"Anew Ultimate con Protinol - Avon - Ponme a Prueba\" \/>\n<meta property=\"og:description\" content=\"\u00a1Conoce la revoluci\u00f3n del col\u00e1geno! Piel m\u00e1s fuerte y visiblemente m\u00e1s saludable con mayor vitalidad, volumen y firmeza. \u00bfQu\u00e9 es el protinol? -Es la tecnolog\u00eda creada y patentada por Avon Products Inc. que ayuda a estimular la producci\u00f3n de col\u00e1geno de la piel.\u00a0 -Cada crema de cuidado facial combina el Protinol con su tecnolog\u00eda espec\u00edfica [&hellip;]\" \/>\n<meta property=\"og:url\" content=\"https:\/\/avonponmeaprueba.com\/col\/producto\/anew-ultimate-con-protinol\/\" \/>\n<meta property=\"og:site_name\" content=\"Avon - Ponme a Prueba\" \/>\n<meta property=\"article:publisher\" content=\"https:\/\/www.facebook.com\/AvonCO\" \/>\n<meta property=\"article:modified_time\" content=\"2024-09-05T19:18:13+00:00\" \/>\n<meta property=\"og:image\" content=\"https:\/\/avonponmeaprueba.com\/col\/wp-content\/uploads\/2023\/06\/Sin-titulo-1_Mesa-de-trabajo-1-copia-9.jpg\" \/>\n\t<meta property=\"og:image:width\" content=\"1\" \/>\n\t<meta property=\"og:image:height\" content=\"1\" \/>\n\t<meta property=\"og:image:type\" content=\"image\/jpeg\" \/>\n<meta name=\"twitter:card\" content=\"summary_large_image\" \/>\n<meta name=\"twitter:site\" content=\"@avon_colombia\" \/>\n<meta name=\"twitter:label1\" content=\"Tiempo de lectura\" \/>\n\t<meta name=\"twitter:data1\" content=\"1 minuto\" \/>\n<script type=\"application\/ld+json\" class=\"yoast-schema-graph\">{\"@context\":\"https:\/\/schema.org\",\"@graph\":[{\"@type\":\"WebPage\",\"@id\":\"https:\/\/avonponmeaprueba.com\/col\/producto\/anew-ultimate-con-protinol\/\",\"url\":\"https:\/\/avonponmeaprueba.com\/col\/producto\/anew-ultimate-con-protinol\/\",\"name\":\"Anew Ultimate con Protinol - Avon - Ponme a Prueba\",\"isPartOf\":{\"@id\":\"https:\/\/avonponmeaprueba.com\/col\/#website\"},\"primaryImageOfPage\":{\"@id\":\"https:\/\/avonponmeaprueba.com\/col\/producto\/anew-ultimate-con-protinol\/#primaryimage\"},\"image\":{\"@id\":\"https:\/\/avonponmeaprueba.com\/col\/producto\/anew-ultimate-con-protinol\/#primaryimage\"},\"thumbnailUrl\":\"https:\/\/avonponmeaprueba.com\/col\/wp-content\/uploads\/2023\/06\/Sin-titulo-1_Mesa-de-trabajo-1-copia-9-scaled.jpg\",\"datePublished\":\"2023-05-29T04:00:38+00:00\",\"dateModified\":\"2024-09-05T19:18:13+00:00\",\"breadcrumb\":{\"@id\":\"https:\/\/avonponmeaprueba.com\/col\/producto\/anew-ultimate-con-protinol\/#breadcrumb\"},\"inLanguage\":\"es\",\"potentialAction\":[{\"@type\":\"ReadAction\",\"target\":[\"https:\/\/avonponmeaprueba.com\/col\/producto\/anew-ultimate-con-protinol\/\"]}]},{\"@type\":\"ImageObject\",\"inLanguage\":\"es\",\"@id\":\"https:\/\/avonponmeaprueba.com\/col\/producto\/anew-ultimate-con-protinol\/#primaryimage\",\"url\":\"https:\/\/avonponmeaprueba.com\/col\/wp-content\/uploads\/2023\/06\/Sin-titulo-1_Mesa-de-trabajo-1-copia-9-scaled.jpg\",\"contentUrl\":\"https:\/\/avonponmeaprueba.com\/col\/wp-content\/uploads\/2023\/06\/Sin-titulo-1_Mesa-de-trabajo-1-copia-9-scaled.jpg\",\"width\":2560,\"height\":2560},{\"@type\":\"BreadcrumbList\",\"@id\":\"https:\/\/avonponmeaprueba.com\/col\/producto\/anew-ultimate-con-protinol\/#breadcrumb\",\"itemListElement\":[{\"@type\":\"ListItem\",\"position\":1,\"name\":\"Portada\",\"item\":\"https:\/\/avonponmeaprueba.com\/col\/\"},{\"@type\":\"ListItem\",\"position\":2,\"name\":\"Tienda\",\"item\":\"https:\/\/avonponmeaprueba.com\/col\/tienda\/\"},{\"@type\":\"ListItem\",\"position\":3,\"name\":\"Anew Ultimate con Protinol\"}]},{\"@type\":\"WebSite\",\"@id\":\"https:\/\/avonponmeaprueba.com\/col\/#website\",\"url\":\"https:\/\/avonponmeaprueba.com\/col\/\",\"name\":\"Avon - Ponme a Prueba\",\"description\":\"\",\"publisher\":{\"@id\":\"https:\/\/avonponmeaprueba.com\/col\/#organization\"},\"potentialAction\":[{\"@type\":\"SearchAction\",\"target\":{\"@type\":\"EntryPoint\",\"urlTemplate\":\"https:\/\/avonponmeaprueba.com\/col\/?s={search_term_string}\"},\"query-input\":{\"@type\":\"PropertyValueSpecification\",\"valueRequired\":true,\"valueName\":\"search_term_string\"}}],\"inLanguage\":\"es\"},{\"@type\":\"Organization\",\"@id\":\"https:\/\/avonponmeaprueba.com\/col\/#organization\",\"name\":\"Avon - Ponme a Prueba\",\"url\":\"https:\/\/avonponmeaprueba.com\/col\/\",\"logo\":{\"@type\":\"ImageObject\",\"inLanguage\":\"es\",\"@id\":\"https:\/\/avonponmeaprueba.com\/col\/#\/schema\/logo\/image\/\",\"url\":\"https:\/\/avonponmeaprueba.com\/col\/wp-content\/uploads\/2023\/05\/logo.png\",\"contentUrl\":\"https:\/\/avonponmeaprueba.com\/col\/wp-content\/uploads\/2023\/05\/logo.png\",\"width\":276,\"height\":278,\"caption\":\"Avon - Ponme a Prueba\"},\"image\":{\"@id\":\"https:\/\/avonponmeaprueba.com\/col\/#\/schema\/logo\/image\/\"},\"sameAs\":[\"https:\/\/www.facebook.com\/AvonCO\",\"https:\/\/x.com\/avon_colombia\",\"https:\/\/www.instagram.com\/avon_col\"]}]}<\/script>\n<!-- \/ Yoast SEO plugin. -->","yoast_head_json":{"title":"Anew Ultimate con Protinol - Avon - Ponme a Prueba","robots":{"index":"index","follow":"follow","max-snippet":"max-snippet:-1","max-image-preview":"max-image-preview:large","max-video-preview":"max-video-preview:-1"},"canonical":"https:\/\/avonponmeaprueba.com\/col\/producto\/anew-ultimate-con-protinol\/","og_locale":"es_ES","og_type":"article","og_title":"Anew Ultimate con Protinol - Avon - Ponme a Prueba","og_description":"\u00a1Conoce la revoluci\u00f3n del col\u00e1geno! Piel m\u00e1s fuerte y visiblemente m\u00e1s saludable con mayor vitalidad, volumen y firmeza. \u00bfQu\u00e9 es el protinol? -Es la tecnolog\u00eda creada y patentada por Avon Products Inc. que ayuda a estimular la producci\u00f3n de col\u00e1geno de la piel.\u00a0 -Cada crema de cuidado facial combina el Protinol con su tecnolog\u00eda espec\u00edfica [&hellip;]","og_url":"https:\/\/avonponmeaprueba.com\/col\/producto\/anew-ultimate-con-protinol\/","og_site_name":"Avon - Ponme a Prueba","article_publisher":"https:\/\/www.facebook.com\/AvonCO","article_modified_time":"2024-09-05T19:18:13+00:00","og_image":[{"url":"https:\/\/avonponmeaprueba.com\/col\/wp-content\/uploads\/2023\/06\/Sin-titulo-1_Mesa-de-trabajo-1-copia-9.jpg","width":1,"height":1,"type":"image\/jpeg"}],"twitter_card":"summary_large_image","twitter_site":"@avon_colombia","twitter_misc":{"Tiempo de lectura":"1 minuto"},"schema":{"@context":"https:\/\/schema.org","@graph":[{"@type":"WebPage","@id":"https:\/\/avonponmeaprueba.com\/col\/producto\/anew-ultimate-con-protinol\/","url":"https:\/\/avonponmeaprueba.com\/col\/producto\/anew-ultimate-con-protinol\/","name":"Anew Ultimate con Protinol - Avon - Ponme a Prueba","isPartOf":{"@id":"https:\/\/avonponmeaprueba.com\/col\/#website"},"primaryImageOfPage":{"@id":"https:\/\/avonponmeaprueba.com\/col\/producto\/anew-ultimate-con-protinol\/#primaryimage"},"image":{"@id":"https:\/\/avonponmeaprueba.com\/col\/producto\/anew-ultimate-con-protinol\/#primaryimage"},"thumbnailUrl":"https:\/\/avonponmeaprueba.com\/col\/wp-content\/uploads\/2023\/06\/Sin-titulo-1_Mesa-de-trabajo-1-copia-9-scaled.jpg","datePublished":"2023-05-29T04:00:38+00:00","dateModified":"2024-09-05T19:18:13+00:00","breadcrumb":{"@id":"https:\/\/avonponmeaprueba.com\/col\/producto\/anew-ultimate-con-protinol\/#breadcrumb"},"inLanguage":"es","potentialAction":[{"@type":"ReadAction","target":["https:\/\/avonponmeaprueba.com\/col\/producto\/anew-ultimate-con-protinol\/"]}]},{"@type":"ImageObject","inLanguage":"es","@id":"https:\/\/avonponmeaprueba.com\/col\/producto\/anew-ultimate-con-protinol\/#primaryimage","url":"https:\/\/avonponmeaprueba.com\/col\/wp-content\/uploads\/2023\/06\/Sin-titulo-1_Mesa-de-trabajo-1-copia-9-scaled.jpg","contentUrl":"https:\/\/avonponmeaprueba.com\/col\/wp-content\/uploads\/2023\/06\/Sin-titulo-1_Mesa-de-trabajo-1-copia-9-scaled.jpg","width":2560,"height":2560},{"@type":"BreadcrumbList","@id":"https:\/\/avonponmeaprueba.com\/col\/producto\/anew-ultimate-con-protinol\/#breadcrumb","itemListElement":[{"@type":"ListItem","position":1,"name":"Portada","item":"https:\/\/avonponmeaprueba.com\/col\/"},{"@type":"ListItem","position":2,"name":"Tienda","item":"https:\/\/avonponmeaprueba.com\/col\/tienda\/"},{"@type":"ListItem","position":3,"name":"Anew Ultimate con Protinol"}]},{"@type":"WebSite","@id":"https:\/\/avonponmeaprueba.com\/col\/#website","url":"https:\/\/avonponmeaprueba.com\/col\/","name":"Avon - Ponme a Prueba","description":"","publisher":{"@id":"https:\/\/avonponmeaprueba.com\/col\/#organization"},"potentialAction":[{"@type":"SearchAction","target":{"@type":"EntryPoint","urlTemplate":"https:\/\/avonponmeaprueba.com\/col\/?s={search_term_string}"},"query-input":{"@type":"PropertyValueSpecification","valueRequired":true,"valueName":"search_term_string"}}],"inLanguage":"es"},{"@type":"Organization","@id":"https:\/\/avonponmeaprueba.com\/col\/#organization","name":"Avon - Ponme a Prueba","url":"https:\/\/avonponmeaprueba.com\/col\/","logo":{"@type":"ImageObject","inLanguage":"es","@id":"https:\/\/avonponmeaprueba.com\/col\/#\/schema\/logo\/image\/","url":"https:\/\/avonponmeaprueba.com\/col\/wp-content\/uploads\/2023\/05\/logo.png","contentUrl":"https:\/\/avonponmeaprueba.com\/col\/wp-content\/uploads\/2023\/05\/logo.png","width":276,"height":278,"caption":"Avon - Ponme a Prueba"},"image":{"@id":"https:\/\/avonponmeaprueba.com\/col\/#\/schema\/logo\/image\/"},"sameAs":["https:\/\/www.facebook.com\/AvonCO","https:\/\/x.com\/avon_colombia","https:\/\/www.instagram.com\/avon_col"]}]}},"_links":{"self":[{"href":"https:\/\/avonponmeaprueba.com\/col\/wp-json\/wp\/v2\/product\/88","targetHints":{"allow":["GET"]}}],"collection":[{"href":"https:\/\/avonponmeaprueba.com\/col\/wp-json\/wp\/v2\/product"}],"about":[{"href":"https:\/\/avonponmeaprueba.com\/col\/wp-json\/wp\/v2\/types\/product"}],"replies":[{"embeddable":true,"href":"https:\/\/avonponmeaprueba.com\/col\/wp-json\/wp\/v2\/comments?post=88"}],"wp:featuredmedia":[{"embeddable":true,"href":"https:\/\/avonponmeaprueba.com\/col\/wp-json\/wp\/v2\/media\/556"}],"wp:attachment":[{"href":"https:\/\/avonponmeaprueba.com\/col\/wp-json\/wp\/v2\/media?parent=88"}],"wp:term":[{"taxonomy":"product_brand","embeddable":true,"href":"https:\/\/avonponmeaprueba.com\/col\/wp-json\/wp\/v2\/product_brand?post=88"},{"taxonomy":"product_cat","embeddable":true,"href":"https:\/\/avonponmeaprueba.com\/col\/wp-json\/wp\/v2\/product_cat?post=88"},{"taxonomy":"product_tag","embeddable":true,"href":"https:\/\/avonponmeaprueba.com\/col\/wp-json\/wp\/v2\/product_tag?post=88"}],"curies":[{"name":"wp","href":"https:\/\/api.w.org\/{rel}","templated":true}]}}