{"id":351,"date":"2023-06-07T00:08:36","date_gmt":"2023-06-06T19:08:36","guid":{"rendered":"https:\/\/avonponmeaprueba.com\/ecu\/?page_id=351"},"modified":"2023-11-10T19:11:39","modified_gmt":"2023-11-10T14:11:39","slug":"uso-de-imagen","status":"publish","type":"page","link":"https:\/\/avonponmeaprueba.com\/ecu\/uso-de-imagen\/","title":{"rendered":"Uso de imagen"},"content":{"rendered":"\t\t<div data-elementor-type=\"wp-page\" data-elementor-id=\"351\" class=\"elementor elementor-351\">\n\t\t\t\t\t\t\t<div class=\"elementor-element elementor-element-a9d0c8a e-flex e-con-boxed e-con e-parent\" data-id=\"a9d0c8a\" data-element_type=\"container\" data-settings=\"{&quot;container_type&quot;:&quot;flex&quot;,&quot;content_width&quot;:&quot;boxed&quot;}\" data-core-v316-plus=\"true\">\n\t\t\t\t\t<div class=\"e-con-inner\">\n\t\t\t\t<div class=\"elementor-element elementor-element-b638136 elementor-widget elementor-widget-heading\" data-id=\"b638136\" data-element_type=\"widget\" data-widget_type=\"heading.default\">\n\t\t\t\t<div class=\"elementor-widget-container\">\n\t\t\t<style>\/*! elementor - v3.17.0 - 08-11-2023 *\/\n.elementor-heading-title{padding:0;margin:0;line-height:1}.elementor-widget-heading .elementor-heading-title[class*=elementor-size-]>a{color:inherit;font-size:inherit;line-height:inherit}.elementor-widget-heading .elementor-heading-title.elementor-size-small{font-size:15px}.elementor-widget-heading .elementor-heading-title.elementor-size-medium{font-size:19px}.elementor-widget-heading .elementor-heading-title.elementor-size-large{font-size:29px}.elementor-widget-heading .elementor-heading-title.elementor-size-xl{font-size:39px}.elementor-widget-heading .elementor-heading-title.elementor-size-xxl{font-size:59px}<\/style><h2 class=\"elementor-heading-title elementor-size-default\">POL\u00cdTICA DE AUTORIZACI\u00d3N DE USO DE IMAGEN<\/h2>\t\t<\/div>\n\t\t\t\t<\/div>\n\t\t\t\t<div class=\"elementor-element elementor-element-45c410b elementor-widget elementor-widget-text-editor\" data-id=\"45c410b\" data-element_type=\"widget\" data-widget_type=\"text-editor.default\">\n\t\t\t\t<div class=\"elementor-widget-container\">\n\t\t\t<style>\/*! elementor - v3.17.0 - 08-11-2023 *\/\n.elementor-widget-text-editor.elementor-drop-cap-view-stacked .elementor-drop-cap{background-color:#69727d;color:#fff}.elementor-widget-text-editor.elementor-drop-cap-view-framed .elementor-drop-cap{color:#69727d;border:3px solid;background-color:transparent}.elementor-widget-text-editor:not(.elementor-drop-cap-view-default) .elementor-drop-cap{margin-top:8px}.elementor-widget-text-editor:not(.elementor-drop-cap-view-default) .elementor-drop-cap-letter{width:1em;height:1em}.elementor-widget-text-editor .elementor-drop-cap{float:left;text-align:center;line-height:1;font-size:50px}.elementor-widget-text-editor .elementor-drop-cap-letter{display:inline-block}<\/style>\t\t\t\t<p><strong style=\"font-style: inherit; color: var( --e-global-color-text ); font-family: var( --e-global-typography-text-font-family ), Sans-serif; text-align: var(--text-align); background-color: var(--ast-global-color-5);\">AUTORIZACI\u00d3N DE USO DE IMAGEN<\/strong><\/p><ol><li>Autorizo a N&amp;CO-ECUADOR S.A.S. y\/o alguna de las sociedades de su grupo (en <br \/>adelante &#8220;Avon&#8221;), para que capte mi Imagen (total o parcial) e interpretaciones, ya sea <br \/>en obras fotogr\u00e1ficas, audiovisuales o a trav\u00e9s de cualquier otro medio conocido o por <br \/>Se entender\u00e1 por &#8220;Imagen&#8221;, el nombre, seud\u00f3nimo, voz, firma, iniciales, <br \/>figura, fisonom\u00eda total o parcial del cuerpo y\/o cualquier s\u00edmbolo que se relacione con <br \/>mi identidad.<\/li><li>Tengo pleno conocimiento que la captaci\u00f3n de mi Imagen e interpretaciones se hace con fines publicitarios y\/o comerciales, espec\u00edficamente con el fin de divulgar en campa\u00f1as internas y externas de la Compa\u00f1\u00eda.<\/li><li>Conozco y acepto el alcance de la divulgaci\u00f3n p\u00fablica que podr\u00eda tener mi Imagen a <br \/>trav\u00e9s de las obras fotogr\u00e1ficas, audiovisuales o cualquier otro tipo de obra y a trav\u00e9s de cualquier medio, especialmente no limitadas a cualquier tipo de campa\u00f1a de <br \/>publicidad relacionada con el fin de divulgar en campa\u00f1as internas y externas de la <br \/>Compa\u00f1\u00eda. Incluyendo cualquier tipo de publicidad sea fija o m\u00f3vil, dirigida a trabajadores de Avon, representantes independientes de ventas o al p\u00fablico en general.<\/li><li>Mi autorizaci\u00f3n no tiene l\u00edmites en cuanto al \u00e1mbito geogr\u00e1fico, por lo que Avon podr\u00e1 <br \/>usar y ceder los derechos de explotaci\u00f3n sobre las fotograf\u00edas o videos, o partes de los <br \/>mismos en las que interviene mi Imagen sin l\u00edmite territorial alguno.<\/li><li>Mi autorizaci\u00f3n se refiere a la totalidad de usos que puedan tener las fotograf\u00edas y\/o videos en las que se capte mi Imagen con fines publicitarios y\/o comerciales, utilizando los medios t\u00e9cnicos conocidos en la actualidad y los que pudieran desarrollarse en el futuro para cualquier aplicaci\u00f3n en el medio.<\/li><li>Mi autorizaci\u00f3n para el uso de mi Imagen no tiene un l\u00edmite en tiempo, por lo cual Avon podr\u00e1 explotar las fotograf\u00edas y\/o videos, o parte de los mismos en las que aparezco, durante un t\u00e9rmino indefinido a partir del momento de la publicaci\u00f3n de los videos y las fotograf\u00edas tomadas.<\/li><li>Otorgo autorizaci\u00f3n exclusiva a Avon, para que utilice, transforme, reproduzca, divulgue y en general use como considere conveniente las obras donde aparezca mi Imagen e interpretaciones, pero no limit\u00e1ndose mi Imagen e interpretaciones en publicidad en medios, publicidad comercial, piezas en punto de venta, folletos, avisos en medios masivos, redes sociales, vallas publicitarias u otros.<\/li><li>Autorizo exclusivamente a Avon para que transforme, modifique, adapte, compendie, divulgue y en general use como considere conveniente las obras donde aparezca mi Imagen e interpretaciones, y que hayan sido creadas como consecuencia del presente documento.<\/li><li>No poseo ning\u00fan tipo de propiedad o dominio sobre las obras y\/o bienes donde aparezca mi Imagen o interpretaciones, ni ning\u00fan tipo de derecho que me permita usarlas sin autorizaci\u00f3n expresa y escrita de Avon.<\/li><li>Desisto a favor de Avon del derecho a reclamar cualquier indemnizaci\u00f3n asociada con <br \/>cualquier da\u00f1o o perjuicio que me sea causado por el uso profesional de las obras y\/o bienes donde se fije mi Imagen, a menos que se demuestre que tal uso fue con la \u00fanica intenci\u00f3n de perjudicar mi honor o reputaci\u00f3n.<\/li><li>Por medio del presente documento renuncio a todo derecho que pueda tener de inspeccionar y\/o aprobar la publicidad terminada en donde se fije o divulgue mi Imagen.<\/li><li>As\u00ed tambi\u00e9n renuncio a reclamar el reconocimiento de valor alguno asociado con la captaci\u00f3n de mi Imagen e interpretaciones, su divulgaci\u00f3n p\u00fablica a trav\u00e9s de cualquier medio, especialmente, pero no limitadas, a cualquier tipo de campa\u00f1a de publicidad.<br \/>relacionada con el fin de divulgar en campa\u00f1as internas y externas de la Compa\u00f1\u00eda.<\/li><li>Hare, suscribir\u00e9, reconocer\u00e9 y entregar\u00e9, directamente o por interpuesta persona, cualquier acto, escritura, cesi\u00f3n, documento y\/o traspaso, que sea solicitado por Avon para cumplir y llevar a cabo los t\u00e9rminos de este documento.<\/li><\/ol>\t\t\t\t\t\t<\/div>\n\t\t\t\t<\/div>\n\t\t\t\t\t<\/div>\n\t\t\t\t<\/div>\n\t\t\t\t\t\t\t<\/div>\n\t\t","protected":false},"excerpt":{"rendered":"<p>POL\u00cdTICA DE AUTORIZACI\u00d3N DE USO DE IMAGEN AUTORIZACI\u00d3N DE USO DE IMAGEN Autorizo a N&amp;CO-ECUADOR S.A.S. y\/o alguna de las sociedades de su grupo (en adelante &#8220;Avon&#8221;), para que capte mi Imagen (total o parcial) e interpretaciones, ya sea en obras fotogr\u00e1ficas, audiovisuales o a trav\u00e9s de cualquier otro medio conocido o por Se entender\u00e1 &hellip;<\/p>\n<p class=\"read-more\"> <a class=\"\" href=\"https:\/\/avonponmeaprueba.com\/ecu\/uso-de-imagen\/\"> <span class=\"screen-reader-text\">Uso de imagen<\/span> Leer m\u00e1s &raquo;<\/a><\/p>\n","protected":false},"author":1,"featured_media":0,"parent":0,"menu_order":0,"comment_status":"closed","ping_status":"closed","template":"","meta":{"site-sidebar-layout":"no-sidebar","site-content-layout":"page-builder","ast-site-content-layout":"","site-content-style":"default","site-sidebar-style":"default","ast-global-header-display":"","ast-banner-title-visibility":"","ast-main-header-display":"","ast-hfb-above-header-display":"","ast-hfb-below-header-display":"","ast-hfb-mobile-header-display":"","site-post-title":"disabled","ast-breadcrumbs-content":"","ast-featured-img":"disabled","footer-sml-layout":"","theme-transparent-header-meta":"","adv-header-id-meta":"","stick-header-meta":"","header-above-stick-meta":"","header-main-stick-meta":"","header-below-stick-meta":"","astra-migrate-meta-layouts":"","ast-page-background-enabled":"default","ast-page-background-meta":{"desktop":{"background-color":"var(--ast-global-color-4)","background-image":"","background-repeat":"repeat","background-position":"center center","background-size":"auto","background-attachment":"scroll","background-type":"","background-media":"","overlay-type":"","overlay-color":"","overlay-gradient":""},"tablet":{"background-color":"","background-image":"","background-repeat":"repeat","background-position":"center center","background-size":"auto","background-attachment":"scroll","background-type":"","background-media":"","overlay-type":"","overlay-color":"","overlay-gradient":""},"mobile":{"background-color":"","background-image":"","background-repeat":"repeat","background-position":"center center","background-size":"auto","background-attachment":"scroll","background-type":"","background-media":"","overlay-type":"","overlay-color":"","overlay-gradient":""}},"ast-content-background-meta":{"desktop":{"background-color":"var(--ast-global-color-5)","background-image":"","background-repeat":"repeat","background-position":"center center","background-size":"auto","background-attachment":"scroll","background-type":"","background-media":"","overlay-type":"","overlay-color":"","overlay-gradient":""},"tablet":{"background-color":"var(--ast-global-color-5)","background-image":"","background-repeat":"repeat","background-position":"center center","background-size":"auto","background-attachment":"scroll","background-type":"","background-media":"","overlay-type":"","overlay-color":"","overlay-gradient":""},"mobile":{"background-color":"var(--ast-global-color-5)","background-image":"","background-repeat":"repeat","background-position":"center center","background-size":"auto","background-attachment":"scroll","background-type":"","background-media":"","overlay-type":"","overlay-color":"","overlay-gradient":""}},"footnotes":""},"class_list":["post-351","page","type-page","status-publish","hentry"],"jetpack_sharing_enabled":true,"_links":{"self":[{"href":"https:\/\/avonponmeaprueba.com\/ecu\/wp-json\/wp\/v2\/pages\/351","targetHints":{"allow":["GET"]}}],"collection":[{"href":"https:\/\/avonponmeaprueba.com\/ecu\/wp-json\/wp\/v2\/pages"}],"about":[{"href":"https:\/\/avonponmeaprueba.com\/ecu\/wp-json\/wp\/v2\/types\/page"}],"author":[{"embeddable":true,"href":"https:\/\/avonponmeaprueba.com\/ecu\/wp-json\/wp\/v2\/users\/1"}],"replies":[{"embeddable":true,"href":"https:\/\/avonponmeaprueba.com\/ecu\/wp-json\/wp\/v2\/comments?post=351"}],"version-history":[{"count":15,"href":"https:\/\/avonponmeaprueba.com\/ecu\/wp-json\/wp\/v2\/pages\/351\/revisions"}],"predecessor-version":[{"id":747,"href":"https:\/\/avonponmeaprueba.com\/ecu\/wp-json\/wp\/v2\/pages\/351\/revisions\/747"}],"wp:attachment":[{"href":"https:\/\/avonponmeaprueba.com\/ecu\/wp-json\/wp\/v2\/media?parent=351"}],"curies":[{"name":"wp","href":"https:\/\/api.w.org\/{rel}","templated":true}]}}