{"id":454,"date":"2023-06-30T18:50:05","date_gmt":"2023-06-30T13:50:05","guid":{"rendered":"https:\/\/avonponmeaprueba.com\/ecu\/?page_id=454"},"modified":"2023-11-20T22:18:37","modified_gmt":"2023-11-20T17:18:37","slug":"proteccion-de-datos-personales","status":"publish","type":"page","link":"https:\/\/avonponmeaprueba.com\/ecu\/proteccion-de-datos-personales\/","title":{"rendered":"Protecci\u00f3n de datos personales"},"content":{"rendered":"\t\t<div data-elementor-type=\"wp-page\" data-elementor-id=\"454\" class=\"elementor elementor-454\">\n\t\t\t\t\t\t\t<div class=\"elementor-element elementor-element-ecf78bc e-flex e-con-boxed e-con e-parent\" data-id=\"ecf78bc\" data-element_type=\"container\" data-settings=\"{&quot;container_type&quot;:&quot;flex&quot;,&quot;content_width&quot;:&quot;boxed&quot;}\" data-core-v316-plus=\"true\">\n\t\t\t\t\t<div class=\"e-con-inner\">\n\t\t\t\t<div class=\"elementor-element elementor-element-38596a2 elementor-widget elementor-widget-heading\" data-id=\"38596a2\" data-element_type=\"widget\" data-widget_type=\"heading.default\">\n\t\t\t\t<div class=\"elementor-widget-container\">\n\t\t\t<style>\/*! elementor - v3.17.0 - 08-11-2023 *\/\n.elementor-heading-title{padding:0;margin:0;line-height:1}.elementor-widget-heading .elementor-heading-title[class*=elementor-size-]>a{color:inherit;font-size:inherit;line-height:inherit}.elementor-widget-heading .elementor-heading-title.elementor-size-small{font-size:15px}.elementor-widget-heading .elementor-heading-title.elementor-size-medium{font-size:19px}.elementor-widget-heading .elementor-heading-title.elementor-size-large{font-size:29px}.elementor-widget-heading .elementor-heading-title.elementor-size-xl{font-size:39px}.elementor-widget-heading .elementor-heading-title.elementor-size-xxl{font-size:59px}<\/style><h2 class=\"elementor-heading-title elementor-size-default\">PROTECCI\u00d3N DE DATOS PERSONALES<\/h2>\t\t<\/div>\n\t\t\t\t<\/div>\n\t\t\t\t<div class=\"elementor-element elementor-element-6a3a6f8 elementor-widget elementor-widget-text-editor\" data-id=\"6a3a6f8\" data-element_type=\"widget\" data-widget_type=\"text-editor.default\">\n\t\t\t\t<div class=\"elementor-widget-container\">\n\t\t\t<style>\/*! elementor - v3.17.0 - 08-11-2023 *\/\n.elementor-widget-text-editor.elementor-drop-cap-view-stacked .elementor-drop-cap{background-color:#69727d;color:#fff}.elementor-widget-text-editor.elementor-drop-cap-view-framed .elementor-drop-cap{color:#69727d;border:3px solid;background-color:transparent}.elementor-widget-text-editor:not(.elementor-drop-cap-view-default) .elementor-drop-cap{margin-top:8px}.elementor-widget-text-editor:not(.elementor-drop-cap-view-default) .elementor-drop-cap-letter{width:1em;height:1em}.elementor-widget-text-editor .elementor-drop-cap{float:left;text-align:center;line-height:1;font-size:50px}.elementor-widget-text-editor .elementor-drop-cap-letter{display:inline-block}<\/style>\t\t\t\t<p><strong>AUTORIZACI\u00d3N TRATAMIENTO DE DATOS PERSONALES<br \/><\/strong><br \/>Autorizaci\u00f3n:<br \/>Responsable del tratamiento: N&amp;CO-ECUADOR S.A.S. (en adelante \u201cAvon\u201d)<\/p><p>Finalidades: Gestionar su inscripci\u00f3n en la actividad y env\u00edo de informaci\u00f3n publicitaria de las marcas propias, eventos y ofertas, mediante mailing, SMS y correo directo.<\/p><p>Legitimaci\u00f3n: El inter\u00e9s leg\u00edtimo de Avon y, cuando corresponda, el propio consentimiento del usuario.<\/p><p>Acceso: Terceros a los que Avon haya encomendado servicios de mailing y de soporte t\u00e9cnico e inform\u00e1tico, as\u00ed como sociedades de su mismo grupo. En caso de inscripci\u00f3n a eventos de Avon organizados con terceros, sus datos podr\u00e1n ser cedidos a estos para la organizaci\u00f3n y gesti\u00f3n de los eventos.<\/p><p>Transferencia internacional: Puede que enviemos una parte o la totalidad de sus datos personales a sociedades del grupo, a nuestros proveedores de servicios y otras organizaciones internacionales que no se encuentren en territorio ecuatoriano. Para estas transferencias, Avon proporcionar\u00e1 las garant\u00edas adecuadas para proteger sus datos personales en un grado equivalente al nivel de protecci\u00f3n de datos en Ecuador.<\/p><p>Derechos: Puede retirar su consentimiento en cualquier momento, as\u00ed como ejercer sus derechos de acceso, eliminaci\u00f3n, rectificaci\u00f3n y actualizaci\u00f3n, oposici\u00f3n, suspensi\u00f3n, portabilidad, y, a no ser objeto de una decisi\u00f3n basada \u00fanica o parcialmente en valoraciones automatizadas.\u00a0<\/p>\t\t\t\t\t\t<\/div>\n\t\t\t\t<\/div>\n\t\t\t\t\t<\/div>\n\t\t\t\t<\/div>\n\t\t\t\t\t\t\t<\/div>\n\t\t","protected":false},"excerpt":{"rendered":"<p>PROTECCI\u00d3N DE DATOS PERSONALES AUTORIZACI\u00d3N TRATAMIENTO DE DATOS PERSONALESAutorizaci\u00f3n:Responsable del tratamiento: N&amp;CO-ECUADOR S.A.S. (en adelante \u201cAvon\u201d) Finalidades: Gestionar su inscripci\u00f3n en la actividad y env\u00edo de informaci\u00f3n publicitaria de las marcas propias, eventos y ofertas, mediante mailing, SMS y correo directo. Legitimaci\u00f3n: El inter\u00e9s leg\u00edtimo de Avon y, cuando corresponda, el propio consentimiento del usuario. &hellip;<\/p>\n<p class=\"read-more\"> <a class=\"\" href=\"https:\/\/avonponmeaprueba.com\/ecu\/proteccion-de-datos-personales\/\"> <span class=\"screen-reader-text\">Protecci\u00f3n de datos personales<\/span> Leer m\u00e1s &raquo;<\/a><\/p>\n","protected":false},"author":1,"featured_media":0,"parent":0,"menu_order":0,"comment_status":"closed","ping_status":"closed","template":"","meta":{"site-sidebar-layout":"no-sidebar","site-content-layout":"page-builder","ast-site-content-layout":"","site-content-style":"default","site-sidebar-style":"default","ast-global-header-display":"","ast-banner-title-visibility":"","ast-main-header-display":"","ast-hfb-above-header-display":"","ast-hfb-below-header-display":"","ast-hfb-mobile-header-display":"","site-post-title":"disabled","ast-breadcrumbs-content":"","ast-featured-img":"disabled","footer-sml-layout":"","theme-transparent-header-meta":"","adv-header-id-meta":"","stick-header-meta":"","header-above-stick-meta":"","header-main-stick-meta":"","header-below-stick-meta":"","astra-migrate-meta-layouts":"","ast-page-background-enabled":"default","ast-page-background-meta":{"desktop":{"background-color":"var(--ast-global-color-4)","background-image":"","background-repeat":"repeat","background-position":"center center","background-size":"auto","background-attachment":"scroll","background-type":"","background-media":"","overlay-type":"","overlay-color":"","overlay-gradient":""},"tablet":{"background-color":"","background-image":"","background-repeat":"repeat","background-position":"center center","background-size":"auto","background-attachment":"scroll","background-type":"","background-media":"","overlay-type":"","overlay-color":"","overlay-gradient":""},"mobile":{"background-color":"","background-image":"","background-repeat":"repeat","background-position":"center center","background-size":"auto","background-attachment":"scroll","background-type":"","background-media":"","overlay-type":"","overlay-color":"","overlay-gradient":""}},"ast-content-background-meta":{"desktop":{"background-color":"var(--ast-global-color-5)","background-image":"","background-repeat":"repeat","background-position":"center center","background-size":"auto","background-attachment":"scroll","background-type":"","background-media":"","overlay-type":"","overlay-color":"","overlay-gradient":""},"tablet":{"background-color":"var(--ast-global-color-5)","background-image":"","background-repeat":"repeat","background-position":"center center","background-size":"auto","background-attachment":"scroll","background-type":"","background-media":"","overlay-type":"","overlay-color":"","overlay-gradient":""},"mobile":{"background-color":"var(--ast-global-color-5)","background-image":"","background-repeat":"repeat","background-position":"center center","background-size":"auto","background-attachment":"scroll","background-type":"","background-media":"","overlay-type":"","overlay-color":"","overlay-gradient":""}},"footnotes":""},"class_list":["post-454","page","type-page","status-publish","hentry"],"jetpack_sharing_enabled":true,"_links":{"self":[{"href":"https:\/\/avonponmeaprueba.com\/ecu\/wp-json\/wp\/v2\/pages\/454","targetHints":{"allow":["GET"]}}],"collection":[{"href":"https:\/\/avonponmeaprueba.com\/ecu\/wp-json\/wp\/v2\/pages"}],"about":[{"href":"https:\/\/avonponmeaprueba.com\/ecu\/wp-json\/wp\/v2\/types\/page"}],"author":[{"embeddable":true,"href":"https:\/\/avonponmeaprueba.com\/ecu\/wp-json\/wp\/v2\/users\/1"}],"replies":[{"embeddable":true,"href":"https:\/\/avonponmeaprueba.com\/ecu\/wp-json\/wp\/v2\/comments?post=454"}],"version-history":[{"count":16,"href":"https:\/\/avonponmeaprueba.com\/ecu\/wp-json\/wp\/v2\/pages\/454\/revisions"}],"predecessor-version":[{"id":769,"href":"https:\/\/avonponmeaprueba.com\/ecu\/wp-json\/wp\/v2\/pages\/454\/revisions\/769"}],"wp:attachment":[{"href":"https:\/\/avonponmeaprueba.com\/ecu\/wp-json\/wp\/v2\/media?parent=454"}],"curies":[{"name":"wp","href":"https:\/\/api.w.org\/{rel}","templated":true}]}}