{"id":612,"date":"2023-10-10T22:53:44","date_gmt":"2023-10-10T17:53:44","guid":{"rendered":"https:\/\/avonponmeaprueba.com\/ecu\/?page_id=612"},"modified":"2023-11-21T00:16:54","modified_gmt":"2023-11-20T19:16:54","slug":"ponmeaprueba","status":"publish","type":"page","link":"https:\/\/avonponmeaprueba.com\/ecu\/ponmeaprueba\/","title":{"rendered":"#PONMEAPRUEBA"},"content":{"rendered":"\t\t<div data-elementor-type=\"wp-page\" data-elementor-id=\"612\" class=\"elementor elementor-612\">\n\t\t\t\t\t\t\t\t\t<section class=\"elementor-section elementor-top-section elementor-element elementor-element-bb15a94 elementor-section-full_width elementor-section-height-default elementor-section-height-default\" data-id=\"bb15a94\" data-element_type=\"section\">\n\t\t\t\t\t\t<div class=\"elementor-container elementor-column-gap-default\">\n\t\t\t\t\t<div class=\"elementor-column elementor-col-100 elementor-top-column elementor-element elementor-element-3e1a870\" data-id=\"3e1a870\" data-element_type=\"column\">\n\t\t\t<div class=\"elementor-widget-wrap elementor-element-populated\">\n\t\t\t\t\t\t\t\t<div class=\"elementor-element elementor-element-bad3ee7 elementor-pagination-position-inside elementor-arrows-position-inside elementor-widget elementor-widget-image-carousel\" data-id=\"bad3ee7\" data-element_type=\"widget\" data-settings=\"{&quot;slides_to_show&quot;:&quot;1&quot;,&quot;navigation&quot;:&quot;both&quot;,&quot;autoplay&quot;:&quot;yes&quot;,&quot;pause_on_hover&quot;:&quot;yes&quot;,&quot;pause_on_interaction&quot;:&quot;yes&quot;,&quot;autoplay_speed&quot;:5000,&quot;infinite&quot;:&quot;yes&quot;,&quot;effect&quot;:&quot;slide&quot;,&quot;speed&quot;:500}\" data-widget_type=\"image-carousel.default\">\n\t\t\t\t<div class=\"elementor-widget-container\">\n\t\t\t<style>\/*! elementor - v3.17.0 - 08-11-2023 *\/\n.elementor-widget-image-carousel .swiper,.elementor-widget-image-carousel .swiper-container{position:static}.elementor-widget-image-carousel .swiper-container .swiper-slide figure,.elementor-widget-image-carousel .swiper .swiper-slide figure{line-height:inherit}.elementor-widget-image-carousel .swiper-slide{text-align:center}.elementor-image-carousel-wrapper:not(.swiper-container-initialized):not(.swiper-initialized) .swiper-slide{max-width:calc(100% \/ var(--e-image-carousel-slides-to-show, 3))}<\/style>\t\t<div class=\"elementor-image-carousel-wrapper swiper\" dir=\"ltr\">\n\t\t\t<div class=\"elementor-image-carousel swiper-wrapper swiper-image-stretch\" aria-live=\"off\">\n\t\t\t\t\t\t\t\t<div class=\"swiper-slide\" role=\"group\" aria-roledescription=\"slide\" aria-label=\"1 de 1\"><figure class=\"swiper-slide-inner\"><img decoding=\"async\" class=\"swiper-slide-image\" src=\"https:\/\/avonponmeaprueba.com\/ecu\/wp-content\/uploads\/2023\/10\/pap.jpg\" alt=\"pap.jpg\" \/><\/figure><\/div>\t\t\t<\/div>\n\t\t\t\t\t<\/div>\n\t\t\t\t<\/div>\n\t\t\t\t<\/div>\n\t\t\t\t\t<\/div>\n\t\t<\/div>\n\t\t\t\t\t\t\t<\/div>\n\t\t<\/section>\n\t\t<div class=\"elementor-element elementor-element-422ef74 e-flex e-con-boxed e-con e-parent\" data-id=\"422ef74\" data-element_type=\"container\" data-settings=\"{&quot;container_type&quot;:&quot;flex&quot;,&quot;content_width&quot;:&quot;boxed&quot;}\" data-core-v316-plus=\"true\">\n\t\t\t\t\t<div class=\"e-con-inner\">\n\t\t\t\t<div class=\"elementor-element elementor-element-57945bb elementor-widget elementor-widget-text-editor\" data-id=\"57945bb\" data-element_type=\"widget\" data-widget_type=\"text-editor.default\">\n\t\t\t\t<div class=\"elementor-widget-container\">\n\t\t\t<style>\/*! elementor - v3.17.0 - 08-11-2023 *\/\n.elementor-widget-text-editor.elementor-drop-cap-view-stacked .elementor-drop-cap{background-color:#69727d;color:#fff}.elementor-widget-text-editor.elementor-drop-cap-view-framed .elementor-drop-cap{color:#69727d;border:3px solid;background-color:transparent}.elementor-widget-text-editor:not(.elementor-drop-cap-view-default) .elementor-drop-cap{margin-top:8px}.elementor-widget-text-editor:not(.elementor-drop-cap-view-default) .elementor-drop-cap-letter{width:1em;height:1em}.elementor-widget-text-editor .elementor-drop-cap{float:left;text-align:center;line-height:1;font-size:50px}.elementor-widget-text-editor .elementor-drop-cap-letter{display:inline-block}<\/style>\t\t\t\t<strong style=\"color: #d8094c;\">Te damos la bienvenida al lugar d\u00f3nde tu valoraci\u00f3n es lo m\u00e1s importante.<\/strong>\n\n\u00a1Cuando descubres algo realmente bueno te dan ganas de compartirlo!\n\nLa invitaci\u00f3n es a que pongas a prueba los productos Avon m\u00e1s amados del momento\ny nos cuentes tu experiencia.\n\n<strong>Si ya pusiste a prueba los productos que encuentras aqu\u00ed, calif\u00edcalo con estrellas<\/strong>\n<strong>y d\u00e9janos saber por qu\u00e9 le diste esta valoraci\u00f3n.<\/strong>\t\t\t\t\t\t<\/div>\n\t\t\t\t<\/div>\n\t\t\t\t\t<\/div>\n\t\t\t\t<\/div>\n\t\t<div class=\"elementor-element elementor-element-7dd8461 e-con-full e-flex e-con e-parent\" data-id=\"7dd8461\" data-element_type=\"container\" data-settings=\"{&quot;content_width&quot;:&quot;full&quot;,&quot;container_type&quot;:&quot;flex&quot;}\" data-core-v316-plus=\"true\">\n\t\t\t\t<div class=\"elementor-element elementor-element-8d09474 bdt-pagination-hide-yes bdt-carousel-style-carousel elementor-widget elementor-widget-prime-slider-tango\" data-id=\"8d09474\" data-element_type=\"widget\" data-widget_type=\"prime-slider-tango.default\">\n\t\t\t\t<div class=\"elementor-widget-container\">\n\t\t\t\t\t<div class=\"bdt-prime-slider\">\n\t\t<div id=\"bdt-prime-slider-8d09474\" class=\"bdt-prime-slider-tango elementor-swiper\" bdt-height-match=\"target: &gt; div &gt; div &gt; div &gt; .bdt-slider-item\" data-settings=\"{&quot;loop&quot;:true,&quot;speed&quot;:1200,&quot;slidesPerView&quot;:1,&quot;slidesPerGroup&quot;:1,&quot;centeredSlides&quot;:true,&quot;effect&quot;:&quot;carousel&quot;,&quot;breakpoints&quot;:{&quot;768&quot;:{&quot;slidesPerView&quot;:2,&quot;spaceBetween&quot;:0,&quot;slidesPerGroup&quot;:1},&quot;1024&quot;:{&quot;slidesPerView&quot;:3,&quot;spaceBetween&quot;:20,&quot;slidesPerGroup&quot;:1}},&quot;navigation&quot;:{&quot;nextEl&quot;:&quot;#bdt-prime-slider-8d09474 .bdt-navigation-next&quot;,&quot;prevEl&quot;:&quot;#bdt-prime-slider-8d09474 .bdt-navigation-prev&quot;},&quot;pagination&quot;:{&quot;el&quot;:&quot;#bdt-prime-slider-8d09474 .swiper-pagination&quot;,&quot;clickable&quot;:&quot;true&quot;},&quot;coverflowEffect&quot;:{&quot;rotate&quot;:0,&quot;stretch&quot;:180,&quot;depth&quot;:100,&quot;modifier&quot;:1,&quot;slideShadows&quot;:true}}\">\n\t\t\t<div class=\"swiper-tango swiper\">\n\t\t\t\t<div class=\"swiper-wrapper\">\n\t\t\n            <div class=\"swiper-slide bdt-item\">\n\t\t\t\t<div class=\"bdt-image-wrap\">\n\t\t\t\t\t<img decoding=\"async\" width=\"377\" height=\"472\" src=\"https:\/\/avonponmeaprueba.com\/ecu\/wp-content\/uploads\/2023\/10\/ponme2.png\" class=\"bdt-img\" alt=\"Item Two\" srcset=\"https:\/\/avonponmeaprueba.com\/ecu\/wp-content\/uploads\/2023\/10\/ponme2.png 377w, https:\/\/avonponmeaprueba.com\/ecu\/wp-content\/uploads\/2023\/10\/ponme2-240x300.png 240w\" sizes=\"(max-width: 377px) 100vw, 377px\" \/>\t\t\t\t<\/div>\n\t\t\t\t<div class=\"bdt-content-wrap\">\n\n\t\t\t\t\n\t\t\t\t\t\t\t\t\t<\/div>\n\t\t\t\t\t\t\t<\/div>\n\n        \n            <div class=\"swiper-slide bdt-item\">\n\t\t\t\t<div class=\"bdt-image-wrap\">\n\t\t\t\t\t<img decoding=\"async\" width=\"377\" height=\"472\" src=\"https:\/\/avonponmeaprueba.com\/ecu\/wp-content\/uploads\/2023\/10\/ponme1.png\" class=\"bdt-img\" alt=\"Item One\" srcset=\"https:\/\/avonponmeaprueba.com\/ecu\/wp-content\/uploads\/2023\/10\/ponme1.png 377w, https:\/\/avonponmeaprueba.com\/ecu\/wp-content\/uploads\/2023\/10\/ponme1-240x300.png 240w\" sizes=\"(max-width: 377px) 100vw, 377px\" \/>\t\t\t\t<\/div>\n\t\t\t\t<div class=\"bdt-content-wrap\">\n\n\t\t\t\t\n\t\t\t\t\t\t\t\t\t<\/div>\n\t\t\t\t\t\t\t<\/div>\n\n        \n            <div class=\"swiper-slide bdt-item\">\n\t\t\t\t<div class=\"bdt-image-wrap\">\n\t\t\t\t\t<img decoding=\"async\" width=\"377\" height=\"472\" src=\"https:\/\/avonponmeaprueba.com\/ecu\/wp-content\/uploads\/2023\/10\/ponme3.png\" class=\"bdt-img\" alt=\"Item Three\" srcset=\"https:\/\/avonponmeaprueba.com\/ecu\/wp-content\/uploads\/2023\/10\/ponme3.png 377w, https:\/\/avonponmeaprueba.com\/ecu\/wp-content\/uploads\/2023\/10\/ponme3-240x300.png 240w\" sizes=\"(max-width: 377px) 100vw, 377px\" \/>\t\t\t\t<\/div>\n\t\t\t\t<div class=\"bdt-content-wrap\">\n\n\t\t\t\t\n\t\t\t\t\t\t\t\t\t<\/div>\n\t\t\t\t\t\t\t<\/div>\n\n        \n            <div class=\"swiper-slide bdt-item\">\n\t\t\t\t<div class=\"bdt-image-wrap\">\n\t\t\t\t\t<img decoding=\"async\" width=\"2048\" height=\"2560\" src=\"https:\/\/avonponmeaprueba.com\/ecu\/wp-content\/uploads\/2023\/11\/Ampolletas-scaled.jpg\" class=\"bdt-img\" alt=\"\" srcset=\"https:\/\/avonponmeaprueba.com\/ecu\/wp-content\/uploads\/2023\/11\/Ampolletas-scaled.jpg 2048w, https:\/\/avonponmeaprueba.com\/ecu\/wp-content\/uploads\/2023\/11\/Ampolletas-240x300.jpg 240w, https:\/\/avonponmeaprueba.com\/ecu\/wp-content\/uploads\/2023\/11\/Ampolletas-819x1024.jpg 819w, https:\/\/avonponmeaprueba.com\/ecu\/wp-content\/uploads\/2023\/11\/Ampolletas-768x960.jpg 768w, https:\/\/avonponmeaprueba.com\/ecu\/wp-content\/uploads\/2023\/11\/Ampolletas-1229x1536.jpg 1229w, https:\/\/avonponmeaprueba.com\/ecu\/wp-content\/uploads\/2023\/11\/Ampolletas-1638x2048.jpg 1638w, https:\/\/avonponmeaprueba.com\/ecu\/wp-content\/uploads\/2023\/11\/Ampolletas-600x750.jpg 600w\" sizes=\"(max-width: 2048px) 100vw, 2048px\" \/>\t\t\t\t<\/div>\n\t\t\t\t<div class=\"bdt-content-wrap\">\n\n\t\t\t\t\n\t\t\t\t\t\t\t\t\t<\/div>\n\t\t\t\t\t\t\t<\/div>\n\n        \n            <div class=\"swiper-slide bdt-item\">\n\t\t\t\t<div class=\"bdt-image-wrap\">\n\t\t\t\t\t<img decoding=\"async\" width=\"2048\" height=\"2560\" src=\"https:\/\/avonponmeaprueba.com\/ecu\/wp-content\/uploads\/2023\/11\/Hydra-scaled.jpg\" class=\"bdt-img\" alt=\"\" srcset=\"https:\/\/avonponmeaprueba.com\/ecu\/wp-content\/uploads\/2023\/11\/Hydra-scaled.jpg 2048w, https:\/\/avonponmeaprueba.com\/ecu\/wp-content\/uploads\/2023\/11\/Hydra-240x300.jpg 240w, https:\/\/avonponmeaprueba.com\/ecu\/wp-content\/uploads\/2023\/11\/Hydra-819x1024.jpg 819w, https:\/\/avonponmeaprueba.com\/ecu\/wp-content\/uploads\/2023\/11\/Hydra-768x960.jpg 768w, https:\/\/avonponmeaprueba.com\/ecu\/wp-content\/uploads\/2023\/11\/Hydra-1229x1536.jpg 1229w, https:\/\/avonponmeaprueba.com\/ecu\/wp-content\/uploads\/2023\/11\/Hydra-1638x2048.jpg 1638w, https:\/\/avonponmeaprueba.com\/ecu\/wp-content\/uploads\/2023\/11\/Hydra-600x750.jpg 600w\" sizes=\"(max-width: 2048px) 100vw, 2048px\" \/>\t\t\t\t<\/div>\n\t\t\t\t<div class=\"bdt-content-wrap\">\n\n\t\t\t\t\n\t\t\t\t\t\t\t\t\t<\/div>\n\t\t\t\t\t\t\t<\/div>\n\n        \n            <div class=\"swiper-slide bdt-item\">\n\t\t\t\t<div class=\"bdt-image-wrap\">\n\t\t\t\t\t<img decoding=\"async\" width=\"2048\" height=\"2560\" src=\"https:\/\/avonponmeaprueba.com\/ecu\/wp-content\/uploads\/2023\/11\/Serum-1-scaled.jpg\" class=\"bdt-img\" alt=\"\" srcset=\"https:\/\/avonponmeaprueba.com\/ecu\/wp-content\/uploads\/2023\/11\/Serum-1-scaled.jpg 2048w, https:\/\/avonponmeaprueba.com\/ecu\/wp-content\/uploads\/2023\/11\/Serum-1-240x300.jpg 240w, https:\/\/avonponmeaprueba.com\/ecu\/wp-content\/uploads\/2023\/11\/Serum-1-819x1024.jpg 819w, https:\/\/avonponmeaprueba.com\/ecu\/wp-content\/uploads\/2023\/11\/Serum-1-768x960.jpg 768w, https:\/\/avonponmeaprueba.com\/ecu\/wp-content\/uploads\/2023\/11\/Serum-1-1229x1536.jpg 1229w, https:\/\/avonponmeaprueba.com\/ecu\/wp-content\/uploads\/2023\/11\/Serum-1-1638x2048.jpg 1638w, https:\/\/avonponmeaprueba.com\/ecu\/wp-content\/uploads\/2023\/11\/Serum-1-600x750.jpg 600w\" sizes=\"(max-width: 2048px) 100vw, 2048px\" \/>\t\t\t\t<\/div>\n\t\t\t\t<div class=\"bdt-content-wrap\">\n\n\t\t\t\t\n\t\t\t\t\t\t\t\t\t<\/div>\n\t\t\t\t\t\t\t<\/div>\n\n        \n            <div class=\"swiper-slide bdt-item\">\n\t\t\t\t<div class=\"bdt-image-wrap\">\n\t\t\t\t\t<img decoding=\"async\" width=\"2048\" height=\"2560\" src=\"https:\/\/avonponmeaprueba.com\/ecu\/wp-content\/uploads\/2023\/11\/Today-scaled.jpg\" class=\"bdt-img\" alt=\"\" srcset=\"https:\/\/avonponmeaprueba.com\/ecu\/wp-content\/uploads\/2023\/11\/Today-scaled.jpg 2048w, https:\/\/avonponmeaprueba.com\/ecu\/wp-content\/uploads\/2023\/11\/Today-240x300.jpg 240w, https:\/\/avonponmeaprueba.com\/ecu\/wp-content\/uploads\/2023\/11\/Today-819x1024.jpg 819w, https:\/\/avonponmeaprueba.com\/ecu\/wp-content\/uploads\/2023\/11\/Today-768x960.jpg 768w, https:\/\/avonponmeaprueba.com\/ecu\/wp-content\/uploads\/2023\/11\/Today-1229x1536.jpg 1229w, https:\/\/avonponmeaprueba.com\/ecu\/wp-content\/uploads\/2023\/11\/Today-1638x2048.jpg 1638w, https:\/\/avonponmeaprueba.com\/ecu\/wp-content\/uploads\/2023\/11\/Today-600x750.jpg 600w\" sizes=\"(max-width: 2048px) 100vw, 2048px\" \/>\t\t\t\t<\/div>\n\t\t\t\t<div class=\"bdt-content-wrap\">\n\n\t\t\t\t\n\t\t\t\t\t\t\t\t\t<\/div>\n\t\t\t\t\t\t\t<\/div>\n\n        \t\t\t\t<\/div>\n\t\t\t<\/div>\n\t\t\t\n\t\t\t\t\t\t\t\t\t\n\t\t\t<div class=\"swiper-pagination reveal-muted\"><\/div>\n\t\t\t<!-- <div class=\"swiper-scrollbar\"><\/div> -->\n\t\t\t\n\t\t\t\t\t\t\t\t\n\t\t\t\t\t\t<div class=\"bdt-arrows-center bdt-navigation-arrows bdt-position-z-index reveal-muted\">\n\t\t\t\t<div class=\"bdt-navigation-prev bdt-slidenav\"><i class=\"ps-wi-arrow-left-5\"><\/i><\/div>\n\t\t\t\t<div class=\"bdt-navigation-next bdt-slidenav\"><i class=\"ps-wi-arrow-right-5\"><\/i><\/div>\n\t\t\t<\/div>\n\t\t\t\n\t\t\t\t<\/div>\n\t\t<\/div>\n\n\t\t\t\t<\/div>\n\t\t\t\t<\/div>\n\t\t\t\t<\/div>\n\t\t<div class=\"elementor-element elementor-element-5419367 e-flex e-con-boxed e-con e-parent\" data-id=\"5419367\" data-element_type=\"container\" data-settings=\"{&quot;container_type&quot;:&quot;flex&quot;,&quot;content_width&quot;:&quot;boxed&quot;}\" data-core-v316-plus=\"true\">\n\t\t\t\t\t<div class=\"e-con-inner\">\n\t\t\t\t<div class=\"elementor-element elementor-element-728d1fe elementor-widget elementor-widget-text-editor\" data-id=\"728d1fe\" data-element_type=\"widget\" data-widget_type=\"text-editor.default\">\n\t\t\t\t<div class=\"elementor-widget-container\">\n\t\t\t\t\t\t\t<p>Millones de Consumidores, Representantes Independientes en todo<br \/>el mundo se enamoran y nos recomiendan.<\/p><p><strong>Productos de calidad internacional.<\/strong><\/p><p><strong style=\"color: #d8094c;\">#PONMEAPRUEBA<\/strong><\/p>\t\t\t\t\t\t<\/div>\n\t\t\t\t<\/div>\n\t\t\t\t<div class=\"elementor-element elementor-element-39c6803 elementor-widget elementor-widget-image\" data-id=\"39c6803\" data-element_type=\"widget\" data-widget_type=\"image.default\">\n\t\t\t\t<div class=\"elementor-widget-container\">\n\t\t\t<style>\/*! elementor - v3.17.0 - 08-11-2023 *\/\n.elementor-widget-image{text-align:center}.elementor-widget-image a{display:inline-block}.elementor-widget-image a img[src$=\".svg\"]{width:48px}.elementor-widget-image img{vertical-align:middle;display:inline-block}<\/style>\t\t\t\t\t\t\t\t\t\t\t\t<img decoding=\"async\" width=\"151\" height=\"76\" src=\"https:\/\/avonponmeaprueba.com\/ecu\/wp-content\/uploads\/2023\/10\/calidad.png\" class=\"attachment-large size-large wp-image-619\" alt=\"\" \/>\t\t\t\t\t\t\t\t\t\t\t\t\t\t\t<\/div>\n\t\t\t\t<\/div>\n\t\t\t\t\t<\/div>\n\t\t\t\t<\/div>\n\t\t\t\t\t\t\t<\/div>\n\t\t","protected":false},"excerpt":{"rendered":"<p>Te damos la bienvenida al lugar d\u00f3nde tu valoraci\u00f3n es lo m\u00e1s importante. \u00a1Cuando descubres algo realmente bueno te dan ganas de compartirlo! La invitaci\u00f3n es a que pongas a prueba los productos Avon m\u00e1s amados del momento y nos cuentes tu experiencia. Si ya pusiste a prueba los productos que encuentras aqu\u00ed, calif\u00edcalo con &hellip;<\/p>\n<p class=\"read-more\"> <a class=\"\" href=\"https:\/\/avonponmeaprueba.com\/ecu\/ponmeaprueba\/\"> <span class=\"screen-reader-text\">#PONMEAPRUEBA<\/span> Leer m\u00e1s &raquo;<\/a><\/p>\n","protected":false},"author":1,"featured_media":0,"parent":0,"menu_order":0,"comment_status":"closed","ping_status":"closed","template":"","meta":{"site-sidebar-layout":"no-sidebar","site-content-layout":"page-builder","ast-site-content-layout":"","site-content-style":"default","site-sidebar-style":"default","ast-global-header-display":"","ast-banner-title-visibility":"","ast-main-header-display":"","ast-hfb-above-header-display":"","ast-hfb-below-header-display":"","ast-hfb-mobile-header-display":"","site-post-title":"disabled","ast-breadcrumbs-content":"","ast-featured-img":"disabled","footer-sml-layout":"","theme-transparent-header-meta":"","adv-header-id-meta":"","stick-header-meta":"","header-above-stick-meta":"","header-main-stick-meta":"","header-below-stick-meta":"","astra-migrate-meta-layouts":"","ast-page-background-enabled":"default","ast-page-background-meta":{"desktop":{"background-color":"var(--ast-global-color-4)","background-image":"","background-repeat":"repeat","background-position":"center center","background-size":"auto","background-attachment":"scroll","background-type":"","background-media":"","overlay-type":"","overlay-color":"","overlay-gradient":""},"tablet":{"background-color":"","background-image":"","background-repeat":"repeat","background-position":"center center","background-size":"auto","background-attachment":"scroll","background-type":"","background-media":"","overlay-type":"","overlay-color":"","overlay-gradient":""},"mobile":{"background-color":"","background-image":"","background-repeat":"repeat","background-position":"center center","background-size":"auto","background-attachment":"scroll","background-type":"","background-media":"","overlay-type":"","overlay-color":"","overlay-gradient":""}},"ast-content-background-meta":{"desktop":{"background-color":"var(--ast-global-color-5)","background-image":"","background-repeat":"repeat","background-position":"center center","background-size":"auto","background-attachment":"scroll","background-type":"","background-media":"","overlay-type":"","overlay-color":"","overlay-gradient":""},"tablet":{"background-color":"var(--ast-global-color-5)","background-image":"","background-repeat":"repeat","background-position":"center center","background-size":"auto","background-attachment":"scroll","background-type":"","background-media":"","overlay-type":"","overlay-color":"","overlay-gradient":""},"mobile":{"background-color":"var(--ast-global-color-5)","background-image":"","background-repeat":"repeat","background-position":"center center","background-size":"auto","background-attachment":"scroll","background-type":"","background-media":"","overlay-type":"","overlay-color":"","overlay-gradient":""}},"footnotes":""},"class_list":["post-612","page","type-page","status-publish","hentry"],"jetpack_sharing_enabled":true,"_links":{"self":[{"href":"https:\/\/avonponmeaprueba.com\/ecu\/wp-json\/wp\/v2\/pages\/612","targetHints":{"allow":["GET"]}}],"collection":[{"href":"https:\/\/avonponmeaprueba.com\/ecu\/wp-json\/wp\/v2\/pages"}],"about":[{"href":"https:\/\/avonponmeaprueba.com\/ecu\/wp-json\/wp\/v2\/types\/page"}],"author":[{"embeddable":true,"href":"https:\/\/avonponmeaprueba.com\/ecu\/wp-json\/wp\/v2\/users\/1"}],"replies":[{"embeddable":true,"href":"https:\/\/avonponmeaprueba.com\/ecu\/wp-json\/wp\/v2\/comments?post=612"}],"version-history":[{"count":16,"href":"https:\/\/avonponmeaprueba.com\/ecu\/wp-json\/wp\/v2\/pages\/612\/revisions"}],"predecessor-version":[{"id":775,"href":"https:\/\/avonponmeaprueba.com\/ecu\/wp-json\/wp\/v2\/pages\/612\/revisions\/775"}],"wp:attachment":[{"href":"https:\/\/avonponmeaprueba.com\/ecu\/wp-json\/wp\/v2\/media?parent=612"}],"curies":[{"name":"wp","href":"https:\/\/api.w.org\/{rel}","templated":true}]}}