{"id":63,"date":"2023-05-17T17:59:31","date_gmt":"2023-05-17T17:59:31","guid":{"rendered":"https:\/\/avonponmeaprueba.com\/ecu\/?post_type=product&#038;p=63"},"modified":"2023-10-11T01:03:42","modified_gmt":"2023-10-10T20:03:42","slug":"labial-liquido-power-stay-stay","status":"publish","type":"product","link":"https:\/\/avonponmeaprueba.com\/ecu\/producto\/labial-liquido-power-stay-stay\/","title":{"rendered":"Labial L\u00edquido Power Stay"},"content":{"rendered":"<p><span style=\"font-weight: 400;\">Labial l\u00edquido mate de larga duraci\u00f3n \u00a1Intransferible!<\/span><\/p>\n<p><span style=\"font-weight: 400;\">Tu labial lleg\u00f3 para quedarse.<\/span><\/p>\n<p><span style=\"font-weight: 400;\">\u00bfQu\u00e9 esperas para sumarlo a tu look? No vas a querer dejar de usarlo Nunca.<\/span><\/p>\n<p><span style=\"font-weight: 400;\">\u00bfLo mejor? 16 horas de duraci\u00f3n \u00a1sin retoques!*\u00a0<\/span><\/p>\n<p><strong>Beneficios: <\/strong><span style=\"font-weight: 400;\">Acabado mate.\u00a0 Alta cobertura. Secado r\u00e1pido y con colores s\u00faper vibrantes.<\/span><\/p>\n<p><span style=\"font-weight: 400;\">7 ml.<\/span><\/p>\n<p><span style=\"font-weight: 400; font-size: 12px;\">*Basado en una prueba de percepci\u00f3n realizada con consumidores.<\/span><\/p>\n","protected":false},"excerpt":{"rendered":"<p>Labial l\u00edquido mate de larga duraci\u00f3n \u00a1Intransferible! Tu labial lleg\u00f3 para quedarse. \u00bfQu\u00e9 esperas para sumarlo a tu look? No vas a querer dejar de usarlo Nunca. \u00bfLo mejor? 16 horas de duraci\u00f3n \u00a1sin retoques!*\u00a0 Beneficios: Acabado mate.\u00a0 Alta cobertura. Secado r\u00e1pido y con colores s\u00faper vibrantes. 7 ml. *Basado en una prueba de percepci\u00f3n &hellip;<\/p>\n<p class=\"read-more\"> <a class=\"\" href=\"https:\/\/avonponmeaprueba.com\/ecu\/producto\/labial-liquido-power-stay-stay\/\"> <span class=\"screen-reader-text\">Labial L\u00edquido Power Stay<\/span> Leer m\u00e1s &raquo;<\/a><\/p>\n","protected":false},"featured_media":679,"comment_status":"open","ping_status":"closed","template":"","meta":{"site-sidebar-layout":"default","site-content-layout":"default","ast-site-content-layout":"","site-content-style":"default","site-sidebar-style":"default","ast-global-header-display":"","ast-banner-title-visibility":"","ast-main-header-display":"","ast-hfb-above-header-display":"","ast-hfb-below-header-display":"","ast-hfb-mobile-header-display":"","site-post-title":"","ast-breadcrumbs-content":"","ast-featured-img":"","footer-sml-layout":"","theme-transparent-header-meta":"default","adv-header-id-meta":"","stick-header-meta":"","header-above-stick-meta":"","header-main-stick-meta":"","header-below-stick-meta":"","astra-migrate-meta-layouts":"","ast-page-background-enabled":"default","ast-page-background-meta":{"desktop":{"background-color":"var(--ast-global-color-4)","background-image":"","background-repeat":"repeat","background-position":"center center","background-size":"auto","background-attachment":"scroll","background-type":"","background-media":"","overlay-type":"","overlay-color":"","overlay-gradient":""},"tablet":{"background-color":"","background-image":"","background-repeat":"repeat","background-position":"center center","background-size":"auto","background-attachment":"scroll","background-type":"","background-media":"","overlay-type":"","overlay-color":"","overlay-gradient":""},"mobile":{"background-color":"","background-image":"","background-repeat":"repeat","background-position":"center center","background-size":"auto","background-attachment":"scroll","background-type":"","background-media":"","overlay-type":"","overlay-color":"","overlay-gradient":""}},"ast-content-background-meta":{"desktop":{"background-color":"var(--ast-global-color-5)","background-image":"","background-repeat":"repeat","background-position":"center center","background-size":"auto","background-attachment":"scroll","background-type":"","background-media":"","overlay-type":"","overlay-color":"","overlay-gradient":""},"tablet":{"background-color":"var(--ast-global-color-5)","background-image":"","background-repeat":"repeat","background-position":"center center","background-size":"auto","background-attachment":"scroll","background-type":"","background-media":"","overlay-type":"","overlay-color":"","overlay-gradient":""},"mobile":{"background-color":"var(--ast-global-color-5)","background-image":"","background-repeat":"repeat","background-position":"center center","background-size":"auto","background-attachment":"scroll","background-type":"","background-media":"","overlay-type":"","overlay-color":"","overlay-gradient":""}}},"product_cat":[16],"product_tag":[],"class_list":{"0":"post-63","1":"product","2":"type-product","3":"status-publish","4":"has-post-thumbnail","6":"product_cat-maquillaje","7":"desktop-align-left","8":"tablet-align-left","9":"mobile-align-left","11":"first","12":"instock","13":"shipping-taxable","14":"product-type-simple"},"jetpack_sharing_enabled":true,"_links":{"self":[{"href":"https:\/\/avonponmeaprueba.com\/ecu\/wp-json\/wp\/v2\/product\/63","targetHints":{"allow":["GET"]}}],"collection":[{"href":"https:\/\/avonponmeaprueba.com\/ecu\/wp-json\/wp\/v2\/product"}],"about":[{"href":"https:\/\/avonponmeaprueba.com\/ecu\/wp-json\/wp\/v2\/types\/product"}],"replies":[{"embeddable":true,"href":"https:\/\/avonponmeaprueba.com\/ecu\/wp-json\/wp\/v2\/comments?post=63"}],"wp:featuredmedia":[{"embeddable":true,"href":"https:\/\/avonponmeaprueba.com\/ecu\/wp-json\/wp\/v2\/media\/679"}],"wp:attachment":[{"href":"https:\/\/avonponmeaprueba.com\/ecu\/wp-json\/wp\/v2\/media?parent=63"}],"wp:term":[{"taxonomy":"product_cat","embeddable":true,"href":"https:\/\/avonponmeaprueba.com\/ecu\/wp-json\/wp\/v2\/product_cat?post=63"},{"taxonomy":"product_tag","embeddable":true,"href":"https:\/\/avonponmeaprueba.com\/ecu\/wp-json\/wp\/v2\/product_tag?post=63"}],"curies":[{"name":"wp","href":"https:\/\/api.w.org\/{rel}","templated":true}]}}