{"id":66,"date":"2023-05-17T18:38:44","date_gmt":"2023-05-17T18:38:44","guid":{"rendered":"https:\/\/avonponmeaprueba.com\/ecu\/?post_type=product&#038;p=66"},"modified":"2023-11-20T21:46:29","modified_gmt":"2023-11-20T16:46:29","slug":"mascara-lash-genius-5-en-1","status":"publish","type":"product","link":"https:\/\/avonponmeaprueba.com\/ecu\/producto\/mascara-lash-genius-5-en-1\/","title":{"rendered":"M\u00e1scara Lash Genius 5 en 1"},"content":{"rendered":"<p><span style=\"font-weight: 400;\">Ponla a prueba y comprueba su calidad internacional.<\/span><\/p>\n<p><strong>Beneficios:<\/strong><\/p>\n<p><span style=\"font-weight: 400;\">-1 mascara 5 beneficios da: Volumen, alarga, define, eleva y da color negro intenso.<\/span><\/p>\n<p><span style=\"font-weight: 400;\">-Tiene una exclusiva f\u00f3rmula gel, con pigmento negro intenso, que aumenta la densidad, el volumen y el impacto de las pesta\u00f1as.<\/span><\/p>\n<p><span style=\"font-weight: 400;\">-Adem\u00e1s viene con un cepillo inteligente que levanta, estira y separa todas las pesta\u00f1as alcanzando hasta las m\u00e1s peque\u00f1as y dif\u00edciles gracias al dise\u00f1o de su punta h\u00e9lice.<\/span><\/p>\n<p><span style=\"font-weight: 400;\">10 ml.<\/span><\/p>\n","protected":false},"excerpt":{"rendered":"<p>Ponla a prueba y comprueba su calidad internacional. Beneficios: -1 mascara 5 beneficios da: Volumen, alarga, define, eleva y da color negro intenso. -Tiene una exclusiva f\u00f3rmula gel, con pigmento negro intenso, que aumenta la densidad, el volumen y el impacto de las pesta\u00f1as. -Adem\u00e1s viene con un cepillo inteligente que levanta, estira y separa &hellip;<\/p>\n<p class=\"read-more\"> <a class=\"\" href=\"https:\/\/avonponmeaprueba.com\/ecu\/producto\/mascara-lash-genius-5-en-1\/\"> <span class=\"screen-reader-text\">M\u00e1scara Lash Genius 5 en 1<\/span> Leer m\u00e1s &raquo;<\/a><\/p>\n","protected":false},"featured_media":737,"comment_status":"open","ping_status":"closed","template":"","meta":{"site-sidebar-layout":"default","site-content-layout":"default","ast-site-content-layout":"","site-content-style":"default","site-sidebar-style":"default","ast-global-header-display":"","ast-banner-title-visibility":"","ast-main-header-display":"","ast-hfb-above-header-display":"","ast-hfb-below-header-display":"","ast-hfb-mobile-header-display":"","site-post-title":"","ast-breadcrumbs-content":"","ast-featured-img":"","footer-sml-layout":"","theme-transparent-header-meta":"default","adv-header-id-meta":"","stick-header-meta":"","header-above-stick-meta":"","header-main-stick-meta":"","header-below-stick-meta":"","astra-migrate-meta-layouts":"","ast-page-background-enabled":"default","ast-page-background-meta":{"desktop":{"background-color":"var(--ast-global-color-4)","background-image":"","background-repeat":"repeat","background-position":"center center","background-size":"auto","background-attachment":"scroll","background-type":"","background-media":"","overlay-type":"","overlay-color":"","overlay-gradient":""},"tablet":{"background-color":"","background-image":"","background-repeat":"repeat","background-position":"center center","background-size":"auto","background-attachment":"scroll","background-type":"","background-media":"","overlay-type":"","overlay-color":"","overlay-gradient":""},"mobile":{"background-color":"","background-image":"","background-repeat":"repeat","background-position":"center center","background-size":"auto","background-attachment":"scroll","background-type":"","background-media":"","overlay-type":"","overlay-color":"","overlay-gradient":""}},"ast-content-background-meta":{"desktop":{"background-color":"var(--ast-global-color-5)","background-image":"","background-repeat":"repeat","background-position":"center center","background-size":"auto","background-attachment":"scroll","background-type":"","background-media":"","overlay-type":"","overlay-color":"","overlay-gradient":""},"tablet":{"background-color":"var(--ast-global-color-5)","background-image":"","background-repeat":"repeat","background-position":"center center","background-size":"auto","background-attachment":"scroll","background-type":"","background-media":"","overlay-type":"","overlay-color":"","overlay-gradient":""},"mobile":{"background-color":"var(--ast-global-color-5)","background-image":"","background-repeat":"repeat","background-position":"center center","background-size":"auto","background-attachment":"scroll","background-type":"","background-media":"","overlay-type":"","overlay-color":"","overlay-gradient":""}}},"product_cat":[16],"product_tag":[],"class_list":{"0":"post-66","1":"product","2":"type-product","3":"status-publish","4":"has-post-thumbnail","6":"product_cat-maquillaje","7":"desktop-align-left","8":"tablet-align-left","9":"mobile-align-left","11":"first","12":"instock","13":"shipping-taxable","14":"product-type-simple"},"jetpack_sharing_enabled":true,"_links":{"self":[{"href":"https:\/\/avonponmeaprueba.com\/ecu\/wp-json\/wp\/v2\/product\/66","targetHints":{"allow":["GET"]}}],"collection":[{"href":"https:\/\/avonponmeaprueba.com\/ecu\/wp-json\/wp\/v2\/product"}],"about":[{"href":"https:\/\/avonponmeaprueba.com\/ecu\/wp-json\/wp\/v2\/types\/product"}],"replies":[{"embeddable":true,"href":"https:\/\/avonponmeaprueba.com\/ecu\/wp-json\/wp\/v2\/comments?post=66"}],"wp:featuredmedia":[{"embeddable":true,"href":"https:\/\/avonponmeaprueba.com\/ecu\/wp-json\/wp\/v2\/media\/737"}],"wp:attachment":[{"href":"https:\/\/avonponmeaprueba.com\/ecu\/wp-json\/wp\/v2\/media?parent=66"}],"wp:term":[{"taxonomy":"product_cat","embeddable":true,"href":"https:\/\/avonponmeaprueba.com\/ecu\/wp-json\/wp\/v2\/product_cat?post=66"},{"taxonomy":"product_tag","embeddable":true,"href":"https:\/\/avonponmeaprueba.com\/ecu\/wp-json\/wp\/v2\/product_tag?post=66"}],"curies":[{"name":"wp","href":"https:\/\/api.w.org\/{rel}","templated":true}]}}