{"id":82,"date":"2023-05-17T19:56:03","date_gmt":"2023-05-17T14:56:03","guid":{"rendered":"https:\/\/avonponmeaprueba.com\/ecu\/?post_type=product&#038;p=82"},"modified":"2023-11-22T23:02:33","modified_gmt":"2023-11-22T18:02:33","slug":"ampolletas-anew-protinol","status":"publish","type":"product","link":"https:\/\/avonponmeaprueba.com\/ecu\/producto\/ampolletas-anew-protinol\/","title":{"rendered":"Anew Ampolletas de Restauraci\u00f3n con Protinol\u2122"},"content":{"rendered":"<p><span style=\"font-weight: 400;\">Ayuda a restaurar 7 a\u00f1os de p\u00e9rdida de col\u00e1geno en 7 d\u00edas.*<\/span><\/p>\n<p><span style=\"font-weight: 400;\">-Con la tecnolog\u00eda Protinol \u2122 patentada por Avon Products Inc, que ayuda a hidratar, reafirmar y rellenar dejando la piel con una apariencia m\u00e1s joven en s\u00f3lo 7 d\u00edas.<\/span><\/p>\n<p><span style=\"font-weight: 400;\">-En 7 d\u00edas tu piel se siente significativamente m\u00e1s firme y con l\u00edneas de expresi\u00f3n m\u00e1s suaves.<\/span><\/p>\n<p><span style=\"font-weight: 400; font-size: 12px;\">*7 Ampollas (1,3 ml cada una)<\/span><\/p>\n<p><em><span style=\"font-weight: 400; font-size: 12px;\">Resultados basados en pruebas con tejidos 3D y en pruebas de desarrollo del producto.<\/span><\/em><\/p>\n<p>&nbsp;<\/p>\n","protected":false},"excerpt":{"rendered":"<p>Ayuda a restaurar 7 a\u00f1os de p\u00e9rdida de col\u00e1geno en 7 d\u00edas.* -Con la tecnolog\u00eda Protinol \u2122 patentada por Avon Products Inc, que ayuda a hidratar, reafirmar y rellenar dejando la piel con una apariencia m\u00e1s joven en s\u00f3lo 7 d\u00edas. -En 7 d\u00edas tu piel se siente significativamente m\u00e1s firme y con l\u00edneas de &hellip;<\/p>\n<p class=\"read-more\"> <a class=\"\" href=\"https:\/\/avonponmeaprueba.com\/ecu\/producto\/ampolletas-anew-protinol\/\"> <span class=\"screen-reader-text\">Anew Ampolletas de Restauraci\u00f3n con Protinol\u2122<\/span> Leer m\u00e1s &raquo;<\/a><\/p>\n","protected":false},"featured_media":673,"comment_status":"open","ping_status":"closed","template":"","meta":{"site-sidebar-layout":"default","site-content-layout":"default","ast-site-content-layout":"","site-content-style":"default","site-sidebar-style":"default","ast-global-header-display":"","ast-banner-title-visibility":"","ast-main-header-display":"","ast-hfb-above-header-display":"","ast-hfb-below-header-display":"","ast-hfb-mobile-header-display":"","site-post-title":"","ast-breadcrumbs-content":"","ast-featured-img":"","footer-sml-layout":"","theme-transparent-header-meta":"default","adv-header-id-meta":"","stick-header-meta":"","header-above-stick-meta":"","header-main-stick-meta":"","header-below-stick-meta":"","astra-migrate-meta-layouts":"","ast-page-background-enabled":"default","ast-page-background-meta":{"desktop":{"background-color":"var(--ast-global-color-4)","background-image":"","background-repeat":"repeat","background-position":"center center","background-size":"auto","background-attachment":"scroll","background-type":"","background-media":"","overlay-type":"","overlay-color":"","overlay-gradient":""},"tablet":{"background-color":"","background-image":"","background-repeat":"repeat","background-position":"center center","background-size":"auto","background-attachment":"scroll","background-type":"","background-media":"","overlay-type":"","overlay-color":"","overlay-gradient":""},"mobile":{"background-color":"","background-image":"","background-repeat":"repeat","background-position":"center center","background-size":"auto","background-attachment":"scroll","background-type":"","background-media":"","overlay-type":"","overlay-color":"","overlay-gradient":""}},"ast-content-background-meta":{"desktop":{"background-color":"var(--ast-global-color-5)","background-image":"","background-repeat":"repeat","background-position":"center center","background-size":"auto","background-attachment":"scroll","background-type":"","background-media":"","overlay-type":"","overlay-color":"","overlay-gradient":""},"tablet":{"background-color":"var(--ast-global-color-5)","background-image":"","background-repeat":"repeat","background-position":"center center","background-size":"auto","background-attachment":"scroll","background-type":"","background-media":"","overlay-type":"","overlay-color":"","overlay-gradient":""},"mobile":{"background-color":"var(--ast-global-color-5)","background-image":"","background-repeat":"repeat","background-position":"center center","background-size":"auto","background-attachment":"scroll","background-type":"","background-media":"","overlay-type":"","overlay-color":"","overlay-gradient":""}}},"product_cat":[20],"product_tag":[],"class_list":{"0":"post-82","1":"product","2":"type-product","3":"status-publish","4":"has-post-thumbnail","6":"product_cat-rostro","7":"desktop-align-left","8":"tablet-align-left","9":"mobile-align-left","11":"first","12":"instock","13":"shipping-taxable","14":"product-type-simple"},"jetpack_sharing_enabled":true,"_links":{"self":[{"href":"https:\/\/avonponmeaprueba.com\/ecu\/wp-json\/wp\/v2\/product\/82","targetHints":{"allow":["GET"]}}],"collection":[{"href":"https:\/\/avonponmeaprueba.com\/ecu\/wp-json\/wp\/v2\/product"}],"about":[{"href":"https:\/\/avonponmeaprueba.com\/ecu\/wp-json\/wp\/v2\/types\/product"}],"replies":[{"embeddable":true,"href":"https:\/\/avonponmeaprueba.com\/ecu\/wp-json\/wp\/v2\/comments?post=82"}],"wp:featuredmedia":[{"embeddable":true,"href":"https:\/\/avonponmeaprueba.com\/ecu\/wp-json\/wp\/v2\/media\/673"}],"wp:attachment":[{"href":"https:\/\/avonponmeaprueba.com\/ecu\/wp-json\/wp\/v2\/media?parent=82"}],"wp:term":[{"taxonomy":"product_cat","embeddable":true,"href":"https:\/\/avonponmeaprueba.com\/ecu\/wp-json\/wp\/v2\/product_cat?post=82"},{"taxonomy":"product_tag","embeddable":true,"href":"https:\/\/avonponmeaprueba.com\/ecu\/wp-json\/wp\/v2\/product_tag?post=82"}],"curies":[{"name":"wp","href":"https:\/\/api.w.org\/{rel}","templated":true}]}}