{"id":83,"date":"2023-05-17T19:56:49","date_gmt":"2023-05-17T19:56:49","guid":{"rendered":"https:\/\/avonponmeaprueba.com\/ecu\/?post_type=product&#038;p=83"},"modified":"2025-04-10T07:53:37","modified_gmt":"2025-04-10T02:53:37","slug":"anew-hydra-pro-vita-d-crema-gel-facial","status":"publish","type":"product","link":"https:\/\/avonponmeaprueba.com\/ecu\/producto\/anew-hydra-pro-vita-d-crema-gel-facial\/","title":{"rendered":"Anew Hydra Pro Vita D crema-gel facial"},"content":{"rendered":"<p><span style=\"font-weight: 400;\">Ayuda a activar la Vitamina D* para una piel s\u00faper hidratada.**<\/span><\/p>\n<p><span style=\"font-weight: 400;\">Crema-gel facial con tecnolog\u00eda Pro-Vita D que ayudar a activar la vitamina D* que fortalece la barrera de la piel para ayudar a retener la hidrataci\u00f3n logrando una piel con apariencia saludable y luminosa.**<\/span><\/p>\n<p><span style=\"font-weight: 400;\">\u00a0<\/span><span style=\"font-weight: 400;\">72 horas de hidrataci\u00f3n para una piel con apariencia saludable y luminosa***<\/span><\/p>\n<p><span style=\"font-weight: 400;\">Contiene 50 g.<\/span><\/p>\n<p><strong>Caracter\u00edsticas:<\/strong><\/p>\n<p><span style=\"font-weight: 400;\">-Todas las edades.**** \u202f<\/span><\/p>\n<p><span style=\"font-weight: 400;\">-Textura ligera.<\/span><\/p>\n<p><span style=\"font-weight: 400;\">-No es grasosa.<\/span><\/p>\n<p><span style=\"font-weight: 400;\">-R\u00e1pida absorci\u00f3n.<\/span><\/p>\n<p><span style=\"font-weight: 400;\">-Crema para el d\u00eda y la noche. Tambi\u00e9n se puede usar como mascarilla\u00a0<\/span><\/p>\n<p><span style=\"font-weight: 400;\">Esta crema est\u00e1 formulada para ayudar a activar la vitamina D en un equivalente a 10 minutos de exposici\u00f3n al sol por d\u00eda**<\/span><\/p>\n<p><span style=\"font-weight: 400;\">\u00a1An\u00edmate a sumarla a tu rutina de todos los d\u00edas y potenciar tus resultados!<\/span><\/p>\n<hr \/>\n<p><em><span style=\"font-weight: 400; font-size: 12px;\">*Basado en estudios en c\u00e9lulas de la piel.<\/span><\/em><\/p>\n<p><span style=\"font-weight: 400; font-size: 12px;\">**Basado en pruebas con c\u00e9lulas cut\u00e1neas<\/span><\/p>\n<p><span style=\"font-weight: 400; font-size: 12px;\">***Basado en un estudio de eficacia cl\u00ednica.\u00a0<\/span><\/p>\n<p><span style=\"font-weight: 400; font-size: 12px;\">****A partir de los 25 a\u00f1os<\/span><\/p>\n","protected":false},"excerpt":{"rendered":"<p>Ayuda a activar la Vitamina D* para una piel s\u00faper hidratada.** Crema-gel facial con tecnolog\u00eda Pro-Vita D que ayudar a activar la vitamina D* que fortalece la barrera de la piel para ayudar a retener la hidrataci\u00f3n logrando una piel con apariencia saludable y luminosa.** \u00a072 horas de hidrataci\u00f3n para una piel con apariencia saludable &hellip;<\/p>\n<p class=\"read-more\"> <a class=\"\" href=\"https:\/\/avonponmeaprueba.com\/ecu\/producto\/anew-hydra-pro-vita-d-crema-gel-facial\/\"> <span class=\"screen-reader-text\">Anew Hydra Pro Vita D crema-gel facial<\/span> Leer m\u00e1s &raquo;<\/a><\/p>\n","protected":false},"featured_media":672,"comment_status":"open","ping_status":"closed","template":"","meta":{"site-sidebar-layout":"default","site-content-layout":"default","ast-site-content-layout":"","site-content-style":"default","site-sidebar-style":"default","ast-global-header-display":"","ast-banner-title-visibility":"","ast-main-header-display":"","ast-hfb-above-header-display":"","ast-hfb-below-header-display":"","ast-hfb-mobile-header-display":"","site-post-title":"","ast-breadcrumbs-content":"","ast-featured-img":"","footer-sml-layout":"","theme-transparent-header-meta":"default","adv-header-id-meta":"","stick-header-meta":"","header-above-stick-meta":"","header-main-stick-meta":"","header-below-stick-meta":"","astra-migrate-meta-layouts":"","ast-page-background-enabled":"default","ast-page-background-meta":{"desktop":{"background-color":"var(--ast-global-color-4)","background-image":"","background-repeat":"repeat","background-position":"center center","background-size":"auto","background-attachment":"scroll","background-type":"","background-media":"","overlay-type":"","overlay-color":"","overlay-gradient":""},"tablet":{"background-color":"","background-image":"","background-repeat":"repeat","background-position":"center center","background-size":"auto","background-attachment":"scroll","background-type":"","background-media":"","overlay-type":"","overlay-color":"","overlay-gradient":""},"mobile":{"background-color":"","background-image":"","background-repeat":"repeat","background-position":"center center","background-size":"auto","background-attachment":"scroll","background-type":"","background-media":"","overlay-type":"","overlay-color":"","overlay-gradient":""}},"ast-content-background-meta":{"desktop":{"background-color":"var(--ast-global-color-5)","background-image":"","background-repeat":"repeat","background-position":"center center","background-size":"auto","background-attachment":"scroll","background-type":"","background-media":"","overlay-type":"","overlay-color":"","overlay-gradient":""},"tablet":{"background-color":"var(--ast-global-color-5)","background-image":"","background-repeat":"repeat","background-position":"center center","background-size":"auto","background-attachment":"scroll","background-type":"","background-media":"","overlay-type":"","overlay-color":"","overlay-gradient":""},"mobile":{"background-color":"var(--ast-global-color-5)","background-image":"","background-repeat":"repeat","background-position":"center center","background-size":"auto","background-attachment":"scroll","background-type":"","background-media":"","overlay-type":"","overlay-color":"","overlay-gradient":""}}},"product_cat":[20],"product_tag":[],"class_list":{"0":"post-83","1":"product","2":"type-product","3":"status-publish","4":"has-post-thumbnail","6":"product_cat-rostro","7":"desktop-align-left","8":"tablet-align-left","9":"mobile-align-left","11":"first","12":"instock","13":"shipping-taxable","14":"product-type-simple"},"jetpack_sharing_enabled":true,"_links":{"self":[{"href":"https:\/\/avonponmeaprueba.com\/ecu\/wp-json\/wp\/v2\/product\/83","targetHints":{"allow":["GET"]}}],"collection":[{"href":"https:\/\/avonponmeaprueba.com\/ecu\/wp-json\/wp\/v2\/product"}],"about":[{"href":"https:\/\/avonponmeaprueba.com\/ecu\/wp-json\/wp\/v2\/types\/product"}],"replies":[{"embeddable":true,"href":"https:\/\/avonponmeaprueba.com\/ecu\/wp-json\/wp\/v2\/comments?post=83"}],"wp:featuredmedia":[{"embeddable":true,"href":"https:\/\/avonponmeaprueba.com\/ecu\/wp-json\/wp\/v2\/media\/672"}],"wp:attachment":[{"href":"https:\/\/avonponmeaprueba.com\/ecu\/wp-json\/wp\/v2\/media?parent=83"}],"wp:term":[{"taxonomy":"product_cat","embeddable":true,"href":"https:\/\/avonponmeaprueba.com\/ecu\/wp-json\/wp\/v2\/product_cat?post=83"},{"taxonomy":"product_tag","embeddable":true,"href":"https:\/\/avonponmeaprueba.com\/ecu\/wp-json\/wp\/v2\/product_tag?post=83"}],"curies":[{"name":"wp","href":"https:\/\/api.w.org\/{rel}","templated":true}]}}