{"id":84,"date":"2023-05-17T19:57:47","date_gmt":"2023-05-17T19:57:47","guid":{"rendered":"https:\/\/avonponmeaprueba.com\/ecu\/?post_type=product&#038;p=84"},"modified":"2023-10-11T00:43:57","modified_gmt":"2023-10-10T19:43:57","slug":"anew-serum-facial-antioxidante-vitamina-c","status":"publish","type":"product","link":"https:\/\/avonponmeaprueba.com\/ecu\/producto\/anew-serum-facial-antioxidante-vitamina-c\/","title":{"rendered":"Anew S\u00e9rum Vitamina C"},"content":{"rendered":"<p><span style=\"font-weight: 400;\">Comprueba el poder de la vitamina C sobre tu piel: 30 naranjas en 1 s\u00e9rum.<\/span><\/p>\n<p><span style=\"font-weight: 400;\">\u00a1Ponme a prueba y luce tu piel firme, rejuvenecida y luminosa!<\/span><\/p>\n<p><span style=\"font-weight: 400;\">Contenido: 30 ml<\/span><\/p>\n<p><strong>Beneficios:<\/strong><\/p>\n<p><span style=\"font-weight: 400;\">-Este s\u00e9rum proporciona vitamina C concentrada, un poderoso antioxidante, directamente sobre su piel para un impulso de luminosidad al instante.<\/span><\/p>\n<p><span style=\"font-weight: 400;\">-Tiene triple acci\u00f3n. Es antioxidante, brinda luminosidad y act\u00faa sobre las arrugas.<\/span><\/p>\n<p><span style=\"font-weight: 400;\">-Tiene 10% de concentraci\u00f3n de Vitamina C, un antioxidante que ayuda a combatir los efectos nocivos que producen los radicales libres y disminuir visiblemente la apariencia de arrugas, para un aspecto m\u00e1s fresco, luminoso y revitalizado*.<\/span><\/p>\n<p><strong>Recomendaci\u00f3n:<\/strong><\/p>\n<p><span style=\"font-weight: 400;\">-Puedes usarlo de d\u00eda y de noche antes de tu crema facial Anew. Adecuado para usar en el cuello y el pecho. Cl\u00ednicamente Probado. Alergicamente Probado. Probado por dermat\u00f3logos.<\/span><\/p>\n<p><span style=\"font-weight: 400;\">Adecuado para todo los tipos y tonos de piel.<\/span><\/p>\n<p><em><span style=\"font-weight: 400; font-size: 12px;\">* Basado en estudios de eficacia cl\u00ednica y de percepci\u00f3n con consumidores.<\/span><\/em><\/p>\n","protected":false},"excerpt":{"rendered":"<p>Comprueba el poder de la vitamina C sobre tu piel: 30 naranjas en 1 s\u00e9rum. \u00a1Ponme a prueba y luce tu piel firme, rejuvenecida y luminosa! Contenido: 30 ml Beneficios: -Este s\u00e9rum proporciona vitamina C concentrada, un poderoso antioxidante, directamente sobre su piel para un impulso de luminosidad al instante. -Tiene triple acci\u00f3n. Es antioxidante, &hellip;<\/p>\n<p class=\"read-more\"> <a class=\"\" href=\"https:\/\/avonponmeaprueba.com\/ecu\/producto\/anew-serum-facial-antioxidante-vitamina-c\/\"> <span class=\"screen-reader-text\">Anew S\u00e9rum Vitamina C<\/span> Leer m\u00e1s &raquo;<\/a><\/p>\n","protected":false},"featured_media":671,"comment_status":"open","ping_status":"closed","template":"","meta":{"site-sidebar-layout":"default","site-content-layout":"default","ast-site-content-layout":"","site-content-style":"default","site-sidebar-style":"default","ast-global-header-display":"","ast-banner-title-visibility":"","ast-main-header-display":"","ast-hfb-above-header-display":"","ast-hfb-below-header-display":"","ast-hfb-mobile-header-display":"","site-post-title":"","ast-breadcrumbs-content":"","ast-featured-img":"","footer-sml-layout":"","theme-transparent-header-meta":"default","adv-header-id-meta":"","stick-header-meta":"","header-above-stick-meta":"","header-main-stick-meta":"","header-below-stick-meta":"","astra-migrate-meta-layouts":"","ast-page-background-enabled":"default","ast-page-background-meta":{"desktop":{"background-color":"var(--ast-global-color-4)","background-image":"","background-repeat":"repeat","background-position":"center center","background-size":"auto","background-attachment":"scroll","background-type":"","background-media":"","overlay-type":"","overlay-color":"","overlay-gradient":""},"tablet":{"background-color":"","background-image":"","background-repeat":"repeat","background-position":"center center","background-size":"auto","background-attachment":"scroll","background-type":"","background-media":"","overlay-type":"","overlay-color":"","overlay-gradient":""},"mobile":{"background-color":"","background-image":"","background-repeat":"repeat","background-position":"center center","background-size":"auto","background-attachment":"scroll","background-type":"","background-media":"","overlay-type":"","overlay-color":"","overlay-gradient":""}},"ast-content-background-meta":{"desktop":{"background-color":"var(--ast-global-color-5)","background-image":"","background-repeat":"repeat","background-position":"center center","background-size":"auto","background-attachment":"scroll","background-type":"","background-media":"","overlay-type":"","overlay-color":"","overlay-gradient":""},"tablet":{"background-color":"var(--ast-global-color-5)","background-image":"","background-repeat":"repeat","background-position":"center center","background-size":"auto","background-attachment":"scroll","background-type":"","background-media":"","overlay-type":"","overlay-color":"","overlay-gradient":""},"mobile":{"background-color":"var(--ast-global-color-5)","background-image":"","background-repeat":"repeat","background-position":"center center","background-size":"auto","background-attachment":"scroll","background-type":"","background-media":"","overlay-type":"","overlay-color":"","overlay-gradient":""}}},"product_cat":[20],"product_tag":[],"class_list":{"0":"post-84","1":"product","2":"type-product","3":"status-publish","4":"has-post-thumbnail","6":"product_cat-rostro","7":"desktop-align-left","8":"tablet-align-left","9":"mobile-align-left","11":"first","12":"instock","13":"shipping-taxable","14":"product-type-simple"},"jetpack_sharing_enabled":true,"_links":{"self":[{"href":"https:\/\/avonponmeaprueba.com\/ecu\/wp-json\/wp\/v2\/product\/84","targetHints":{"allow":["GET"]}}],"collection":[{"href":"https:\/\/avonponmeaprueba.com\/ecu\/wp-json\/wp\/v2\/product"}],"about":[{"href":"https:\/\/avonponmeaprueba.com\/ecu\/wp-json\/wp\/v2\/types\/product"}],"replies":[{"embeddable":true,"href":"https:\/\/avonponmeaprueba.com\/ecu\/wp-json\/wp\/v2\/comments?post=84"}],"wp:featuredmedia":[{"embeddable":true,"href":"https:\/\/avonponmeaprueba.com\/ecu\/wp-json\/wp\/v2\/media\/671"}],"wp:attachment":[{"href":"https:\/\/avonponmeaprueba.com\/ecu\/wp-json\/wp\/v2\/media?parent=84"}],"wp:term":[{"taxonomy":"product_cat","embeddable":true,"href":"https:\/\/avonponmeaprueba.com\/ecu\/wp-json\/wp\/v2\/product_cat?post=84"},{"taxonomy":"product_tag","embeddable":true,"href":"https:\/\/avonponmeaprueba.com\/ecu\/wp-json\/wp\/v2\/product_tag?post=84"}],"curies":[{"name":"wp","href":"https:\/\/api.w.org\/{rel}","templated":true}]}}