{"id":85,"date":"2023-05-17T20:00:23","date_gmt":"2023-05-17T15:00:23","guid":{"rendered":"https:\/\/avonponmeaprueba.com\/ecu\/?post_type=product&#038;p=85"},"modified":"2023-11-23T00:30:31","modified_gmt":"2023-11-22T19:30:31","slug":"anew-reversalist-con-protinol","status":"publish","type":"product","link":"https:\/\/avonponmeaprueba.com\/ecu\/producto\/anew-reversalist-con-protinol\/","title":{"rendered":"Anew Reversalist con Protinol\u2122"},"content":{"rendered":"<p><span style=\"font-weight: 400;\">\u00a1Conoce la revoluci\u00f3n del col\u00e1geno!<\/span><\/p>\n<p><span style=\"font-weight: 400;\">Piel m\u00e1s fuerte y visiblemente m\u00e1s saludable con mayor vitalidad, volumen y firmeza.<\/span><\/p>\n<p><span style=\"font-weight: 400;\">\u00bfQu\u00e9 es el Protinol\u2122?<\/span><\/p>\n<p><span style=\"font-weight: 400;\">-Es la tecnolog\u00eda creada y patentada por Avon Products Inc. que ayuda a estimular la producci\u00f3n de col\u00e1geno de la piel.\u00a0<\/span><\/p>\n<p><span style=\"font-weight: 400;\">-Cada crema de cuidado facial combina el Protinol\u2122 con su tecnolog\u00eda espec\u00edfica logrando una f\u00f3rmula superior.<\/span><\/p>\n<p><span style=\"font-weight: 400;\">\u00bfQu\u00e9 es el col\u00e1geno?<\/span><\/p>\n<p><span style=\"font-weight: 400;\">El col\u00e1geno constituye el 80 % de la piel y, en consecuencia, es la prote\u00edna estructural m\u00e1s importante de la misma. El col\u00e1geno es la prote\u00edna m\u00e1s abundante en el cuerpo humano.\u00a0 Se halla en los huesos, los m\u00fasculos, la piel y los tendones. Su funci\u00f3n principal consiste en mantener unidas las partes del cuerpo. As\u00ed, esta sustancia, crea una especie de andamio que proporciona fuerza, estructura y soporte.\u00a0<\/span><\/p>\n<p><span style=\"font-weight: 400;\">\u00bfPor qu\u00e9 te va encantar las cremas Anew Reversalist de d\u00eda y noche?<\/span><\/p>\n<ul>\n<li style=\"font-weight: 400;\" aria-level=\"1\"><span style=\"font-weight: 400;\">Vitalidad y renovaci\u00f3n en tan s\u00f3lo 2 d\u00edas*.<\/span><\/li>\n<li style=\"font-weight: 400;\" aria-level=\"1\"><span style=\"font-weight: 400;\">Tiene Protinol\u2122 + Fitol que estimulan la producci\u00f3n de \u00e1cido hialur\u00f3nico para una piel m\u00e1s joven y con efecto relleno.<\/span><\/li>\n<\/ul>\n<p><span style=\"font-weight: 400;\">Crema de d\u00eda con FPS 25 \/ Crema de noche para mayores de 35 a\u00f1os<\/span><\/p>\n<p><span style=\"font-weight: 400;\">Contenido 50g.<\/span><\/p>\n<p><em><span style=\"font-weight: 400; font-size: 12px;\">*Resultados basados en un estudio de percepci\u00f3n de consumidores.<\/span>\u202f<\/em><\/p>\n","protected":false},"excerpt":{"rendered":"<p>\u00a1Conoce la revoluci\u00f3n del col\u00e1geno! Piel m\u00e1s fuerte y visiblemente m\u00e1s saludable con mayor vitalidad, volumen y firmeza. \u00bfQu\u00e9 es el Protinol\u2122? -Es la tecnolog\u00eda creada y patentada por Avon Products Inc. que ayuda a estimular la producci\u00f3n de col\u00e1geno de la piel.\u00a0 -Cada crema de cuidado facial combina el Protinol\u2122 con su tecnolog\u00eda espec\u00edfica &hellip;<\/p>\n<p class=\"read-more\"> <a class=\"\" href=\"https:\/\/avonponmeaprueba.com\/ecu\/producto\/anew-reversalist-con-protinol\/\"> <span class=\"screen-reader-text\">Anew Reversalist con Protinol\u2122<\/span> Leer m\u00e1s &raquo;<\/a><\/p>\n","protected":false},"featured_media":668,"comment_status":"open","ping_status":"closed","template":"","meta":{"site-sidebar-layout":"default","site-content-layout":"default","ast-site-content-layout":"","site-content-style":"default","site-sidebar-style":"default","ast-global-header-display":"","ast-banner-title-visibility":"","ast-main-header-display":"","ast-hfb-above-header-display":"","ast-hfb-below-header-display":"","ast-hfb-mobile-header-display":"","site-post-title":"","ast-breadcrumbs-content":"","ast-featured-img":"","footer-sml-layout":"","theme-transparent-header-meta":"default","adv-header-id-meta":"","stick-header-meta":"","header-above-stick-meta":"","header-main-stick-meta":"","header-below-stick-meta":"","astra-migrate-meta-layouts":"","ast-page-background-enabled":"default","ast-page-background-meta":{"desktop":{"background-color":"var(--ast-global-color-4)","background-image":"","background-repeat":"repeat","background-position":"center center","background-size":"auto","background-attachment":"scroll","background-type":"","background-media":"","overlay-type":"","overlay-color":"","overlay-gradient":""},"tablet":{"background-color":"","background-image":"","background-repeat":"repeat","background-position":"center center","background-size":"auto","background-attachment":"scroll","background-type":"","background-media":"","overlay-type":"","overlay-color":"","overlay-gradient":""},"mobile":{"background-color":"","background-image":"","background-repeat":"repeat","background-position":"center center","background-size":"auto","background-attachment":"scroll","background-type":"","background-media":"","overlay-type":"","overlay-color":"","overlay-gradient":""}},"ast-content-background-meta":{"desktop":{"background-color":"var(--ast-global-color-5)","background-image":"","background-repeat":"repeat","background-position":"center center","background-size":"auto","background-attachment":"scroll","background-type":"","background-media":"","overlay-type":"","overlay-color":"","overlay-gradient":""},"tablet":{"background-color":"var(--ast-global-color-5)","background-image":"","background-repeat":"repeat","background-position":"center center","background-size":"auto","background-attachment":"scroll","background-type":"","background-media":"","overlay-type":"","overlay-color":"","overlay-gradient":""},"mobile":{"background-color":"var(--ast-global-color-5)","background-image":"","background-repeat":"repeat","background-position":"center center","background-size":"auto","background-attachment":"scroll","background-type":"","background-media":"","overlay-type":"","overlay-color":"","overlay-gradient":""}}},"product_cat":[20],"product_tag":[],"class_list":{"0":"post-85","1":"product","2":"type-product","3":"status-publish","4":"has-post-thumbnail","6":"product_cat-rostro","7":"desktop-align-left","8":"tablet-align-left","9":"mobile-align-left","11":"first","12":"instock","13":"shipping-taxable","14":"product-type-simple"},"jetpack_sharing_enabled":true,"_links":{"self":[{"href":"https:\/\/avonponmeaprueba.com\/ecu\/wp-json\/wp\/v2\/product\/85","targetHints":{"allow":["GET"]}}],"collection":[{"href":"https:\/\/avonponmeaprueba.com\/ecu\/wp-json\/wp\/v2\/product"}],"about":[{"href":"https:\/\/avonponmeaprueba.com\/ecu\/wp-json\/wp\/v2\/types\/product"}],"replies":[{"embeddable":true,"href":"https:\/\/avonponmeaprueba.com\/ecu\/wp-json\/wp\/v2\/comments?post=85"}],"wp:featuredmedia":[{"embeddable":true,"href":"https:\/\/avonponmeaprueba.com\/ecu\/wp-json\/wp\/v2\/media\/668"}],"wp:attachment":[{"href":"https:\/\/avonponmeaprueba.com\/ecu\/wp-json\/wp\/v2\/media?parent=85"}],"wp:term":[{"taxonomy":"product_cat","embeddable":true,"href":"https:\/\/avonponmeaprueba.com\/ecu\/wp-json\/wp\/v2\/product_cat?post=85"},{"taxonomy":"product_tag","embeddable":true,"href":"https:\/\/avonponmeaprueba.com\/ecu\/wp-json\/wp\/v2\/product_tag?post=85"}],"curies":[{"name":"wp","href":"https:\/\/api.w.org\/{rel}","templated":true}]}}