{"id":300,"date":"2023-05-19T23:40:25","date_gmt":"2023-05-19T18:40:25","guid":{"rendered":"https:\/\/avonponmeaprueba.com\/per\/?post_type=product&#038;p=300"},"modified":"2023-06-08T02:46:14","modified_gmt":"2023-06-07T21:46:14","slug":"anew-efecto-lifting-tratmiento-dual-contorno-de-ojos","status":"publish","type":"product","link":"https:\/\/avonponmeaprueba.com\/per\/producto\/anew-efecto-lifting-tratmiento-dual-contorno-de-ojos\/","title":{"rendered":"Anew efecto lifting tratamiento dual contorno de ojos"},"content":{"rendered":"<p>Esta crema cuenta con Protinol \u2122 que ayuda a fortalecer la piel del contorno de los ojos aumentando la producci\u00f3n de col\u00e1geno.<br \/>\nSu sistema dual permitir\u00e1 que tengas un mejor rendimiento del producto.<br \/>\nCrema: piel m\u00e1s suave y firme. Ideal para el p\u00e1rpado inferior.<br \/>\nGel: levanta, reafirma y refresca. Ideal para el p\u00e1rpado superior.<\/p>\n","protected":false},"excerpt":{"rendered":"<p>Esta crema cuenta con Protinol \u2122 que ayuda a fortalecer la piel del contorno de los ojos aumentando la producci\u00f3n de col\u00e1geno. Su sistema dual permitir\u00e1 que tengas un mejor rendimiento del producto. Crema: piel m\u00e1s suave y firme. Ideal para el p\u00e1rpado inferior. Gel: levanta, reafirma y refresca. Ideal para el p\u00e1rpado superior.<\/p>\n","protected":false},"featured_media":301,"comment_status":"open","ping_status":"closed","template":"","meta":{"site-sidebar-layout":"default","site-content-layout":"default","ast-site-content-layout":"","site-content-style":"default","site-sidebar-style":"default","ast-global-header-display":"","ast-banner-title-visibility":"","ast-main-header-display":"","ast-hfb-above-header-display":"","ast-hfb-below-header-display":"","ast-hfb-mobile-header-display":"","site-post-title":"","ast-breadcrumbs-content":"","ast-featured-img":"","footer-sml-layout":"","theme-transparent-header-meta":"default","adv-header-id-meta":"","stick-header-meta":"","header-above-stick-meta":"","header-main-stick-meta":"","header-below-stick-meta":"","astra-migrate-meta-layouts":"default","ast-page-background-enabled":"default","ast-page-background-meta":{"desktop":{"background-color":"var(--ast-global-color-4)","background-image":"","background-repeat":"repeat","background-position":"center center","background-size":"auto","background-attachment":"scroll","background-type":"","background-media":"","overlay-type":"","overlay-color":"","overlay-opacity":"","overlay-gradient":""},"tablet":{"background-color":"","background-image":"","background-repeat":"repeat","background-position":"center center","background-size":"auto","background-attachment":"scroll","background-type":"","background-media":"","overlay-type":"","overlay-color":"","overlay-opacity":"","overlay-gradient":""},"mobile":{"background-color":"","background-image":"","background-repeat":"repeat","background-position":"center center","background-size":"auto","background-attachment":"scroll","background-type":"","background-media":"","overlay-type":"","overlay-color":"","overlay-opacity":"","overlay-gradient":""}},"ast-content-background-meta":{"desktop":{"background-color":"var(--ast-global-color-5)","background-image":"","background-repeat":"repeat","background-position":"center center","background-size":"auto","background-attachment":"scroll","background-type":"","background-media":"","overlay-type":"","overlay-color":"","overlay-opacity":"","overlay-gradient":""},"tablet":{"background-color":"var(--ast-global-color-5)","background-image":"","background-repeat":"repeat","background-position":"center center","background-size":"auto","background-attachment":"scroll","background-type":"","background-media":"","overlay-type":"","overlay-color":"","overlay-opacity":"","overlay-gradient":""},"mobile":{"background-color":"var(--ast-global-color-5)","background-image":"","background-repeat":"repeat","background-position":"center center","background-size":"auto","background-attachment":"scroll","background-type":"","background-media":"","overlay-type":"","overlay-color":"","overlay-opacity":"","overlay-gradient":""}}},"product_cat":[20],"product_tag":[],"class_list":{"0":"post-300","1":"product","2":"type-product","3":"status-publish","4":"has-post-thumbnail","6":"product_cat-rostro","7":"desktop-align-left","8":"tablet-align-left","9":"mobile-align-left","11":"first","12":"instock","13":"shipping-taxable","14":"product-type-simple"},"jetpack_sharing_enabled":true,"_links":{"self":[{"href":"https:\/\/avonponmeaprueba.com\/per\/wp-json\/wp\/v2\/product\/300","targetHints":{"allow":["GET"]}}],"collection":[{"href":"https:\/\/avonponmeaprueba.com\/per\/wp-json\/wp\/v2\/product"}],"about":[{"href":"https:\/\/avonponmeaprueba.com\/per\/wp-json\/wp\/v2\/types\/product"}],"replies":[{"embeddable":true,"href":"https:\/\/avonponmeaprueba.com\/per\/wp-json\/wp\/v2\/comments?post=300"}],"wp:featuredmedia":[{"embeddable":true,"href":"https:\/\/avonponmeaprueba.com\/per\/wp-json\/wp\/v2\/media\/301"}],"wp:attachment":[{"href":"https:\/\/avonponmeaprueba.com\/per\/wp-json\/wp\/v2\/media?parent=300"}],"wp:term":[{"taxonomy":"product_cat","embeddable":true,"href":"https:\/\/avonponmeaprueba.com\/per\/wp-json\/wp\/v2\/product_cat?post=300"},{"taxonomy":"product_tag","embeddable":true,"href":"https:\/\/avonponmeaprueba.com\/per\/wp-json\/wp\/v2\/product_tag?post=300"}],"curies":[{"name":"wp","href":"https:\/\/api.w.org\/{rel}","templated":true}]}}